{"id":28010,"date":"2025-09-23T15:58:46","date_gmt":"2025-09-23T15:58:46","guid":{"rendered":"https:\/\/whitelip.com\/?post_type=product&#038;p=28010"},"modified":"2026-04-08T06:26:42","modified_gmt":"2026-04-08T06:26:42","slug":"x-booster-cool-mint-caffeine","status":"publish","type":"product","link":"https:\/\/whitelip.com\/sk\/x-booster\/x-booster-cool-mint-caffeine\/","title":{"rendered":"X-BOOSTER Cool Mint Kofe\u00edn"},"content":{"rendered":"<h2>X-BOOSTER Cool Mint Kofe\u00edn<\/h2>\n<p class=\"\" data-start=\"76\" data-end=\"609\">Kofe\u00ednov\u00e9 vrec\u00fa\u0161ka X-BOOSTER Cool Mint prin\u00e1\u0161aj\u00fa jemn\u00fa a vyv\u00e1\u017een\u00fa m\u00e4tov\u00fa chu\u0165. Ka\u017ed\u00e9 tenk\u00e9 biele kofe\u00ednov\u00e9 vrec\u00fa\u0161ko obsahuje 80 mg kofe\u00ednu a pon\u00faka tak nakopnutie, ktor\u00e9 je vhodn\u00e9 pre v\u0161etk\u00fdch, ktor\u00ed maj\u00fa radi vyv\u00e1\u017een\u00fa chu\u0165 a stabiln\u00fa intenzitu. Diskr\u00e9tne, pohodln\u00e9 a bez \u0161kv\u0155n vrec\u00fa\u0161ka X-BOOSTER Cool Mint Caffeine s\u00fa vyroben\u00e9 spolo\u010dnos\u0165ou 77 Group, aby zabezpe\u010dili vysok\u00fa kvalitu, v\u00fdrazn\u00fa chu\u0165 a z\u00e1\u017eitok bez nikot\u00ednu.<\/p>\n<table>\n<tbody>\n<tr>\n<td><b>Atrib\u00fat<\/b><\/td>\n<td><b>Podrobnosti<\/b><\/td>\n<\/tr>\n<tr>\n<td><b>Obsah na plechovku<\/b><\/td>\n<td><span style=\"font-weight: 400;\">13 g (20 vrec\u00fa\u0161ok)<\/span><\/td>\n<\/tr>\n<tr>\n<td><b>Obsah nikot\u00ednu<\/b><\/td>\n<td><span style=\"font-weight: 400;\">80 mg\/s\u00e1\u010dok<\/span><\/td>\n<\/tr>\n<tr>\n<td><b>Form\u00e1t vrecka<\/b><\/td>\n<td><span style=\"font-weight: 400;\">Slim<\/span><\/td>\n<\/tr>\n<tr>\n<td><b>V\u00fdrobca<\/b><\/td>\n<td><span style=\"font-weight: 400;\">77 Skupina<\/span><\/td>\n<\/tr>\n<tr>\n<td><b>Pr\u00edchu\u0165<\/b><\/td>\n<td><span style=\"font-weight: 400;\">M\u00e4ta<\/span><\/td>\n<\/tr>\n<tr>\n<td><b>Typ<\/b><\/td>\n<td><span style=\"font-weight: 400;\">Celobiele vrecko<\/span><\/td>\n<\/tr>\n<\/tbody>\n<\/table>","protected":false},"excerpt":{"rendered":"<p>X-BOOSTER <strong data-start=\"10\" data-end=\"23\">Chladn\u00e1 m\u00e4ta<\/strong> poskytuje jemn\u00fa a vyv\u00e1\u017een\u00fa m\u00e4tu. Na str\u00e1nke . <strong data-start=\"62\" data-end=\"70\">\u0161t\u00edhly<\/strong>, biele vreck\u00e1 s\u00fa diskr\u00e9tne, pohodln\u00e9 a nezanech\u00e1vaj\u00fa \u0161kvrny. Ka\u017ed\u00e9 vrecko obsahuje <strong data-start=\"149\" data-end=\"167\">80 mg kofe\u00ednu<\/strong> pre stabiln\u00fa intenzitu. Vyroben\u00e9 spolo\u010dnos\u0165ou 77 Group pre vysok\u00fa kvalitu, v\u00fdrazn\u00fa chu\u0165 a z\u00e1\u017eitok bez nikot\u00ednu.<\/p>","protected":false},"featured_media":28015,"comment_status":"open","ping_status":"closed","template":"","format":[206],"meta":{"_acf_changed":false},"product_brand":[],"product_cat":[241],"product_tag":[],"flavours":[199],"nicotine":[242,243],"class_list":{"0":"post-28010","1":"product","2":"type-product","3":"status-publish","4":"has-post-thumbnail","6":"product_cat-x-booster","7":"pa_quantity-1-pack","8":"pa_quantity-10-pack","9":"pa_quantity-5-pack","10":"flavours-mint","11":"format-slim","12":"nicotine-0-mg-g","13":"nicotine-caffeine","15":"first","16":"instock","17":"taxable","18":"shipping-taxable","19":"purchasable","20":"product-type-variable"},"acf":[],"_links":{"self":[{"href":"https:\/\/whitelip.com\/sk\/wp-json\/wp\/v2\/product\/28010","targetHints":{"allow":["GET"]}}],"collection":[{"href":"https:\/\/whitelip.com\/sk\/wp-json\/wp\/v2\/product"}],"about":[{"href":"https:\/\/whitelip.com\/sk\/wp-json\/wp\/v2\/types\/product"}],"replies":[{"embeddable":true,"href":"https:\/\/whitelip.com\/sk\/wp-json\/wp\/v2\/comments?post=28010"}],"wp:featuredmedia":[{"embeddable":true,"href":"https:\/\/whitelip.com\/sk\/wp-json\/wp\/v2\/media\/28015"}],"wp:attachment":[{"href":"https:\/\/whitelip.com\/sk\/wp-json\/wp\/v2\/media?parent=28010"}],"wp:term":[{"taxonomy":"product_brand","embeddable":true,"href":"https:\/\/whitelip.com\/sk\/wp-json\/wp\/v2\/product_brand?post=28010"},{"taxonomy":"product_cat","embeddable":true,"href":"https:\/\/whitelip.com\/sk\/wp-json\/wp\/v2\/product_cat?post=28010"},{"taxonomy":"product_tag","embeddable":true,"href":"https:\/\/whitelip.com\/sk\/wp-json\/wp\/v2\/product_tag?post=28010"},{"taxonomy":"flavours","embeddable":true,"href":"https:\/\/whitelip.com\/sk\/wp-json\/wp\/v2\/flavours?post=28010"},{"taxonomy":"format","embeddable":true,"href":"https:\/\/whitelip.com\/sk\/wp-json\/wp\/v2\/format?post=28010"},{"taxonomy":"nicotine","embeddable":true,"href":"https:\/\/whitelip.com\/sk\/wp-json\/wp\/v2\/nicotine?post=28010"}],"curies":[{"name":"wp","href":"https:\/\/api.w.org\/{rel}","templated":true}]}}