{"id":27967,"date":"2025-09-23T12:50:06","date_gmt":"2025-09-23T12:50:06","guid":{"rendered":"https:\/\/whitelip.com\/?post_type=product&#038;p=27967"},"modified":"2026-04-21T10:11:46","modified_gmt":"2026-04-21T10:11:46","slug":"bjorn-watermelon-ice","status":"publish","type":"product","link":"https:\/\/whitelip.com\/sk\/bjorn\/bjorn-watermelon-ice\/","title":{"rendered":"BJ\u00d6RN Mel\u00f3nov\u00fd \u013ead"},"content":{"rendered":"<h2><strong>BJ\u00d6RN Mel\u00f3nov\u00fd \u013ead<\/strong><\/h2>\n<p class=\"\" data-start=\"76\" data-end=\"609\">Nikot\u00ednov\u00e9 vrec\u00fa\u0161ka BJ\u00d6RN Watermelon Ice prin\u00e1\u0161aj\u00fa \u0161\u0165avnat\u00fa sladkos\u0165 zrel\u00e9ho mel\u00f3na v kombin\u00e1cii s osvie\u017euj\u00facim \u013eadov\u00fdm chladiv\u00fdm efektom. Chu\u0165 je ovocn\u00e1, svie\u017ea a osvie\u017euj\u00faca a pon\u00faka osvie\u017euj\u00faci z\u00e1\u017eitok z vrec\u00fa\u0161ok, ktor\u00fd vynik\u00e1 medzi klasick\u00fdmi profilmi. Ka\u017ed\u00fd tenk\u00fd, celobiely vrec\u00fa\u0161ko obsahuje 19,5 mg nikot\u00ednu, \u010do poskytuje vysoko\u00fa\u010dinn\u00e9 nakopnutie ur\u010den\u00e9 pre sk\u00fasen\u00fdch u\u017e\u00edvate\u013eov, ktor\u00ed h\u013eadaj\u00fa chu\u0165 aj intenzitu. Diskr\u00e9tny, pohodln\u00fd a ne\u0161piniv\u00fd BJ\u00d6RN Watermelon Ice vyr\u00e1ba spolo\u010dnos\u0165 77 Group, aby zabezpe\u010dila prvotriednu kvalitu, v\u00fdrazn\u00fa chu\u0165 a alternat\u00edvu bez tabaku.<\/p>\n<table>\n<tbody>\n<tr>\n<td><b>Atrib\u00fat<\/b><\/td>\n<td><b>Podrobnosti<\/b><\/td>\n<\/tr>\n<tr>\n<td><b>Obsah na plechovku<\/b><\/td>\n<td><span style=\"font-weight: 400;\">13 g (20 vrec\u00fa\u0161ok)<\/span><\/td>\n<\/tr>\n<tr>\n<td><b>Obsah nikot\u00ednu<\/b><\/td>\n<td><span style=\"font-weight: 400;\">30 mg\/g (19,5 mg na vrec\u00fa\u0161ko)<\/span><\/td>\n<\/tr>\n<tr>\n<td><b>Form\u00e1t vrecka<\/b><\/td>\n<td><span style=\"font-weight: 400;\">Slim<\/span><\/td>\n<\/tr>\n<tr>\n<td><b>V\u00fdrobca<\/b><\/td>\n<td><span style=\"font-weight: 400;\">77 Skupina<\/span><\/td>\n<\/tr>\n<tr>\n<td><b>Pr\u00edchu\u0165<\/b><\/td>\n<td><span style=\"font-weight: 400;\">Mel\u00f3n a chladenie (mel\u00f3nov\u00fd \u013ead)<\/span><\/td>\n<\/tr>\n<tr>\n<td><b>Typ<\/b><\/td>\n<td><span style=\"font-weight: 400;\">Celobiele vrecko<\/span><\/td>\n<\/tr>\n<\/tbody>\n<\/table>","protected":false},"excerpt":{"rendered":"<p>\u0160\u0165avnat\u00e9, zrel\u00e9 <strong data-start=\"12\" data-end=\"43\">mel\u00f3n <\/strong>s \u013eadov\u00fdm chladen\u00edm pre ovocn\u00fd, svie\u017ei a osvie\u017euj\u00faci \u00fa\u010dinok. Na <strong data-start=\"87\" data-end=\"106\">\u0161t\u00edhly, <\/strong>Celobiele vrec\u00fa\u0161ka diskr\u00e9tne a pohodlne sedia pod perami a umo\u017e\u0148uj\u00fa \u010dist\u00e9 a kedyko\u013evek pou\u017eite\u013en\u00e9 pou\u017eitie. Ka\u017ed\u00e9 vrecko obsahuje <strong data-start=\"204\" data-end=\"224\">19,5 mg nikot\u00ednu<\/strong>, ktor\u00e1 prin\u00e1\u0161a vysoko\u00fa\u010dinn\u00fd kopanec pre sk\u00fasen\u00fdch u\u017e\u00edvate\u013eov, vytvoren\u00fd skupinou 77 Group vo form\u00e1te bez tabaku.<\/p>","protected":false},"featured_media":27971,"comment_status":"open","ping_status":"closed","template":"","format":[206],"meta":{"_acf_changed":false},"product_brand":[],"product_cat":[239],"product_tag":[16557],"flavours":[196],"nicotine":[221,233],"class_list":{"0":"post-27967","1":"product","2":"type-product","3":"status-publish","4":"has-post-thumbnail","6":"product_cat-bjorn","7":"product_tag-19-5-mg-pouch","8":"pa_quantity-1-pack","9":"pa_quantity-10-pack","10":"pa_quantity-3-pack","11":"pa_quantity-30-pack","12":"pa_quantity-5-pack","13":"pa_quantity-60-pack","14":"flavours-fruits-berries","15":"format-slim","16":"nicotine-30-mg-g","17":"nicotine-extreme","19":"first","20":"instock","21":"taxable","22":"shipping-taxable","23":"purchasable","24":"product-type-variable"},"acf":[],"_links":{"self":[{"href":"https:\/\/whitelip.com\/sk\/wp-json\/wp\/v2\/product\/27967","targetHints":{"allow":["GET"]}}],"collection":[{"href":"https:\/\/whitelip.com\/sk\/wp-json\/wp\/v2\/product"}],"about":[{"href":"https:\/\/whitelip.com\/sk\/wp-json\/wp\/v2\/types\/product"}],"replies":[{"embeddable":true,"href":"https:\/\/whitelip.com\/sk\/wp-json\/wp\/v2\/comments?post=27967"}],"wp:featuredmedia":[{"embeddable":true,"href":"https:\/\/whitelip.com\/sk\/wp-json\/wp\/v2\/media\/27971"}],"wp:attachment":[{"href":"https:\/\/whitelip.com\/sk\/wp-json\/wp\/v2\/media?parent=27967"}],"wp:term":[{"taxonomy":"product_brand","embeddable":true,"href":"https:\/\/whitelip.com\/sk\/wp-json\/wp\/v2\/product_brand?post=27967"},{"taxonomy":"product_cat","embeddable":true,"href":"https:\/\/whitelip.com\/sk\/wp-json\/wp\/v2\/product_cat?post=27967"},{"taxonomy":"product_tag","embeddable":true,"href":"https:\/\/whitelip.com\/sk\/wp-json\/wp\/v2\/product_tag?post=27967"},{"taxonomy":"flavours","embeddable":true,"href":"https:\/\/whitelip.com\/sk\/wp-json\/wp\/v2\/flavours?post=27967"},{"taxonomy":"format","embeddable":true,"href":"https:\/\/whitelip.com\/sk\/wp-json\/wp\/v2\/format?post=27967"},{"taxonomy":"nicotine","embeddable":true,"href":"https:\/\/whitelip.com\/sk\/wp-json\/wp\/v2\/nicotine?post=27967"}],"curies":[{"name":"wp","href":"https:\/\/api.w.org\/{rel}","templated":true}]}}