{"id":27961,"date":"2025-09-23T12:50:07","date_gmt":"2025-09-23T12:50:07","guid":{"rendered":"https:\/\/whitelip.com\/?post_type=product&#038;p=27961"},"modified":"2026-04-21T10:11:38","modified_gmt":"2026-04-21T10:11:38","slug":"bjorn-ice-berry-licorice","status":"publish","type":"product","link":"https:\/\/whitelip.com\/sk\/bjorn\/bjorn-ice-berry-licorice\/","title":{"rendered":"BJ\u00d6RN \u013dadov\u00e9 bobu\u013eov\u00e9 sladk\u00e9 drievko"},"content":{"rendered":"<h2><strong>BJ\u00d6RN \u013dadov\u00e9 bobu\u013eov\u00e9 sladk\u00e9 drievko<\/strong><\/h2>\n<p class=\"\" data-start=\"76\" data-end=\"609\">Nikot\u00ednov\u00e9 vrec\u00fa\u0161ka BJ\u00d6RN Ice Berry Licorice prin\u00e1\u0161aj\u00fa odv\u00e1\u017enu a v\u00fdrazn\u00fa zmes sladk\u00fdch, \u0161\u0165avnat\u00fdch bob\u00fa\u013e a bohatej, slanej h\u013abky seversk\u00e9ho sladk\u00e9ho drievka, zakon\u010den\u00fa osvie\u017euj\u00facim chladiv\u00fdm \u00fa\u010dinkom. Tento komplexn\u00fd chu\u0165ov\u00fd profil kombinuje ovocn\u00fa sladkos\u0165, slan\u00e9 t\u00f3ny a \u013eadov\u00fa svie\u017eos\u0165 pre skuto\u010dne jedine\u010dn\u00fd z\u00e1\u017eitok. Ka\u017ed\u00e9 tenk\u00e9, \u00faplne biele vrec\u00fa\u0161ko obsahuje 19,5 mg nikot\u00ednu, \u010do poskytuje vysoko\u00fa\u010dinn\u00e9 nakopnutie ur\u010den\u00e9 pre sk\u00fasen\u00fdch u\u017e\u00edvate\u013eov, ktor\u00ed h\u013eadaj\u00fa intenzitu aj originalitu. Diskr\u00e9tne, pohodln\u00e9 a bez \u0161kv\u0155n, BJ\u00d6RN Ice Berry Licorice vyr\u00e1ba spolo\u010dnos\u0165 77 Group, aby zabezpe\u010dila prvotriednu kvalitu, v\u00fdrazn\u00fa chu\u0165 a alternat\u00edvu bez tabaku.<\/p>\n<table>\n<tbody>\n<tr>\n<td><b>Atrib\u00fat<\/b><\/td>\n<td><b>Podrobnosti<\/b><\/td>\n<\/tr>\n<tr>\n<td><b>Obsah na plechovku<\/b><\/td>\n<td><span style=\"font-weight: 400;\">13 g (20 vrec\u00fa\u0161ok)<\/span><\/td>\n<\/tr>\n<tr>\n<td><b>Obsah nikot\u00ednu<\/b><\/td>\n<td><span style=\"font-weight: 400;\">30 mg\/g (19,5 mg na vrec\u00fa\u0161ko)<\/span><\/td>\n<\/tr>\n<tr>\n<td><b>Form\u00e1t vrecka<\/b><\/td>\n<td><span style=\"font-weight: 400;\">Slim<\/span><\/td>\n<\/tr>\n<tr>\n<td><b>V\u00fdrobca<\/b><\/td>\n<td><span style=\"font-weight: 400;\">77 Skupina<\/span><\/td>\n<\/tr>\n<tr>\n<td><b>Pr\u00edchu\u0165<\/b><\/td>\n<td><span style=\"font-weight: 400;\">Bobule, l\u00fa\u010dnica a chladenie (\u013eadov\u00e1 bobule a l\u00fa\u010dnica)<\/span><\/td>\n<\/tr>\n<tr>\n<td><b>Typ<\/b><\/td>\n<td><span style=\"font-weight: 400;\">Celobiele vrecko<\/span><\/td>\n<\/tr>\n<\/tbody>\n<\/table>","protected":false},"excerpt":{"rendered":"<p>Odv\u00e1\u017ene <strong data-start=\"5\" data-end=\"34\">bobu\u013eov\u00e9 a seversk\u00e9<\/strong> <strong>sladk\u00e9 drievko<\/strong> s \u010dist\u00fdm, chladiv\u00fdm z\u00e1verom a v\u00fdraznou sladko-slanou chu\u0165ou. Na str\u00e1nke . <strong data-start=\"107\" data-end=\"126\">\u0161t\u00edhly, <\/strong>Celobiele vrec\u00fa\u0161ka diskr\u00e9tne a pohodlne sedia pod perami a umo\u017e\u0148uj\u00fa \u010dist\u00e9 a kedyko\u013evek pou\u017eite\u013en\u00e9 pou\u017eitie. Ka\u017ed\u00e9 vrecko obsahuje <strong data-start=\"224\" data-end=\"244\">19,5 mg nikot\u00ednu<\/strong>, ktor\u00fd prin\u00e1\u0161a rozhoduj\u00faci vysoko\u00fa\u010dinn\u00fd kopanec pre sk\u00fasen\u00fdch u\u017e\u00edvate\u013eov, vytvoren\u00fd skupinou 77 Group vo form\u00e1te bez tabaku.<\/p>","protected":false},"featured_media":27965,"comment_status":"open","ping_status":"closed","template":"","format":[206],"meta":{"_acf_changed":false},"product_brand":[],"product_cat":[239],"product_tag":[16557],"flavours":[196,198],"nicotine":[221,233],"class_list":{"0":"post-27961","1":"product","2":"type-product","3":"status-publish","4":"has-post-thumbnail","6":"product_cat-bjorn","7":"product_tag-19-5-mg-pouch","8":"pa_quantity-1-pack","9":"pa_quantity-10-pack","10":"pa_quantity-3-pack","11":"pa_quantity-30-pack","12":"pa_quantity-5-pack","13":"pa_quantity-60-pack","14":"flavours-fruits-berries","15":"flavours-licorice","16":"format-slim","17":"nicotine-30-mg-g","18":"nicotine-extreme","20":"first","21":"instock","22":"taxable","23":"shipping-taxable","24":"purchasable","25":"product-type-variable","26":"has-default-attributes"},"acf":[],"_links":{"self":[{"href":"https:\/\/whitelip.com\/sk\/wp-json\/wp\/v2\/product\/27961","targetHints":{"allow":["GET"]}}],"collection":[{"href":"https:\/\/whitelip.com\/sk\/wp-json\/wp\/v2\/product"}],"about":[{"href":"https:\/\/whitelip.com\/sk\/wp-json\/wp\/v2\/types\/product"}],"replies":[{"embeddable":true,"href":"https:\/\/whitelip.com\/sk\/wp-json\/wp\/v2\/comments?post=27961"}],"wp:featuredmedia":[{"embeddable":true,"href":"https:\/\/whitelip.com\/sk\/wp-json\/wp\/v2\/media\/27965"}],"wp:attachment":[{"href":"https:\/\/whitelip.com\/sk\/wp-json\/wp\/v2\/media?parent=27961"}],"wp:term":[{"taxonomy":"product_brand","embeddable":true,"href":"https:\/\/whitelip.com\/sk\/wp-json\/wp\/v2\/product_brand?post=27961"},{"taxonomy":"product_cat","embeddable":true,"href":"https:\/\/whitelip.com\/sk\/wp-json\/wp\/v2\/product_cat?post=27961"},{"taxonomy":"product_tag","embeddable":true,"href":"https:\/\/whitelip.com\/sk\/wp-json\/wp\/v2\/product_tag?post=27961"},{"taxonomy":"flavours","embeddable":true,"href":"https:\/\/whitelip.com\/sk\/wp-json\/wp\/v2\/flavours?post=27961"},{"taxonomy":"format","embeddable":true,"href":"https:\/\/whitelip.com\/sk\/wp-json\/wp\/v2\/format?post=27961"},{"taxonomy":"nicotine","embeddable":true,"href":"https:\/\/whitelip.com\/sk\/wp-json\/wp\/v2\/nicotine?post=27961"}],"curies":[{"name":"wp","href":"https:\/\/api.w.org\/{rel}","templated":true}]}}