{"id":27956,"date":"2025-09-23T12:50:07","date_gmt":"2025-09-23T12:50:07","guid":{"rendered":"https:\/\/whitelip.com\/?post_type=product&#038;p=27956"},"modified":"2026-04-30T10:11:15","modified_gmt":"2026-04-30T10:11:15","slug":"bjorn-frozen-mint","status":"publish","type":"product","link":"https:\/\/whitelip.com\/sk\/bjorn\/bjorn-frozen-mint\/","title":{"rendered":"BJ\u00d6RN Mrazen\u00e1 m\u00e4ta"},"content":{"rendered":"<h2><strong>BJ\u00d6RN Mrazen\u00e1 m\u00e4ta<\/strong><\/h2>\n<p class=\"\" data-start=\"76\" data-end=\"609\">Nikot\u00ednov\u00e9 vrec\u00fa\u0161ka BJ\u00d6RN Frozen Mint prin\u00e1\u0161aj\u00fa \u013eadov\u00fd pr\u00edval \u010distej m\u00e4tovej pr\u00edchute, ktor\u00e1 pon\u00faka intenz\u00edvne osvie\u017euj\u00faci a chladiv\u00fd pocit pri ka\u017edom pou\u017eit\u00ed. Svie\u017ei m\u00e4tov\u00fd profil je v\u00fdrazn\u00fd a osvie\u017euj\u00faci, \u010do z neho rob\u00ed \u0161pi\u010dkov\u00fa vo\u013ebu pre t\u00fdch, ktor\u00ed maj\u00fa radi ostr\u00fd a mraziv\u00fd z\u00e1\u017eitok z vrec\u00fa\u0161ok. Ka\u017ed\u00e9 tenk\u00e9, \u00faplne biele vrec\u00fa\u0161ko obsahuje 19,5 mg nikot\u00ednu, \u010do poskytuje vysoko\u00fa\u010dinn\u00fd kopanec prisp\u00f4soben\u00fd sk\u00fasen\u00fdm u\u017e\u00edvate\u013eom. Diskr\u00e9tny, pohodln\u00fd a ne\u0161piniv\u00fd BJ\u00d6RN Frozen Mint je vyroben\u00fd spolo\u010dnos\u0165ou 77 Group, aby zabezpe\u010dil prvotriednu kvalitu, siln\u00fa chu\u0165 a alternat\u00edvu bez tabaku.<\/p>\n<table>\n<tbody>\n<tr>\n<td><b>Atrib\u00fat<\/b><\/td>\n<td><b>Podrobnosti<\/b><\/td>\n<\/tr>\n<tr>\n<td><b>Obsah na plechovku<\/b><\/td>\n<td><span style=\"font-weight: 400;\">13 g (20 vrec\u00fa\u0161ok)<\/span><\/td>\n<\/tr>\n<tr>\n<td><b>Obsah nikot\u00ednu<\/b><\/td>\n<td><span style=\"font-weight: 400;\">30 mg\/g (19,5 mg na vrec\u00fa\u0161ko)<\/span><\/td>\n<\/tr>\n<tr>\n<td><b>Form\u00e1t vrecka<\/b><\/td>\n<td><span style=\"font-weight: 400;\">Slim<\/span><\/td>\n<\/tr>\n<tr>\n<td><b>V\u00fdrobca<\/b><\/td>\n<td><span style=\"font-weight: 400;\">77 Skupina<\/span><\/td>\n<\/tr>\n<tr>\n<td><b>Pr\u00edchu\u0165<\/b><\/td>\n<td><span style=\"font-weight: 400;\">M\u00e4ta a chladenie (zmrazen\u00e1 m\u00e4ta)<\/span><\/td>\n<\/tr>\n<tr>\n<td><b>Typ<\/b><\/td>\n<td><span style=\"font-weight: 400;\">Celobiele vrecko<\/span><\/td>\n<\/tr>\n<\/tbody>\n<\/table>","protected":false},"excerpt":{"rendered":"<p>\u013dadov\u00fd, \u010dist\u00fd <strong data-start=\"10\" data-end=\"18\">m\u00e4ta<\/strong> s prudk\u00fdm osvie\u017euj\u00facim mraziv\u00fdm n\u00e1dychom. Na <strong data-start=\"63\" data-end=\"82\">\u0161t\u00edhly, <\/strong>Celobiele vrec\u00fa\u0161ka diskr\u00e9tne a pohodlne sedia pod perami a umo\u017e\u0148uj\u00fa \u010dist\u00e9 a kedyko\u013evek pou\u017eite\u013en\u00e9 pou\u017eitie. Ka\u017ed\u00e9 vrecko obsahuje <strong data-start=\"180\" data-end=\"200\">19,5 mg nikot\u00ednu<\/strong>, ktor\u00fd prin\u00e1\u0161a rozhoduj\u00faci vysoko\u00fa\u010dinn\u00fd z\u00e1sah pre sk\u00fasen\u00fdch u\u017e\u00edvate\u013eov, vytvoren\u00fd skupinou 77 Group vo form\u00e1te bez tabaku.<\/p>","protected":false},"featured_media":27960,"comment_status":"open","ping_status":"closed","template":"","format":[206],"meta":{"_acf_changed":false},"product_brand":[],"product_cat":[239],"product_tag":[16557],"flavours":[199],"nicotine":[221,233],"class_list":{"0":"post-27956","1":"product","2":"type-product","3":"status-publish","4":"has-post-thumbnail","6":"product_cat-bjorn","7":"product_tag-19-5-mg-pouch","8":"pa_quantity-1-pack","9":"pa_quantity-10-pack","10":"pa_quantity-3-pack","11":"pa_quantity-30-pack","12":"pa_quantity-5-pack","13":"pa_quantity-60-pack","14":"flavours-mint","15":"format-slim","16":"nicotine-30-mg-g","17":"nicotine-extreme","19":"first","20":"outofstock","21":"taxable","22":"shipping-taxable","23":"purchasable","24":"product-type-variable","25":"has-default-attributes"},"acf":[],"_links":{"self":[{"href":"https:\/\/whitelip.com\/sk\/wp-json\/wp\/v2\/product\/27956","targetHints":{"allow":["GET"]}}],"collection":[{"href":"https:\/\/whitelip.com\/sk\/wp-json\/wp\/v2\/product"}],"about":[{"href":"https:\/\/whitelip.com\/sk\/wp-json\/wp\/v2\/types\/product"}],"replies":[{"embeddable":true,"href":"https:\/\/whitelip.com\/sk\/wp-json\/wp\/v2\/comments?post=27956"}],"wp:featuredmedia":[{"embeddable":true,"href":"https:\/\/whitelip.com\/sk\/wp-json\/wp\/v2\/media\/27960"}],"wp:attachment":[{"href":"https:\/\/whitelip.com\/sk\/wp-json\/wp\/v2\/media?parent=27956"}],"wp:term":[{"taxonomy":"product_brand","embeddable":true,"href":"https:\/\/whitelip.com\/sk\/wp-json\/wp\/v2\/product_brand?post=27956"},{"taxonomy":"product_cat","embeddable":true,"href":"https:\/\/whitelip.com\/sk\/wp-json\/wp\/v2\/product_cat?post=27956"},{"taxonomy":"product_tag","embeddable":true,"href":"https:\/\/whitelip.com\/sk\/wp-json\/wp\/v2\/product_tag?post=27956"},{"taxonomy":"flavours","embeddable":true,"href":"https:\/\/whitelip.com\/sk\/wp-json\/wp\/v2\/flavours?post=27956"},{"taxonomy":"format","embeddable":true,"href":"https:\/\/whitelip.com\/sk\/wp-json\/wp\/v2\/format?post=27956"},{"taxonomy":"nicotine","embeddable":true,"href":"https:\/\/whitelip.com\/sk\/wp-json\/wp\/v2\/nicotine?post=27956"}],"curies":[{"name":"wp","href":"https:\/\/api.w.org\/{rel}","templated":true}]}}