{"id":27946,"date":"2025-09-23T12:50:07","date_gmt":"2025-09-23T12:50:07","guid":{"rendered":"https:\/\/whitelip.com\/?post_type=product&#038;p=27946"},"modified":"2026-04-21T10:11:46","modified_gmt":"2026-04-21T10:11:46","slug":"bjorn-rhub-elder-punch","status":"publish","type":"product","link":"https:\/\/whitelip.com\/sk\/bjorn\/bjorn-rhub-elder-punch\/","title":{"rendered":"BJ\u00d6RN Rhub-elder Punch"},"content":{"rendered":"<h2><strong>BJ\u00d6RN Rhub-elder Punch<\/strong><\/h2>\n<p class=\"\" data-start=\"76\" data-end=\"609\">Nikot\u00ednov\u00e9 vrec\u00fa\u0161ka BJ\u00d6RN Rhub-elder Punch prin\u00e1\u0161aj\u00fa odv\u00e1\u017enu a osvie\u017euj\u00facu kombin\u00e1ciu trpkej rebarbory a sladk\u00e9ho bazov\u00e9ho kvetu, ktor\u00e1 vytv\u00e1ra jedine\u010dn\u00fa chu\u0165 in\u0161pirovan\u00fa pun\u010dom. Chu\u0165 je ovocn\u00e1, \u0161tip\u013eav\u00e1 a mierne kvetinov\u00e1 a pon\u00faka osobit\u00fd z\u00e1\u017eitok z vrec\u00fa\u0161ok pre t\u00fdch, ktor\u00ed maj\u00fa radi komplexn\u00e9 a \u017eiv\u00e9 profily. Ka\u017ed\u00fd tenk\u00fd, celobiely vrec\u00fa\u0161ko obsahuje 19,5 mg nikot\u00ednu, \u010do poskytuje vysoko\u00fa\u010dinn\u00fa d\u00e1vku ur\u010den\u00fa pre sk\u00fasen\u00fdch u\u017e\u00edvate\u013eov, ktor\u00ed uprednost\u0148uj\u00fa intenzitu aj originalitu. Diskr\u00e9tny, pohodln\u00fd a ne\u0161piniv\u00fd BJ\u00d6RN Rhub-elder Punch vyr\u00e1ba spolo\u010dnos\u0165 77 Group s cie\u013eom poskytn\u00fa\u0165 siln\u00fd charakter, prvotriednu kvalitu a alternat\u00edvu bez tabaku.<\/p>\n<table>\n<tbody>\n<tr>\n<td><b>Atrib\u00fat<\/b><\/td>\n<td><b>Podrobnosti<\/b><\/td>\n<\/tr>\n<tr>\n<td><b>Obsah na plechovku<\/b><\/td>\n<td><span style=\"font-weight: 400;\">13 g (20 vrec\u00fa\u0161ok)<\/span><\/td>\n<\/tr>\n<tr>\n<td><b>Obsah nikot\u00ednu<\/b><\/td>\n<td><span style=\"font-weight: 400;\">30 mg\/g (19,5 mg na vrec\u00fa\u0161ko)<\/span><\/td>\n<\/tr>\n<tr>\n<td><b>Form\u00e1t vrecka<\/b><\/td>\n<td><span style=\"font-weight: 400;\">Slim<\/span><\/td>\n<\/tr>\n<tr>\n<td><b>V\u00fdrobca<\/b><\/td>\n<td><span style=\"font-weight: 400;\">77 Skupina<\/span><\/td>\n<\/tr>\n<tr>\n<td><b>Pr\u00edchu\u0165<\/b><\/td>\n<td><span style=\"font-weight: 400;\">Rebarbora a baza \u010dierna (pun\u010d Rhub-elder)<\/span><\/td>\n<\/tr>\n<tr>\n<td><b>Typ<\/b><\/td>\n<td><span style=\"font-weight: 400;\">Celobiele vrecko<\/span><\/td>\n<\/tr>\n<\/tbody>\n<\/table>","protected":false},"excerpt":{"rendered":"<p>Odv\u00e1\u017eny, osvie\u017euj\u00faci <strong data-start=\"17\" data-end=\"44\">rebarbora a bazov\u00fd kvet<\/strong> s ovocn\u00fdm, pikantn\u00fdm, \u013eahko kvetinov\u00fdm puncom. Na <strong data-start=\"93\" data-end=\"112\">\u0161t\u00edhly, <\/strong>Celobiele vrec\u00fa\u0161ka diskr\u00e9tne a pohodlne sedia pod perami a umo\u017e\u0148uj\u00fa \u010dist\u00e9 a kedyko\u013evek pou\u017eite\u013en\u00e9 pou\u017eitie. Ka\u017ed\u00e9 vrecko obsahuje <strong data-start=\"210\" data-end=\"230\">19,5 mg nikot\u00ednu<\/strong>, ktor\u00e1 prin\u00e1\u0161a vysoko\u00fa\u010dinn\u00fd kopanec pre sk\u00fasen\u00fdch u\u017e\u00edvate\u013eov, vytvoren\u00fd skupinou 77 Group vo form\u00e1te bez tabaku.<\/p>","protected":false},"featured_media":27950,"comment_status":"open","ping_status":"closed","template":"","format":[206],"meta":{"_acf_changed":false},"product_brand":[],"product_cat":[239],"product_tag":[16557],"flavours":[196],"nicotine":[221,232],"class_list":{"0":"post-27946","1":"product","2":"type-product","3":"status-publish","4":"has-post-thumbnail","6":"product_cat-bjorn","7":"product_tag-19-5-mg-pouch","8":"pa_quantity-1-pack","9":"pa_quantity-10-pack","10":"pa_quantity-3-pack","11":"pa_quantity-30-pack","12":"pa_quantity-5-pack","13":"pa_quantity-60-pack","14":"flavours-fruits-berries","15":"format-slim","16":"nicotine-30-mg-g","17":"nicotine-extra-strong","19":"first","20":"instock","21":"taxable","22":"shipping-taxable","23":"purchasable","24":"product-type-variable","25":"has-default-attributes"},"acf":[],"_links":{"self":[{"href":"https:\/\/whitelip.com\/sk\/wp-json\/wp\/v2\/product\/27946","targetHints":{"allow":["GET"]}}],"collection":[{"href":"https:\/\/whitelip.com\/sk\/wp-json\/wp\/v2\/product"}],"about":[{"href":"https:\/\/whitelip.com\/sk\/wp-json\/wp\/v2\/types\/product"}],"replies":[{"embeddable":true,"href":"https:\/\/whitelip.com\/sk\/wp-json\/wp\/v2\/comments?post=27946"}],"wp:featuredmedia":[{"embeddable":true,"href":"https:\/\/whitelip.com\/sk\/wp-json\/wp\/v2\/media\/27950"}],"wp:attachment":[{"href":"https:\/\/whitelip.com\/sk\/wp-json\/wp\/v2\/media?parent=27946"}],"wp:term":[{"taxonomy":"product_brand","embeddable":true,"href":"https:\/\/whitelip.com\/sk\/wp-json\/wp\/v2\/product_brand?post=27946"},{"taxonomy":"product_cat","embeddable":true,"href":"https:\/\/whitelip.com\/sk\/wp-json\/wp\/v2\/product_cat?post=27946"},{"taxonomy":"product_tag","embeddable":true,"href":"https:\/\/whitelip.com\/sk\/wp-json\/wp\/v2\/product_tag?post=27946"},{"taxonomy":"flavours","embeddable":true,"href":"https:\/\/whitelip.com\/sk\/wp-json\/wp\/v2\/flavours?post=27946"},{"taxonomy":"format","embeddable":true,"href":"https:\/\/whitelip.com\/sk\/wp-json\/wp\/v2\/format?post=27946"},{"taxonomy":"nicotine","embeddable":true,"href":"https:\/\/whitelip.com\/sk\/wp-json\/wp\/v2\/nicotine?post=27946"}],"curies":[{"name":"wp","href":"https:\/\/api.w.org\/{rel}","templated":true}]}}