{"id":27941,"date":"2025-09-23T12:50:07","date_gmt":"2025-09-23T12:50:07","guid":{"rendered":"https:\/\/whitelip.com\/?post_type=product&#038;p=27941"},"modified":"2026-04-29T23:37:42","modified_gmt":"2026-04-29T23:37:42","slug":"bjorn-blueberry-ice","status":"publish","type":"product","link":"https:\/\/whitelip.com\/sk\/bjorn\/bjorn-blueberry-ice\/","title":{"rendered":"BJ\u00d6RN \u010cu\u010doriedkov\u00fd \u013ead"},"content":{"rendered":"<h2><strong>BJ\u00d6RN \u010cu\u010doriedkov\u00fd \u013ead<\/strong><\/h2>\n<p class=\"\" data-start=\"76\" data-end=\"609\">Nikot\u00ednov\u00e9 vrec\u00fa\u0161ka BJ\u00d6RN Blueberry Ice prin\u00e1\u0161aj\u00fa jemn\u00fa a \u0161\u0165avnat\u00fa \u010du\u010doriedkov\u00fa pr\u00edchu\u0165 obohaten\u00fa o \u013eadov\u00fd chladiv\u00fd efekt. T\u00e1to kombin\u00e1cia vytv\u00e1ra osvie\u017euj\u00faci a ovocn\u00fd chu\u0165ov\u00fd profil, ktor\u00fd je sladk\u00fd a z\u00e1rove\u0148 povzbudzuj\u00faci. Ka\u017ed\u00e9 tenk\u00e9, celobiele vrec\u00fa\u0161ko obsahuje 19,5 mg nikot\u00ednu, \u010do pon\u00faka vysoko\u00fa\u010dinn\u00fa d\u00e1vku, ktor\u00e1 je vhodn\u00e1 pre sk\u00fasen\u00fdch u\u017e\u00edvate\u013eov, ktor\u00ed maj\u00fa radi vyv\u00e1\u017een\u00fa chu\u0165 a stabiln\u00fa intenzitu. Diskr\u00e9tny, pohodln\u00fd a ne\u0161piniv\u00fd BJ\u00d6RN Blueberry Ice je vyroben\u00fd spolo\u010dnos\u0165ou 77 Group, aby zabezpe\u010dil vysok\u00fa kvalitu, v\u00fdrazn\u00fa chu\u0165 a z\u00e1\u017eitok bez tabaku.<\/p>\n<table>\n<tbody>\n<tr>\n<td><b>Atrib\u00fat<\/b><\/td>\n<td><b>Podrobnosti<\/b><\/td>\n<\/tr>\n<tr>\n<td><b>Obsah na plechovku<\/b><\/td>\n<td><span style=\"font-weight: 400;\">13 g (20 vrec\u00fa\u0161ok)<\/span><\/td>\n<\/tr>\n<tr>\n<td><b>Obsah nikot\u00ednu<\/b><\/td>\n<td><span style=\"font-weight: 400;\">30 mg\/g (19,5 mg na vrec\u00fa\u0161ko)<\/span><\/td>\n<\/tr>\n<tr>\n<td><b>Form\u00e1t vrecka<\/b><\/td>\n<td><span style=\"font-weight: 400;\">Slim<\/span><\/td>\n<\/tr>\n<tr>\n<td><b>V\u00fdrobca<\/b><\/td>\n<td><span style=\"font-weight: 400;\">77 Skupina<\/span><\/td>\n<\/tr>\n<tr>\n<td><b>Pr\u00edchu\u0165<\/b><\/td>\n<td><span style=\"font-weight: 400;\">\u010cu\u010doriedka a chladenie (\u010cu\u010doriedka \u013ead)<\/span><\/td>\n<\/tr>\n<tr>\n<td><b>Typ<\/b><\/td>\n<td><span style=\"font-weight: 400;\">Celobiele vrecko<\/span><\/td>\n<\/tr>\n<\/tbody>\n<\/table>","protected":false},"excerpt":{"rendered":"<p>Hladk\u00fd, \u0161\u0165avnat\u00fd <strong data-start=\"14\" data-end=\"44\">\u010du\u010doriedky <\/strong>s \u013eadov\u00fdm chladen\u00edm pre osvie\u017euj\u00faci ovocn\u00fd z\u00e1\u017eitok. Na <strong data-start=\"79\" data-end=\"98\">\u0161t\u00edhly, <\/strong>Celobiele vrec\u00fa\u0161ka diskr\u00e9tne a pohodlne sedia pod perami a umo\u017e\u0148uj\u00fa \u010dist\u00e9 a kedyko\u013evek pou\u017eite\u013en\u00e9 pou\u017eitie. Ka\u017ed\u00e9 vrecko obsahuje <strong data-start=\"196\" data-end=\"216\">19,5 mg nikot\u00ednu<\/strong>, ktor\u00fd poskytuje vysoko\u00fa\u010dinn\u00fd kop vhodn\u00fd pre sk\u00fasen\u00fdch pou\u017e\u00edvate\u013eov. Vyroben\u00e9 spolo\u010dnos\u0165ou 77 Group pre v\u00fdrazn\u00fa chu\u0165 a z\u00e1\u017eitok bez tabaku.<\/p>","protected":false},"featured_media":27945,"comment_status":"open","ping_status":"closed","template":"","format":[206],"meta":{"_acf_changed":false},"product_brand":[],"product_cat":[239],"product_tag":[16557],"flavours":[196],"nicotine":[221,233],"class_list":{"0":"post-27941","1":"product","2":"type-product","3":"status-publish","4":"has-post-thumbnail","6":"product_cat-bjorn","7":"product_tag-19-5-mg-pouch","8":"pa_quantity-1-pack","9":"pa_quantity-10-pack","10":"pa_quantity-3-pack","11":"pa_quantity-30-pack","12":"pa_quantity-5-pack","13":"pa_quantity-60-pack","14":"flavours-fruits-berries","15":"format-slim","16":"nicotine-30-mg-g","17":"nicotine-extreme","19":"first","20":"instock","21":"taxable","22":"shipping-taxable","23":"purchasable","24":"product-type-variable","25":"has-default-attributes"},"acf":[],"_links":{"self":[{"href":"https:\/\/whitelip.com\/sk\/wp-json\/wp\/v2\/product\/27941","targetHints":{"allow":["GET"]}}],"collection":[{"href":"https:\/\/whitelip.com\/sk\/wp-json\/wp\/v2\/product"}],"about":[{"href":"https:\/\/whitelip.com\/sk\/wp-json\/wp\/v2\/types\/product"}],"replies":[{"embeddable":true,"href":"https:\/\/whitelip.com\/sk\/wp-json\/wp\/v2\/comments?post=27941"}],"wp:featuredmedia":[{"embeddable":true,"href":"https:\/\/whitelip.com\/sk\/wp-json\/wp\/v2\/media\/27945"}],"wp:attachment":[{"href":"https:\/\/whitelip.com\/sk\/wp-json\/wp\/v2\/media?parent=27941"}],"wp:term":[{"taxonomy":"product_brand","embeddable":true,"href":"https:\/\/whitelip.com\/sk\/wp-json\/wp\/v2\/product_brand?post=27941"},{"taxonomy":"product_cat","embeddable":true,"href":"https:\/\/whitelip.com\/sk\/wp-json\/wp\/v2\/product_cat?post=27941"},{"taxonomy":"product_tag","embeddable":true,"href":"https:\/\/whitelip.com\/sk\/wp-json\/wp\/v2\/product_tag?post=27941"},{"taxonomy":"flavours","embeddable":true,"href":"https:\/\/whitelip.com\/sk\/wp-json\/wp\/v2\/flavours?post=27941"},{"taxonomy":"format","embeddable":true,"href":"https:\/\/whitelip.com\/sk\/wp-json\/wp\/v2\/format?post=27941"},{"taxonomy":"nicotine","embeddable":true,"href":"https:\/\/whitelip.com\/sk\/wp-json\/wp\/v2\/nicotine?post=27941"}],"curies":[{"name":"wp","href":"https:\/\/api.w.org\/{rel}","templated":true}]}}