{"id":27923,"date":"2025-09-23T08:47:07","date_gmt":"2025-09-23T08:47:07","guid":{"rendered":"https:\/\/whitelip.com\/?post_type=product&#038;p=27923"},"modified":"2026-04-30T19:05:00","modified_gmt":"2026-04-30T19:05:00","slug":"77-sour-blizz-medium","status":"publish","type":"product","link":"https:\/\/whitelip.com\/sk\/77\/77-sour-blizz-medium\/","title":{"rendered":"77 Sour Blizz Medium"},"content":{"rendered":"<h2>77 Sour Blizz Medium<\/h2>\n<p class=\"\" data-start=\"76\" data-end=\"609\">77 Sour Blizz Medium nikot\u00ednov\u00e9 vrec\u00fa\u0161ka prin\u00e1\u0161aj\u00fa odv\u00e1\u017eny a pikantn\u00fd chu\u0165ov\u00fd z\u00e1\u017eitok, v ktorom sa mie\u0161aj\u00fa ostr\u00e9 kysl\u00e9 t\u00f3ny s osvie\u017euj\u00facim chladiv\u00fdm \u00fa\u010dinkom. T\u00e1to kombin\u00e1cia vytv\u00e1ra \u017eiv\u00fd a povzbudzuj\u00faci chu\u0165ov\u00fd profil, ktor\u00fd sa odli\u0161uje od be\u017en\u00e9ho. Ka\u017ed\u00e9 tenk\u00e9, celobiele vrec\u00fa\u0161ko obsahuje 10,4 mg nikot\u00ednu, \u010do poskytuje stredne siln\u00e9 nakopnutie, ktor\u00e9 je ide\u00e1lne pre pravideln\u00fdch u\u017e\u00edvate\u013eov h\u013eadaj\u00facich chu\u0165 aj rovnov\u00e1hu. Diskr\u00e9tny, pohodln\u00fd a ne\u0161piniv\u00fd tabak 77 Sour Blizz Medium vyr\u00e1ba spolo\u010dnos\u0165 77 Group tak, aby sp\u013a\u0148al vysok\u00e9 \u0161tandardy kvality a chuti vo form\u00e1te bez tabaku.<\/p>\n<table>\n<tbody>\n<tr>\n<td><b>Atrib\u00fat<\/b><\/td>\n<td><b>Podrobnosti<\/b><\/td>\n<\/tr>\n<tr>\n<td><b>Obsah na plechovku<\/b><\/td>\n<td><span style=\"font-weight: 400;\">13 g (20 vrec\u00fa\u0161ok)<\/span><\/td>\n<\/tr>\n<tr>\n<td><b>Obsah nikot\u00ednu<\/b><\/td>\n<td><span style=\"font-weight: 400;\">16 mg\/g (10,4 mg na vrecko)<\/span><\/td>\n<\/tr>\n<tr>\n<td><b>Form\u00e1t vrecka<\/b><\/td>\n<td><span style=\"font-weight: 400;\">Slim<\/span><\/td>\n<\/tr>\n<tr>\n<td><b>V\u00fdrobca<\/b><\/td>\n<td><span style=\"font-weight: 400;\">77 Skupina<\/span><\/td>\n<\/tr>\n<tr>\n<td><b>Pr\u00edchu\u0165<\/b><\/td>\n<td><span style=\"font-weight: 400;\">Kysl\u00fd a chladiv\u00fd (Sour Blizz)<\/span><\/td>\n<\/tr>\n<tr>\n<td><b>Typ<\/b><\/td>\n<td><span style=\"font-weight: 400;\">Celobiele vrecko<\/span><\/td>\n<\/tr>\n<\/tbody>\n<\/table>","protected":false},"excerpt":{"rendered":"<p data-start=\"47\" data-end=\"316\">Odv\u00e1\u017eny, pikantn\u00fd <strong>kysl\u00e9<\/strong> t\u00f3ny s osvie\u017euj\u00facim chladiv\u00fdm \u00fa\u010dinkom pre \u017eiv\u00fa, osvie\u017euj\u00facu chu\u0165. <strong>Slim<\/strong>, celobiele vrec\u00fa\u0161ka diskr\u00e9tne a pohodlne sedia pod perami. Ka\u017ed\u00e9 vrecko poskytuje <strong data-start=\"227\" data-end=\"247\">10,4 mg nikot\u00ednu<\/strong>, ktor\u00e1 pon\u00faka vyv\u00e1\u017een\u00fd stredne siln\u00fd kopanec bez tabaku a \u0161kv\u0155n.<\/p>\n<p data-start=\"318\" data-end=\"327\">","protected":false},"featured_media":27928,"comment_status":"open","ping_status":"closed","template":"","format":[206],"meta":{"_acf_changed":false},"product_brand":[],"product_cat":[23],"product_tag":[16543],"flavours":[190],"nicotine":[213,232],"class_list":{"0":"post-27923","1":"product","2":"type-product","3":"status-publish","4":"has-post-thumbnail","6":"product_cat-23","7":"product_tag-10-4-mg-pouch","8":"pa_quantity-1-pack","9":"pa_quantity-10-pack","10":"pa_quantity-3-pack","11":"pa_quantity-30-pack","12":"pa_quantity-5-pack","13":"pa_quantity-60-pack","14":"flavours-citrus","15":"format-slim","16":"nicotine-16-mg-g","17":"nicotine-extra-strong","19":"first","20":"instock","21":"taxable","22":"shipping-taxable","23":"purchasable","24":"product-type-variable","25":"has-default-attributes"},"acf":[],"_links":{"self":[{"href":"https:\/\/whitelip.com\/sk\/wp-json\/wp\/v2\/product\/27923","targetHints":{"allow":["GET"]}}],"collection":[{"href":"https:\/\/whitelip.com\/sk\/wp-json\/wp\/v2\/product"}],"about":[{"href":"https:\/\/whitelip.com\/sk\/wp-json\/wp\/v2\/types\/product"}],"replies":[{"embeddable":true,"href":"https:\/\/whitelip.com\/sk\/wp-json\/wp\/v2\/comments?post=27923"}],"wp:featuredmedia":[{"embeddable":true,"href":"https:\/\/whitelip.com\/sk\/wp-json\/wp\/v2\/media\/27928"}],"wp:attachment":[{"href":"https:\/\/whitelip.com\/sk\/wp-json\/wp\/v2\/media?parent=27923"}],"wp:term":[{"taxonomy":"product_brand","embeddable":true,"href":"https:\/\/whitelip.com\/sk\/wp-json\/wp\/v2\/product_brand?post=27923"},{"taxonomy":"product_cat","embeddable":true,"href":"https:\/\/whitelip.com\/sk\/wp-json\/wp\/v2\/product_cat?post=27923"},{"taxonomy":"product_tag","embeddable":true,"href":"https:\/\/whitelip.com\/sk\/wp-json\/wp\/v2\/product_tag?post=27923"},{"taxonomy":"flavours","embeddable":true,"href":"https:\/\/whitelip.com\/sk\/wp-json\/wp\/v2\/flavours?post=27923"},{"taxonomy":"format","embeddable":true,"href":"https:\/\/whitelip.com\/sk\/wp-json\/wp\/v2\/format?post=27923"},{"taxonomy":"nicotine","embeddable":true,"href":"https:\/\/whitelip.com\/sk\/wp-json\/wp\/v2\/nicotine?post=27923"}],"curies":[{"name":"wp","href":"https:\/\/api.w.org\/{rel}","templated":true}]}}