{"id":27482,"date":"2025-09-15T10:33:54","date_gmt":"2025-09-15T10:33:54","guid":{"rendered":"https:\/\/whitelip.com\/?post_type=product&#038;p=27482"},"modified":"2026-04-27T10:10:41","modified_gmt":"2026-04-27T10:10:41","slug":"helwit-lime-liquorice","status":"publish","type":"product","link":"https:\/\/whitelip.com\/sk\/helwit\/helwit-lime-liquorice\/","title":{"rendered":"HELWIT Limetkov\u00e1 sladk\u00e1 du\u017eina"},"content":{"rendered":"<h2><b>HELWIT Limetkov\u00e1 sladk\u00e1 du\u017eina<\/b><\/h2>\n<p style=\"text-align: left;\"><span style=\"font-weight: 400;\">Nikot\u00ednov\u00e9 vrec\u00fa\u0161ka HELWIT Lime Liquorice sp\u00e1jaj\u00fa pikantn\u00fa ostros\u0165 limetky s bohatou slanou h\u013abkou klasickej severskej sladkej drievnosti. Toto odv\u00e1\u017ene a ne\u010dakan\u00e9 spojenie vytv\u00e1ra jedine\u010dn\u00fd chu\u0165ov\u00fd z\u00e1\u017eitok, ktor\u00fd je osvie\u017euj\u00faci a z\u00e1rove\u0148 pikantn\u00fd. Ka\u017ed\u00e9 vrec\u00fa\u0161ko tenk\u00e9ho form\u00e1tu obsahuje 9 mg nikot\u00ednu na gram, \u010do prin\u00e1\u0161a vyv\u00e1\u017een\u00fa silu vhodn\u00fa na pravideln\u00e9 pou\u017e\u00edvanie. HELWIT Lime Liquorice, vyroben\u00fd spolo\u010dnos\u0165ou YOIK AB vo \u0160v\u00e9dsku, je ur\u010den\u00fd na diskr\u00e9tne u\u017e\u00edvanie, zabra\u0148uje zafarbeniu zubov a pon\u00faka \u010dist\u00fd, modern\u00fd sp\u00f4sob, ako si vychutna\u0165 nikot\u00edn kedyko\u013evek a kdeko\u013evek.<\/span><\/p>\n<table>\n<tbody>\n<tr>\n<td><b>Atrib\u00fat<\/b><\/td>\n<td><b>Podrobnosti<\/b><\/td>\n<\/tr>\n<tr>\n<td><b>Obsah na plechovku<\/b><\/td>\n<td><span style=\"font-weight: 400;\">10 g (20 vrec\u00fa\u0161ok)<\/span><\/td>\n<\/tr>\n<tr>\n<td><b>Obsah nikot\u00ednu<\/b><\/td>\n<td><span style=\"font-weight: 400;\">9 mg\/g (4,5 mg na vrecko)<\/span><\/td>\n<\/tr>\n<tr>\n<td><b>Form\u00e1t vrecka<\/b><\/td>\n<td><span style=\"font-weight: 400;\">Slim<\/span><\/td>\n<\/tr>\n<tr>\n<td><b>V\u00fdrobca<\/b><\/td>\n<td><span style=\"font-weight: 400;\">SPOLO\u010cNOS\u0164 YOIK AB<\/span><\/td>\n<\/tr>\n<tr>\n<td><b>Pr\u00edchu\u0165<\/b><\/td>\n<td><span style=\"font-weight: 400;\">Limetka a Lekv\u00e1r<\/span><\/td>\n<\/tr>\n<tr>\n<td><b>Typ<\/b><\/td>\n<td><span style=\"font-weight: 400;\">Celobiele vrecko<\/span><\/td>\n<\/tr>\n<\/tbody>\n<\/table>","protected":false},"excerpt":{"rendered":"<p>Pikantn\u00fd, slan\u00fd <strong data-start=\"14\" data-end=\"32\">limetkov\u00e9 sladk\u00e9 drievko<\/strong> osvie\u017euj\u00face a bohat\u00e9 spojenie. <strong data-start=\"74\" data-end=\"82\">Slim<\/strong>, \u00faplne biele vrec\u00fa\u0161ka bez tabaku sa diskr\u00e9tne umiestnia pod pery bez zafarbenia zubov. Ka\u017ed\u00e9 vrecko obsahuje <strong data-start=\"189\" data-end=\"208\">9 mg\/g nikot\u00ednu<\/strong>, a poskytuje vyv\u00e1\u017een\u00fa silu na pravideln\u00e9 pou\u017e\u00edvanie. Vyroben\u00e9 spolo\u010dnos\u0165ou YOIK AB vo \u0160v\u00e9dsku.<\/p>","protected":false},"featured_media":27486,"comment_status":"open","ping_status":"closed","template":"","format":[206],"meta":{"_acf_changed":false},"product_brand":[],"product_cat":[52],"product_tag":[16595],"flavours":[190,198],"nicotine":[231,236],"class_list":{"0":"post-27482","1":"product","2":"type-product","3":"status-publish","4":"has-post-thumbnail","6":"product_cat-helwit","7":"product_tag-4-5-mg-pouch","8":"pa_quantity-1-pack","9":"pa_quantity-10-pack","10":"pa_quantity-3-pack","11":"pa_quantity-30-pack","12":"pa_quantity-5-pack","13":"pa_quantity-60-pack","14":"flavours-citrus","15":"flavours-licorice","16":"format-slim","17":"nicotine-9-mg-g","18":"nicotine-strong","20":"first","21":"outofstock","22":"taxable","23":"shipping-taxable","24":"purchasable","25":"product-type-variable","26":"has-default-attributes"},"acf":[],"_links":{"self":[{"href":"https:\/\/whitelip.com\/sk\/wp-json\/wp\/v2\/product\/27482","targetHints":{"allow":["GET"]}}],"collection":[{"href":"https:\/\/whitelip.com\/sk\/wp-json\/wp\/v2\/product"}],"about":[{"href":"https:\/\/whitelip.com\/sk\/wp-json\/wp\/v2\/types\/product"}],"replies":[{"embeddable":true,"href":"https:\/\/whitelip.com\/sk\/wp-json\/wp\/v2\/comments?post=27482"}],"wp:featuredmedia":[{"embeddable":true,"href":"https:\/\/whitelip.com\/sk\/wp-json\/wp\/v2\/media\/27486"}],"wp:attachment":[{"href":"https:\/\/whitelip.com\/sk\/wp-json\/wp\/v2\/media?parent=27482"}],"wp:term":[{"taxonomy":"product_brand","embeddable":true,"href":"https:\/\/whitelip.com\/sk\/wp-json\/wp\/v2\/product_brand?post=27482"},{"taxonomy":"product_cat","embeddable":true,"href":"https:\/\/whitelip.com\/sk\/wp-json\/wp\/v2\/product_cat?post=27482"},{"taxonomy":"product_tag","embeddable":true,"href":"https:\/\/whitelip.com\/sk\/wp-json\/wp\/v2\/product_tag?post=27482"},{"taxonomy":"flavours","embeddable":true,"href":"https:\/\/whitelip.com\/sk\/wp-json\/wp\/v2\/flavours?post=27482"},{"taxonomy":"format","embeddable":true,"href":"https:\/\/whitelip.com\/sk\/wp-json\/wp\/v2\/format?post=27482"},{"taxonomy":"nicotine","embeddable":true,"href":"https:\/\/whitelip.com\/sk\/wp-json\/wp\/v2\/nicotine?post=27482"}],"curies":[{"name":"wp","href":"https:\/\/api.w.org\/{rel}","templated":true}]}}