{"id":27470,"date":"2025-09-15T10:33:54","date_gmt":"2025-09-15T10:33:54","guid":{"rendered":"https:\/\/whitelip.com\/?post_type=product&#038;p=27470"},"modified":"2026-05-01T10:10:46","modified_gmt":"2026-05-01T10:10:46","slug":"helwit-lingonberry","status":"publish","type":"product","link":"https:\/\/whitelip.com\/sk\/helwit\/helwit-lingonberry\/","title":{"rendered":"HELWIT Lingonberry"},"content":{"rendered":"<h2><b>HELWIT Lingonberry<\/b><\/h2>\n<p><span style=\"font-weight: 400;\">Nikot\u00ednov\u00e9 vrec\u00fa\u0161ka HELWIT Lingonberry zachyt\u00e1vaj\u00fa trpk\u00fa a osvie\u017euj\u00facu chu\u0165 divok\u00fdch \u0161kandin\u00e1vskych brusn\u00edc. Chu\u0165 je svie\u017ea, mierne sladk\u00e1 a pr\u00edjemne pikantn\u00e1, pon\u00faka jedine\u010dn\u00fd bobu\u013eov\u00fd profil, ktor\u00fd sa odli\u0161uje od be\u017enej\u0161\u00edch pr\u00edchut\u00ed vrec\u00fa\u0161ok. Ka\u017ed\u00e9 vrec\u00fa\u0161ko tenk\u00e9ho form\u00e1tu obsahuje 4 mg nikot\u00ednu na gram, \u010do prin\u00e1\u0161a mierne a stabiln\u00e9 uvo\u013e\u0148ovanie vhodn\u00e9 na ka\u017edodenn\u00e9 pou\u017e\u00edvanie. HELWIT Lingonberry, vyr\u00e1ban\u00fd spolo\u010dnos\u0165ou YOIK AB vo \u0160v\u00e9dsku, je vytvoren\u00fd pre diskr\u00e9tny p\u00f4\u017eitok, bez tabaku, zubn\u00fdch kazov a zbyto\u010dn\u00fdch pr\u00edsad - ide\u00e1lny pre t\u00fdch, ktor\u00ed h\u013eadaj\u00fa \u010dist\u00fa, modern\u00fa nikot\u00ednov\u00fa alternat\u00edvu.<\/span><\/p>\n<table>\n<tbody>\n<tr>\n<td><b>Atrib\u00fat<\/b><\/td>\n<td><b>Podrobnosti<\/b><\/td>\n<\/tr>\n<tr>\n<td><b>Obsah na plechovku<\/b><\/td>\n<td><span style=\"font-weight: 400;\">10 g (20 vrec\u00fa\u0161ok)<\/span><\/td>\n<\/tr>\n<tr>\n<td><b>Obsah nikot\u00ednu<\/b><\/td>\n<td><span style=\"font-weight: 400;\">4 mg\/g (2 mg na vak)<\/span><\/td>\n<\/tr>\n<tr>\n<td><b>Form\u00e1t vrecka<\/b><\/td>\n<td><span style=\"font-weight: 400;\">Slim<\/span><\/td>\n<\/tr>\n<tr>\n<td><b>V\u00fdrobca<\/b><\/td>\n<td><span style=\"font-weight: 400;\">SPOLO\u010cNOS\u0164 YOIK AB<\/span><\/td>\n<\/tr>\n<tr>\n<td><b>Pr\u00edchu\u0165<\/b><\/td>\n<td><span style=\"font-weight: 400;\">Brusnica<\/span><\/td>\n<\/tr>\n<tr>\n<td><b>Typ<\/b><\/td>\n<td><span style=\"font-weight: 400;\">Celobiele vrecko<\/span><\/td>\n<\/tr>\n<\/tbody>\n<\/table>","protected":false},"excerpt":{"rendered":"<p>Chrumkav\u00fd, kol\u00e1\u010dov\u00fd <strong data-start=\"12\" data-end=\"27\">brusnice<\/strong> s miernou sladkos\u0165ou a pikantn\u00fdm z\u00e1verom. <strong data-start=\"70\" data-end=\"78\">Slim<\/strong>, \u00faplne biele vrec\u00fa\u0161ka bez tabaku sa diskr\u00e9tne umiestnia pod peru a umo\u017e\u0148uj\u00fa \u010dist\u00e9 a modern\u00e9 pou\u017e\u00edvanie. Ka\u017ed\u00e9 vrecko obsahuje <strong data-start=\"184\" data-end=\"203\">4 mg\/g nikot\u00ednu<\/strong>, \u010d\u00edm sa dosiahne mierne a stabiln\u00e9 uvo\u013enenie. Vyroben\u00e9 spolo\u010dnos\u0165ou YOIK AB (\u0160v\u00e9dsko).<\/p>","protected":false},"featured_media":27475,"comment_status":"open","ping_status":"closed","template":"","format":[206],"meta":{"_acf_changed":false},"product_brand":[],"product_cat":[52],"product_tag":[16599],"flavours":[196],"nicotine":[234,224],"class_list":{"0":"post-27470","1":"product","2":"type-product","3":"status-publish","4":"has-post-thumbnail","6":"product_cat-helwit","7":"product_tag-2-mg-pouch","8":"pa_quantity-1-pack","9":"pa_quantity-10-pack","10":"pa_quantity-3-pack","11":"pa_quantity-30-pack","12":"pa_quantity-5-pack","13":"pa_quantity-60-pack","14":"flavours-fruits-berries","15":"format-slim","16":"nicotine-mild","17":"nicotine-4-mg-g","19":"first","20":"outofstock","21":"taxable","22":"shipping-taxable","23":"purchasable","24":"product-type-variable","25":"has-default-attributes"},"acf":[],"_links":{"self":[{"href":"https:\/\/whitelip.com\/sk\/wp-json\/wp\/v2\/product\/27470","targetHints":{"allow":["GET"]}}],"collection":[{"href":"https:\/\/whitelip.com\/sk\/wp-json\/wp\/v2\/product"}],"about":[{"href":"https:\/\/whitelip.com\/sk\/wp-json\/wp\/v2\/types\/product"}],"replies":[{"embeddable":true,"href":"https:\/\/whitelip.com\/sk\/wp-json\/wp\/v2\/comments?post=27470"}],"wp:featuredmedia":[{"embeddable":true,"href":"https:\/\/whitelip.com\/sk\/wp-json\/wp\/v2\/media\/27475"}],"wp:attachment":[{"href":"https:\/\/whitelip.com\/sk\/wp-json\/wp\/v2\/media?parent=27470"}],"wp:term":[{"taxonomy":"product_brand","embeddable":true,"href":"https:\/\/whitelip.com\/sk\/wp-json\/wp\/v2\/product_brand?post=27470"},{"taxonomy":"product_cat","embeddable":true,"href":"https:\/\/whitelip.com\/sk\/wp-json\/wp\/v2\/product_cat?post=27470"},{"taxonomy":"product_tag","embeddable":true,"href":"https:\/\/whitelip.com\/sk\/wp-json\/wp\/v2\/product_tag?post=27470"},{"taxonomy":"flavours","embeddable":true,"href":"https:\/\/whitelip.com\/sk\/wp-json\/wp\/v2\/flavours?post=27470"},{"taxonomy":"format","embeddable":true,"href":"https:\/\/whitelip.com\/sk\/wp-json\/wp\/v2\/format?post=27470"},{"taxonomy":"nicotine","embeddable":true,"href":"https:\/\/whitelip.com\/sk\/wp-json\/wp\/v2\/nicotine?post=27470"}],"curies":[{"name":"wp","href":"https:\/\/api.w.org\/{rel}","templated":true}]}}