{"id":26829,"date":"2025-09-24T11:03:13","date_gmt":"2025-09-24T11:03:13","guid":{"rendered":"https:\/\/whitelip.com\/?post_type=product&#038;p=26829"},"modified":"2026-05-11T10:11:42","modified_gmt":"2026-05-11T10:11:42","slug":"vont-lemon-lime-extra-strong","status":"publish","type":"product","link":"https:\/\/whitelip.com\/sk\/vont\/vont-lemon-lime-extra-strong\/","title":{"rendered":"VONT Lemon Lime Extra siln\u00fd"},"content":{"rendered":"<h2><strong>VONT Lemon Lime Extra siln\u00fd<\/strong><\/h2>\n<p><span style=\"font-weight: 400;\">VONT Lemon Lime Extra Strong nikot\u00ednov\u00e9 vrec\u00fa\u0161ka poskytuj\u00fa \u017eiv\u00fa a pikantn\u00fa citrusov\u00fa zmes citr\u00f3na a limetky, obohaten\u00fa o maxim\u00e1lnu silu nikot\u00ednu. Chu\u0165 je osvie\u017euj\u00faca, \u0161tip\u013eav\u00e1 a svie\u017ea a pon\u00faka energizuj\u00faci z\u00e1\u017eitok pre u\u017e\u00edvate\u013eov, ktor\u00ed maj\u00fa radi v\u00fdrazn\u00e9 citrusov\u00e9 t\u00f3ny. Ka\u017ed\u00e9 vrec\u00fa\u0161ko je navrhnut\u00e9 v tenkom form\u00e1te na diskr\u00e9tne a pohodln\u00e9 pou\u017e\u00edvanie a poskytuje 24 mg nikot\u00ednu na gram, \u010do predstavuje pribli\u017ene 12 mg na vrec\u00fa\u0161ko. Lemon Lime Extra Strong je ide\u00e1lny pre sk\u00fasen\u00fdch u\u017e\u00edvate\u013eov, kombinuje \u017eiv\u00fa chu\u0165 s vysokou intenzitou a z\u00e1rove\u0148 zabra\u0148uje zafarbeniu zubov. Zna\u010dka, ktor\u00fa vyr\u00e1ba spolo\u010dnos\u0165 VONT AB vo \u0160v\u00e9dsku, je zn\u00e1ma svoj\u00edm modern\u00fdm dizajnom, konzistentnou kvalitou a inovat\u00edvnymi pr\u00edchu\u0165ami.<\/span><\/p>\n<table>\n<tbody>\n<tr>\n<td><b>Atrib\u00fat<\/b><\/td>\n<td><b>Podrobnosti<\/b><\/td>\n<\/tr>\n<tr>\n<td><b>Obsah na plechovku<\/b><\/td>\n<td><span style=\"font-weight: 400;\">10 g (20 vrec\u00fa\u0161ok)<\/span><\/td>\n<\/tr>\n<tr>\n<td><b>Obsah nikot\u00ednu<\/b><\/td>\n<td><span style=\"font-weight: 400;\">24 mg\/g (12 mg na s\u00e1\u010dok)<\/span><\/td>\n<\/tr>\n<tr>\n<td><b>Form\u00e1t vrecka<\/b><\/td>\n<td><span style=\"font-weight: 400;\">Slim<\/span><\/td>\n<\/tr>\n<tr>\n<td><b>V\u00fdrobca<\/b><\/td>\n<td><span style=\"font-weight: 400;\">VONT AB<\/span><\/td>\n<\/tr>\n<tr>\n<td><b>Pr\u00edchu\u0165<\/b><\/td>\n<td><span style=\"font-weight: 400;\">Citr\u00f3n a Limeta<\/span><\/td>\n<\/tr>\n<tr>\n<td><b>Typ<\/b><\/td>\n<td><span style=\"font-weight: 400;\">Celobiele vrecko<\/span><\/td>\n<\/tr>\n<\/tbody>\n<\/table>","protected":false},"excerpt":{"rendered":"<p>VONT <strong data-start=\"5\" data-end=\"19\">Lemon Lime<\/strong> <strong data-start=\"20\" data-end=\"36\">Extra siln\u00fd<\/strong> prin\u00e1\u0161a \u017eiv\u00fa, pikantn\u00fa citr\u00f3novo-limetkov\u00fa zmes so svie\u017eim, energizuj\u00facim z\u00e1verom. Na str\u00e1nke . <strong data-start=\"117\" data-end=\"125\">\u0161t\u00edhly<\/strong> Vreck\u00e1 s\u00fa diskr\u00e9tne a pohodln\u00e9 a z\u00e1rove\u0148 zabra\u0148uj\u00fa zafarbeniu zubov. Ka\u017ed\u00e9 vrecko obsahuje <strong>12 mg nikot\u00ednu<\/strong> (24 mg\/g) pre siln\u00fd \u00fa\u010dinok. Vyr\u00e1ba spolo\u010dnos\u0165 VONT AB vo \u0160v\u00e9dsku, zn\u00e1ma modern\u00fdm dizajnom, konzistentnou kvalitou a inovat\u00edvnymi chu\u0165ami.<\/p>","protected":false},"featured_media":26833,"comment_status":"open","ping_status":"closed","template":"","format":[206],"meta":{"_acf_changed":false},"product_brand":[],"product_cat":[238],"product_tag":[16561],"flavours":[190],"nicotine":[232,217],"class_list":{"0":"post-26829","1":"product","2":"type-product","3":"status-publish","4":"has-post-thumbnail","6":"product_cat-vont","7":"product_tag-12-mg-pouch","8":"pa_quantity-1-pack","9":"pa_quantity-10-pack","10":"pa_quantity-3-pack","11":"pa_quantity-30-pack","12":"pa_quantity-5-pack","13":"pa_quantity-60-pack","14":"flavours-citrus","15":"format-slim","16":"nicotine-extra-strong","17":"nicotine-24-mg-g","19":"first","20":"instock","21":"taxable","22":"shipping-taxable","23":"purchasable","24":"product-type-variable"},"acf":[],"_links":{"self":[{"href":"https:\/\/whitelip.com\/sk\/wp-json\/wp\/v2\/product\/26829","targetHints":{"allow":["GET"]}}],"collection":[{"href":"https:\/\/whitelip.com\/sk\/wp-json\/wp\/v2\/product"}],"about":[{"href":"https:\/\/whitelip.com\/sk\/wp-json\/wp\/v2\/types\/product"}],"replies":[{"embeddable":true,"href":"https:\/\/whitelip.com\/sk\/wp-json\/wp\/v2\/comments?post=26829"}],"wp:featuredmedia":[{"embeddable":true,"href":"https:\/\/whitelip.com\/sk\/wp-json\/wp\/v2\/media\/26833"}],"wp:attachment":[{"href":"https:\/\/whitelip.com\/sk\/wp-json\/wp\/v2\/media?parent=26829"}],"wp:term":[{"taxonomy":"product_brand","embeddable":true,"href":"https:\/\/whitelip.com\/sk\/wp-json\/wp\/v2\/product_brand?post=26829"},{"taxonomy":"product_cat","embeddable":true,"href":"https:\/\/whitelip.com\/sk\/wp-json\/wp\/v2\/product_cat?post=26829"},{"taxonomy":"product_tag","embeddable":true,"href":"https:\/\/whitelip.com\/sk\/wp-json\/wp\/v2\/product_tag?post=26829"},{"taxonomy":"flavours","embeddable":true,"href":"https:\/\/whitelip.com\/sk\/wp-json\/wp\/v2\/flavours?post=26829"},{"taxonomy":"format","embeddable":true,"href":"https:\/\/whitelip.com\/sk\/wp-json\/wp\/v2\/format?post=26829"},{"taxonomy":"nicotine","embeddable":true,"href":"https:\/\/whitelip.com\/sk\/wp-json\/wp\/v2\/nicotine?post=26829"}],"curies":[{"name":"wp","href":"https:\/\/api.w.org\/{rel}","templated":true}]}}