{"id":26818,"date":"2025-09-24T11:03:13","date_gmt":"2025-09-24T11:03:13","guid":{"rendered":"https:\/\/whitelip.com\/?post_type=product&#038;p=26818"},"modified":"2026-04-30T10:11:08","modified_gmt":"2026-04-30T10:11:08","slug":"vont-fresh-mint-extra-strong","status":"publish","type":"product","link":"https:\/\/whitelip.com\/sk\/vont\/vont-fresh-mint-extra-strong\/","title":{"rendered":"VONT Fresh Mint Extra siln\u00fd"},"content":{"rendered":"<h2><strong>VONT Fresh Mint Extra siln\u00fd<\/strong><\/h2>\n<p><span style=\"font-weight: 400;\">VONT Fresh Mint Extra Strong nikot\u00ednov\u00e9 vrec\u00fa\u0161ka prin\u00e1\u0161aj\u00fa zintenz\u00edvnen\u00fd pocit m\u00e4ty, ktor\u00fd je svie\u017ei a chladiv\u00fd a pon\u00faka osvie\u017euj\u00faci kop s maxim\u00e1lnou silou. Ka\u017ed\u00e9 vrec\u00fa\u0161ko je navrhnut\u00e9 v tenkom form\u00e1te na diskr\u00e9tne a pohodln\u00e9 pou\u017e\u00edvanie a poskytuje 24 mg nikot\u00ednu na gram, \u010do predstavuje pribli\u017ene 12 mg v jednom vrec\u00fa\u0161ku. Fresh Mint Extra Strong je ide\u00e1lny pre sk\u00fasen\u00fdch pou\u017e\u00edvate\u013eov, ktor\u00ed chc\u00fa \u010dist\u00fa, povzbudzuj\u00facu chu\u0165 v spojen\u00ed s vysokou intenzitou nikot\u00ednu, a zaru\u010duje svie\u017eos\u0165 bez zafarbenia zubov. T\u00e1to zna\u010dka, ktor\u00fa vyr\u00e1ba spolo\u010dnos\u0165 VONT AB vo \u0160v\u00e9dsku, je zn\u00e1ma svoj\u00edm modern\u00fdm dizajnom, vysokou kvalitou a konzistentn\u00fdm v\u00fdkonom.<\/span><\/p>\n<table>\n<tbody>\n<tr>\n<td><b>Atrib\u00fat<\/b><\/td>\n<td><b>Podrobnosti<\/b><\/td>\n<\/tr>\n<tr>\n<td><b>Obsah na plechovku<\/b><\/td>\n<td><span style=\"font-weight: 400;\">10 g (20 vrec\u00fa\u0161ok)<\/span><\/td>\n<\/tr>\n<tr>\n<td><b>Obsah nikot\u00ednu<\/b><\/td>\n<td><span style=\"font-weight: 400;\">24 mg\/g (12 mg na s\u00e1\u010dok)<\/span><\/td>\n<\/tr>\n<tr>\n<td><b>Form\u00e1t vrecka<\/b><\/td>\n<td><span style=\"font-weight: 400;\">Slim<\/span><\/td>\n<\/tr>\n<tr>\n<td><b>V\u00fdrobca<\/b><\/td>\n<td><span style=\"font-weight: 400;\">VONT AB<\/span><\/td>\n<\/tr>\n<tr>\n<td><b>Pr\u00edchu\u0165<\/b><\/td>\n<td><span style=\"font-weight: 400;\">\u010cerstv\u00e1 m\u00e4ta<\/span><\/td>\n<\/tr>\n<tr>\n<td><b>Typ<\/b><\/td>\n<td><span style=\"font-weight: 400;\">Celobiele vrecko<\/span><\/td>\n<\/tr>\n<\/tbody>\n<\/table>","protected":false},"excerpt":{"rendered":"<p>VONT <strong data-start=\"5\" data-end=\"19\">\u010cerstv\u00e1 m\u00e4ta<\/strong> <strong data-start=\"20\" data-end=\"36\">Extra siln\u00fd<\/strong> poskytuje svie\u017eu, chladiv\u00fa m\u00e4tu s maxim\u00e1lnou intenzitou. Na str\u00e1nke . <strong data-start=\"96\" data-end=\"104\">\u0161t\u00edhly<\/strong> Vreck\u00e1 s\u00fa diskr\u00e9tne a pohodln\u00e9 a z\u00e1rove\u0148 zabra\u0148uj\u00fa zafarbeniu zubov. Ka\u017ed\u00e9 vrecko obsahuje<strong> 12 mg nikot\u00ednu<\/strong> (24 mg\/g) pre siln\u00fd, osvie\u017euj\u00faci \u00fa\u010dinok. Vyr\u00e1ba spolo\u010dnos\u0165 VONT AB vo \u0160v\u00e9dsku, zn\u00e1ma modern\u00fdm dizajnom, vysokou kvalitou a konzistentn\u00fdm v\u00fdkonom.<\/p>","protected":false},"featured_media":26822,"comment_status":"open","ping_status":"closed","template":"","format":[206],"meta":{"_acf_changed":false},"product_brand":[],"product_cat":[238],"product_tag":[16605],"flavours":[199],"nicotine":[232,217],"class_list":{"0":"post-26818","1":"product","2":"type-product","3":"status-publish","4":"has-post-thumbnail","6":"product_cat-vont","7":"product_tag-30-mg-pouch","8":"pa_quantity-1-pack","9":"pa_quantity-10-pack","10":"pa_quantity-3-pack","11":"pa_quantity-30-pack","12":"pa_quantity-5-pack","13":"pa_quantity-60-pack","14":"flavours-mint","15":"format-slim","16":"nicotine-extra-strong","17":"nicotine-24-mg-g","19":"first","20":"instock","21":"taxable","22":"shipping-taxable","23":"purchasable","24":"product-type-variable","25":"has-default-attributes"},"acf":[],"_links":{"self":[{"href":"https:\/\/whitelip.com\/sk\/wp-json\/wp\/v2\/product\/26818","targetHints":{"allow":["GET"]}}],"collection":[{"href":"https:\/\/whitelip.com\/sk\/wp-json\/wp\/v2\/product"}],"about":[{"href":"https:\/\/whitelip.com\/sk\/wp-json\/wp\/v2\/types\/product"}],"replies":[{"embeddable":true,"href":"https:\/\/whitelip.com\/sk\/wp-json\/wp\/v2\/comments?post=26818"}],"wp:featuredmedia":[{"embeddable":true,"href":"https:\/\/whitelip.com\/sk\/wp-json\/wp\/v2\/media\/26822"}],"wp:attachment":[{"href":"https:\/\/whitelip.com\/sk\/wp-json\/wp\/v2\/media?parent=26818"}],"wp:term":[{"taxonomy":"product_brand","embeddable":true,"href":"https:\/\/whitelip.com\/sk\/wp-json\/wp\/v2\/product_brand?post=26818"},{"taxonomy":"product_cat","embeddable":true,"href":"https:\/\/whitelip.com\/sk\/wp-json\/wp\/v2\/product_cat?post=26818"},{"taxonomy":"product_tag","embeddable":true,"href":"https:\/\/whitelip.com\/sk\/wp-json\/wp\/v2\/product_tag?post=26818"},{"taxonomy":"flavours","embeddable":true,"href":"https:\/\/whitelip.com\/sk\/wp-json\/wp\/v2\/flavours?post=26818"},{"taxonomy":"format","embeddable":true,"href":"https:\/\/whitelip.com\/sk\/wp-json\/wp\/v2\/format?post=26818"},{"taxonomy":"nicotine","embeddable":true,"href":"https:\/\/whitelip.com\/sk\/wp-json\/wp\/v2\/nicotine?post=26818"}],"curies":[{"name":"wp","href":"https:\/\/api.w.org\/{rel}","templated":true}]}}