{"id":26812,"date":"2025-09-24T11:03:13","date_gmt":"2025-09-24T11:03:13","guid":{"rendered":"https:\/\/whitelip.com\/?post_type=product&#038;p=26812"},"modified":"2026-04-20T23:08:09","modified_gmt":"2026-04-20T23:08:09","slug":"vont-creamy-strawberry-extra-strong","status":"publish","type":"product","link":"https:\/\/whitelip.com\/sk\/vont\/vont-creamy-strawberry-extra-strong\/","title":{"rendered":"VONT kr\u00e9mov\u00e1 jahoda Extra siln\u00fd"},"content":{"rendered":"<h2><strong>VONT kr\u00e9mov\u00e1 jahoda Extra siln\u00fd<\/strong><\/h2>\n<p><span style=\"font-weight: 400;\">VONT Creamy Strawberry Extra Strong nikot\u00ednov\u00e9 vrec\u00fa\u0161ka kombinuj\u00fa sladkos\u0165 zrel\u00fdch jah\u00f4d s hladk\u00fdm kr\u00e9mov\u00fdm podt\u00f3nom, teraz s e\u0161te silnej\u0161\u00edm nikot\u00ednov\u00fdm n\u00e1bojom. Ka\u017ed\u00e9 vrec\u00fa\u0161ko, ktor\u00e9 sa pon\u00faka v tenkom form\u00e1te na diskr\u00e9tne a pohodln\u00e9 pou\u017e\u00edvanie, dod\u00e1va 24 mg nikot\u00ednu na gram, \u010do predstavuje pribli\u017ene 12 mg na vrec\u00fa\u0161ko. Tieto vrec\u00fa\u0161ka s\u00fa ide\u00e1lne pre sk\u00fasen\u00fdch u\u017e\u00edvate\u013eov, ktor\u00ed chc\u00fa ovocn\u00fa, kr\u00e9mov\u00fa chu\u0165 spolu s vysokou silou, zachov\u00e1vaj\u00fa si \u010derstvos\u0165 a z\u00e1rove\u0148 zabra\u0148uj\u00fa zafarbeniu zubov. T\u00e1to zna\u010dka, ktor\u00fa vyr\u00e1ba spolo\u010dnos\u0165 VONT AB vo \u0160v\u00e9dsku, je zn\u00e1ma svoj\u00edm modern\u00fdm dizajnom, inovat\u00edvnymi pr\u00edchu\u0165ami a konzistentnou kvalitou.<\/span><\/p>\n<table>\n<tbody>\n<tr>\n<td><b>Atrib\u00fat<\/b><\/td>\n<td><b>Podrobnosti<\/b><\/td>\n<\/tr>\n<tr>\n<td><b>Obsah na plechovku<\/b><\/td>\n<td><span style=\"font-weight: 400;\">10 g (20 vrec\u00fa\u0161ok)<\/span><\/td>\n<\/tr>\n<tr>\n<td><b>Obsah nikot\u00ednu<\/b><\/td>\n<td><span style=\"font-weight: 400;\">24 mg\/g (12 mg na s\u00e1\u010dok)<\/span><\/td>\n<\/tr>\n<tr>\n<td><b>Form\u00e1t vrecka<\/b><\/td>\n<td><span style=\"font-weight: 400;\">Slim<\/span><\/td>\n<\/tr>\n<tr>\n<td><b>V\u00fdrobca<\/b><\/td>\n<td><span style=\"font-weight: 400;\">VONT AB<\/span><\/td>\n<\/tr>\n<tr>\n<td><b>Pr\u00edchu\u0165<\/b><\/td>\n<td><span style=\"font-weight: 400;\">Jahoda a Kr\u00e9m<\/span><\/td>\n<\/tr>\n<tr>\n<td><b>Typ<\/b><\/td>\n<td><span style=\"font-weight: 400;\">Celobiele vrecko<\/span><\/td>\n<\/tr>\n<\/tbody>\n<\/table>","protected":false},"excerpt":{"rendered":"<p>VONT <strong data-start=\"5\" data-end=\"26\">Kr\u00e9mov\u00e1 jahoda<\/strong> <strong data-start=\"27\" data-end=\"43\">Extra siln\u00fd<\/strong> sp\u00e1ja sladk\u00e9 zrel\u00e9 jahody s jemn\u00fdm kr\u00e9mov\u00fdm n\u00e1dychom. Na . <strong data-start=\"104\" data-end=\"112\">\u0161t\u00edhly<\/strong> vrec\u00fa\u0161ka s\u00fa diskr\u00e9tne a zabra\u0148uj\u00fa zafarbeniu zubov. Ka\u017ed\u00e9 vrecko obsahuje <strong data-start=\"180\" data-end=\"198\">12 mg nikot\u00ednu<\/strong> (24 mg\/g) pre siln\u00fd kopanec. Vyr\u00e1ba spolo\u010dnos\u0165 VONT AB vo \u0160v\u00e9dsku, zn\u00e1ma modern\u00fdm dizajnom, inovat\u00edvnymi chu\u0165ami a konzistentnou kvalitou.<\/p>","protected":false},"featured_media":26817,"comment_status":"open","ping_status":"closed","template":"","format":[206],"meta":{"_acf_changed":false},"product_brand":[],"product_cat":[238],"product_tag":[16561],"flavours":[196],"nicotine":[232,217],"class_list":{"0":"post-26812","1":"product","2":"type-product","3":"status-publish","4":"has-post-thumbnail","6":"product_cat-vont","7":"product_tag-12-mg-pouch","8":"pa_quantity-1-pack","9":"pa_quantity-10-pack","10":"pa_quantity-3-pack","11":"pa_quantity-30-pack","12":"pa_quantity-5-pack","13":"pa_quantity-60-pack","14":"flavours-fruits-berries","15":"format-slim","16":"nicotine-extra-strong","17":"nicotine-24-mg-g","19":"first","20":"instock","21":"taxable","22":"shipping-taxable","23":"purchasable","24":"product-type-variable"},"acf":[],"_links":{"self":[{"href":"https:\/\/whitelip.com\/sk\/wp-json\/wp\/v2\/product\/26812","targetHints":{"allow":["GET"]}}],"collection":[{"href":"https:\/\/whitelip.com\/sk\/wp-json\/wp\/v2\/product"}],"about":[{"href":"https:\/\/whitelip.com\/sk\/wp-json\/wp\/v2\/types\/product"}],"replies":[{"embeddable":true,"href":"https:\/\/whitelip.com\/sk\/wp-json\/wp\/v2\/comments?post=26812"}],"wp:featuredmedia":[{"embeddable":true,"href":"https:\/\/whitelip.com\/sk\/wp-json\/wp\/v2\/media\/26817"}],"wp:attachment":[{"href":"https:\/\/whitelip.com\/sk\/wp-json\/wp\/v2\/media?parent=26812"}],"wp:term":[{"taxonomy":"product_brand","embeddable":true,"href":"https:\/\/whitelip.com\/sk\/wp-json\/wp\/v2\/product_brand?post=26812"},{"taxonomy":"product_cat","embeddable":true,"href":"https:\/\/whitelip.com\/sk\/wp-json\/wp\/v2\/product_cat?post=26812"},{"taxonomy":"product_tag","embeddable":true,"href":"https:\/\/whitelip.com\/sk\/wp-json\/wp\/v2\/product_tag?post=26812"},{"taxonomy":"flavours","embeddable":true,"href":"https:\/\/whitelip.com\/sk\/wp-json\/wp\/v2\/flavours?post=26812"},{"taxonomy":"format","embeddable":true,"href":"https:\/\/whitelip.com\/sk\/wp-json\/wp\/v2\/format?post=26812"},{"taxonomy":"nicotine","embeddable":true,"href":"https:\/\/whitelip.com\/sk\/wp-json\/wp\/v2\/nicotine?post=26812"}],"curies":[{"name":"wp","href":"https:\/\/api.w.org\/{rel}","templated":true}]}}