{"id":26807,"date":"2025-09-24T11:03:14","date_gmt":"2025-09-24T11:03:14","guid":{"rendered":"https:\/\/whitelip.com\/?post_type=product&#038;p=26807"},"modified":"2026-03-24T14:10:04","modified_gmt":"2026-03-24T14:10:04","slug":"vont-banana-extra-strong","status":"publish","type":"product","link":"https:\/\/whitelip.com\/sk\/vont\/vont-banana-extra-strong\/","title":{"rendered":"VONT Banana Extra Strong"},"content":{"rendered":"<h2><strong>VONT Banana Extra Strong<\/strong><\/h2>\n<p><span style=\"font-weight: 400;\">VONT Banana Extra Strong nikot\u00ednov\u00e9 vrec\u00fa\u0161ka poskytuj\u00fa rovnak\u00fa bohat\u00fa a sladk\u00fa ban\u00e1nov\u00fa chu\u0165 ako siln\u00e1 verzia, ale so zosilnen\u00fdm nikot\u00ednov\u00fdm kopom. Ka\u017ed\u00e9 vrec\u00fa\u0161ko tenk\u00e9ho form\u00e1tu, ktor\u00e9 je ur\u010den\u00e9 pre sk\u00fasen\u00fdch pou\u017e\u00edvate\u013eov, ktor\u00ed chc\u00fa v\u00fdrazn\u00fa chu\u0165 a maxim\u00e1lnu silu, poskytuje 24 mg nikot\u00ednu na gram, \u010do predstavuje pribli\u017ene 12 mg na vrec\u00fa\u0161ko. Banana Extra Strong je navrhnut\u00fd na diskr\u00e9tne pou\u017e\u00edvanie bez zafarbenia zubov a kombinuje ovocn\u00fa sladkos\u0165 so siln\u00fdm pr\u00edsunom nikot\u00ednu. Zna\u010dka, ktor\u00fa vyr\u00e1ba spolo\u010dnos\u0165 VONT AB vo \u0160v\u00e9dsku, je zn\u00e1ma svoj\u00edm \u010dist\u00fdm dizajnom, inovat\u00edvnymi pr\u00edchu\u0165ami a nekompromisnou kvalitou.<\/span><\/p>\n<table>\n<tbody>\n<tr>\n<td><b>Atrib\u00fat<\/b><\/td>\n<td><b>Podrobnosti<\/b><\/td>\n<\/tr>\n<tr>\n<td><b>Obsah na plechovku<\/b><\/td>\n<td><span style=\"font-weight: 400;\">10 g (20 vrec\u00fa\u0161ok)<\/span><\/td>\n<\/tr>\n<tr>\n<td><b>Obsah nikot\u00ednu<\/b><\/td>\n<td><span style=\"font-weight: 400;\">24 mg\/g (12 mg na s\u00e1\u010dok)<\/span><\/td>\n<\/tr>\n<tr>\n<td><b>Form\u00e1t vrecka<\/b><\/td>\n<td><span style=\"font-weight: 400;\">Slim<\/span><\/td>\n<\/tr>\n<tr>\n<td><b>V\u00fdrobca<\/b><\/td>\n<td><span style=\"font-weight: 400;\">VONT AB<\/span><\/td>\n<\/tr>\n<tr>\n<td><b>Pr\u00edchu\u0165<\/b><\/td>\n<td><span style=\"font-weight: 400;\">Ban\u00e1n<\/span><\/td>\n<\/tr>\n<tr>\n<td><b>Typ<\/b><\/td>\n<td><span style=\"font-weight: 400;\">Celobiele vrecko<\/span><\/td>\n<\/tr>\n<\/tbody>\n<\/table>","protected":false},"excerpt":{"rendered":"<p>VONT <strong data-start=\"5\" data-end=\"15\">Ban\u00e1n<\/strong> <strong data-start=\"16\" data-end=\"32\">Extra siln\u00fd<\/strong> pod\u00e1va bohat\u00fd, sladk\u00fd ban\u00e1n ako verzia Strong, ale s vy\u0161\u0161ou intenzitou. Na str\u00e1nke . <strong data-start=\"115\" data-end=\"123\">\u0161t\u00edhly<\/strong> vrec\u00fa\u0161ka s\u00fa diskr\u00e9tne a zabra\u0148uj\u00fa zafarbeniu zubov. Ka\u017ed\u00e9 vrecko obsahuje <strong data-start=\"191\" data-end=\"209\">12 mg nikot\u00ednu<\/strong> (24 mg\/g) pre siln\u00fd \u00fa\u010dinok. Vyr\u00e1ba spolo\u010dnos\u0165 VONT AB vo \u0160v\u00e9dsku, zn\u00e1ma \u010dist\u00fdm dizajnom, inovat\u00edvnymi chu\u0165ami a kvalitou.<\/p>","protected":false},"featured_media":26811,"comment_status":"open","ping_status":"closed","template":"","format":[206],"meta":{"_acf_changed":false},"product_brand":[],"product_cat":[238],"product_tag":[16561],"flavours":[196],"nicotine":[232,217],"class_list":{"0":"post-26807","1":"product","2":"type-product","3":"status-publish","4":"has-post-thumbnail","6":"product_cat-vont","7":"product_tag-12-mg-pouch","8":"pa_quantity-1-pack","9":"pa_quantity-10-pack","10":"pa_quantity-3-pack","11":"pa_quantity-30-pack","12":"pa_quantity-5-pack","13":"pa_quantity-60-pack","14":"flavours-fruits-berries","15":"format-slim","16":"nicotine-extra-strong","17":"nicotine-24-mg-g","19":"first","20":"instock","21":"taxable","22":"shipping-taxable","23":"purchasable","24":"product-type-variable","25":"has-default-attributes"},"acf":[],"_links":{"self":[{"href":"https:\/\/whitelip.com\/sk\/wp-json\/wp\/v2\/product\/26807","targetHints":{"allow":["GET"]}}],"collection":[{"href":"https:\/\/whitelip.com\/sk\/wp-json\/wp\/v2\/product"}],"about":[{"href":"https:\/\/whitelip.com\/sk\/wp-json\/wp\/v2\/types\/product"}],"replies":[{"embeddable":true,"href":"https:\/\/whitelip.com\/sk\/wp-json\/wp\/v2\/comments?post=26807"}],"wp:featuredmedia":[{"embeddable":true,"href":"https:\/\/whitelip.com\/sk\/wp-json\/wp\/v2\/media\/26811"}],"wp:attachment":[{"href":"https:\/\/whitelip.com\/sk\/wp-json\/wp\/v2\/media?parent=26807"}],"wp:term":[{"taxonomy":"product_brand","embeddable":true,"href":"https:\/\/whitelip.com\/sk\/wp-json\/wp\/v2\/product_brand?post=26807"},{"taxonomy":"product_cat","embeddable":true,"href":"https:\/\/whitelip.com\/sk\/wp-json\/wp\/v2\/product_cat?post=26807"},{"taxonomy":"product_tag","embeddable":true,"href":"https:\/\/whitelip.com\/sk\/wp-json\/wp\/v2\/product_tag?post=26807"},{"taxonomy":"flavours","embeddable":true,"href":"https:\/\/whitelip.com\/sk\/wp-json\/wp\/v2\/flavours?post=26807"},{"taxonomy":"format","embeddable":true,"href":"https:\/\/whitelip.com\/sk\/wp-json\/wp\/v2\/format?post=26807"},{"taxonomy":"nicotine","embeddable":true,"href":"https:\/\/whitelip.com\/sk\/wp-json\/wp\/v2\/nicotine?post=26807"}],"curies":[{"name":"wp","href":"https:\/\/api.w.org\/{rel}","templated":true}]}}