{"id":26802,"date":"2025-09-24T11:03:14","date_gmt":"2025-09-24T11:03:14","guid":{"rendered":"https:\/\/whitelip.com\/?post_type=product&#038;p=26802"},"modified":"2026-04-06T02:17:55","modified_gmt":"2026-04-06T02:17:55","slug":"vont-lemon-lime-strong","status":"publish","type":"product","link":"https:\/\/whitelip.com\/sk\/vont\/vont-lemon-lime-strong\/","title":{"rendered":"VONT Lemon Lime Strong"},"content":{"rendered":"<h2><strong>VONT Lemon Lime Strong<\/strong><\/h2>\n<p><span style=\"font-weight: 400;\">VONT Lemon Lime Siln\u00e9 nikot\u00ednov\u00e9 vrec\u00fa\u0161ka prin\u00e1\u0161aj\u00fa pikantn\u00fa a osvie\u017euj\u00facu citrusov\u00fa zmes, ktor\u00e1 vyva\u017euje ostros\u0165 citr\u00f3na s chu\u0165ou limetky. V\u00fdsledkom je jasn\u00e1, pikantn\u00e1 a povzbudzuj\u00faca chu\u0165, ktor\u00e1 dod\u00e1va energiu zmyslom. Ka\u017ed\u00e9 vrec\u00fa\u0161ko je navrhnut\u00e9 v tenkom form\u00e1te na diskr\u00e9tne a pohodln\u00e9 pou\u017e\u00edvanie a poskytuje siln\u00fd nikot\u00ednov\u00fd n\u00e1boj s obsahom 14 mg na gram, \u010do predstavuje pribli\u017ene 7 mg na vrec\u00fa\u0161ko. Lemon Lime Strong je ide\u00e1lny pre sk\u00fasen\u00fdch u\u017e\u00edvate\u013eov a pon\u00faka \u017eiv\u00fd chu\u0165ov\u00fd profil v kombin\u00e1cii so spo\u013eahlivou silou. T\u00e1to zna\u010dka, ktor\u00fa vyr\u00e1ba spolo\u010dnos\u0165 VONT AB vo \u0160v\u00e9dsku, je zn\u00e1ma svoj\u00edm modern\u00fdm \u0161t\u00fdlom, inovat\u00edvnymi chu\u0165ov\u00fdmi z\u00e1\u017eitkami a konzistentnou kvalitou.<\/span><\/p>\n<table>\n<tbody>\n<tr>\n<td><b>Atrib\u00fat<\/b><\/td>\n<td><b>Podrobnosti<\/b><\/td>\n<\/tr>\n<tr>\n<td><b>Obsah na plechovku<\/b><\/td>\n<td><span style=\"font-weight: 400;\">10 g (20 vrec\u00fa\u0161ok)<\/span><\/td>\n<\/tr>\n<tr>\n<td><b>Obsah nikot\u00ednu<\/b><\/td>\n<td><span style=\"font-weight: 400;\">14 mg\/g (7 mg na vak)<\/span><\/td>\n<\/tr>\n<tr>\n<td><b>Form\u00e1t vrecka<\/b><\/td>\n<td><span style=\"font-weight: 400;\">Slim<\/span><\/td>\n<\/tr>\n<tr>\n<td><b>V\u00fdrobca<\/b><\/td>\n<td><span style=\"font-weight: 400;\">VONT AB<\/span><\/td>\n<\/tr>\n<tr>\n<td><b>Pr\u00edchu\u0165<\/b><\/td>\n<td><span style=\"font-weight: 400;\">Citr\u00f3n a Limeta<\/span><\/td>\n<\/tr>\n<tr>\n<td><b>Typ<\/b><\/td>\n<td><span style=\"font-weight: 400;\">Celobiele vrecko<\/span><\/td>\n<\/tr>\n<\/tbody>\n<\/table>","protected":false},"excerpt":{"rendered":"<p>VONT <strong data-start=\"5\" data-end=\"19\">Lemon Lime<\/strong> <strong data-start=\"20\" data-end=\"30\">Siln\u00fd<\/strong> prin\u00e1\u0161a pikantn\u00fa, osvie\u017euj\u00facu zmes, ktor\u00e1 vyva\u017euje ostr\u00fd citr\u00f3n s chrumkavou limetkou a dod\u00e1va mu jasn\u00fa, pikantn\u00fa chu\u0165. Na str\u00e1nke . <strong data-start=\"138\" data-end=\"146\">\u0161t\u00edhly<\/strong> vreck\u00e1 pon\u00fakaj\u00fa diskr\u00e9tne a pohodln\u00e9 pou\u017e\u00edvanie pre sk\u00fasen\u00fdch pou\u017e\u00edvate\u013eov. Ka\u017ed\u00e9 vrecko obsahuje <strong data-start=\"230\" data-end=\"247\">7 mg nikot\u00ednu<\/strong> (14 mg\/g) pre siln\u00fd a spo\u013eahliv\u00fd kopanec. Vyr\u00e1ba spolo\u010dnos\u0165 VONT AB vo \u0160v\u00e9dsku, zn\u00e1ma modern\u00fdm \u0161t\u00fdlom, inovat\u00edvnymi chu\u0165ami a konzistentnou kvalitou.<\/p>","protected":false},"featured_media":26806,"comment_status":"open","ping_status":"closed","template":"","format":[206],"meta":{"_acf_changed":false},"product_brand":[],"product_cat":[238],"product_tag":[16640],"flavours":[190],"nicotine":[211,236],"class_list":{"0":"post-26802","1":"product","2":"type-product","3":"status-publish","4":"has-post-thumbnail","6":"product_cat-vont","7":"product_tag-7-mg-pouch","8":"pa_quantity-1-pack","9":"pa_quantity-10-pack","10":"pa_quantity-3-pack","11":"pa_quantity-30-pack","12":"pa_quantity-5-pack","13":"pa_quantity-60-pack","14":"flavours-citrus","15":"format-slim","16":"nicotine-14-mg-g","17":"nicotine-strong","19":"first","20":"instock","21":"taxable","22":"shipping-taxable","23":"purchasable","24":"product-type-variable","25":"has-default-attributes"},"acf":[],"_links":{"self":[{"href":"https:\/\/whitelip.com\/sk\/wp-json\/wp\/v2\/product\/26802","targetHints":{"allow":["GET"]}}],"collection":[{"href":"https:\/\/whitelip.com\/sk\/wp-json\/wp\/v2\/product"}],"about":[{"href":"https:\/\/whitelip.com\/sk\/wp-json\/wp\/v2\/types\/product"}],"replies":[{"embeddable":true,"href":"https:\/\/whitelip.com\/sk\/wp-json\/wp\/v2\/comments?post=26802"}],"wp:featuredmedia":[{"embeddable":true,"href":"https:\/\/whitelip.com\/sk\/wp-json\/wp\/v2\/media\/26806"}],"wp:attachment":[{"href":"https:\/\/whitelip.com\/sk\/wp-json\/wp\/v2\/media?parent=26802"}],"wp:term":[{"taxonomy":"product_brand","embeddable":true,"href":"https:\/\/whitelip.com\/sk\/wp-json\/wp\/v2\/product_brand?post=26802"},{"taxonomy":"product_cat","embeddable":true,"href":"https:\/\/whitelip.com\/sk\/wp-json\/wp\/v2\/product_cat?post=26802"},{"taxonomy":"product_tag","embeddable":true,"href":"https:\/\/whitelip.com\/sk\/wp-json\/wp\/v2\/product_tag?post=26802"},{"taxonomy":"flavours","embeddable":true,"href":"https:\/\/whitelip.com\/sk\/wp-json\/wp\/v2\/flavours?post=26802"},{"taxonomy":"format","embeddable":true,"href":"https:\/\/whitelip.com\/sk\/wp-json\/wp\/v2\/format?post=26802"},{"taxonomy":"nicotine","embeddable":true,"href":"https:\/\/whitelip.com\/sk\/wp-json\/wp\/v2\/nicotine?post=26802"}],"curies":[{"name":"wp","href":"https:\/\/api.w.org\/{rel}","templated":true}]}}