{"id":26791,"date":"2025-09-24T11:03:14","date_gmt":"2025-09-24T11:03:14","guid":{"rendered":"https:\/\/whitelip.com\/?post_type=product&#038;p=26791"},"modified":"2026-05-02T10:11:29","modified_gmt":"2026-05-02T10:11:29","slug":"vont-fresh-mint-strong","status":"publish","type":"product","link":"https:\/\/whitelip.com\/sk\/vont\/vont-fresh-mint-strong\/","title":{"rendered":"VONT Fresh Mint Strong"},"content":{"rendered":"<h2><strong>VONT Fresh Mint Strong<\/strong><\/h2>\n<p><span style=\"font-weight: 400;\">VONT Fresh Mint Siln\u00e9 nikot\u00ednov\u00e9 vrec\u00fa\u0161ka prin\u00e1\u0161aj\u00fa svie\u017ei a chladiv\u00fd pocit m\u00e4ty s osvie\u017euj\u00facim charakterom. Ide\u00e1lne pre t\u00fdch, ktor\u00ed maj\u00fa radi \u010dist\u00fa a osvie\u017euj\u00facu chu\u0165, vrec\u00fa\u0161ka tenk\u00e9ho form\u00e1tu poskytuj\u00fa diskr\u00e9tne pou\u017eitie a siln\u00fd nikot\u00ednov\u00fd n\u00e1boj 14 mg na gram, \u010do predstavuje pribli\u017ene 7 mg na vrec\u00fa\u0161ko. Fresh Mint Strong je ur\u010den\u00fd pre sk\u00fasen\u00fdch u\u017e\u00edvate\u013eov a kombinuje svie\u017eos\u0165 a silu, pri\u010dom zabra\u0148uje zafarbeniu zubov. Zna\u010dka, ktor\u00fa vyr\u00e1ba spolo\u010dnos\u0165 VONT AB vo \u0160v\u00e9dsku, vynik\u00e1 modern\u00fdm \u0161t\u00fdlom, vysokou kvalitou a konzistentn\u00fdm v\u00fdkonom.<\/span><\/p>\n<table>\n<tbody>\n<tr>\n<td><b>Atrib\u00fat<\/b><\/td>\n<td><b>Podrobnosti<\/b><\/td>\n<\/tr>\n<tr>\n<td><b>Obsah na plechovku<\/b><\/td>\n<td><span style=\"font-weight: 400;\">10 g (20 vrec\u00fa\u0161ok)<\/span><\/td>\n<\/tr>\n<tr>\n<td><b>Obsah nikot\u00ednu<\/b><\/td>\n<td><span style=\"font-weight: 400;\">14 mg\/g (7 mg na vak)<\/span><\/td>\n<\/tr>\n<tr>\n<td><b>Form\u00e1t vrecka<\/b><\/td>\n<td><span style=\"font-weight: 400;\">Slim<\/span><\/td>\n<\/tr>\n<tr>\n<td><b>V\u00fdrobca<\/b><\/td>\n<td><span style=\"font-weight: 400;\">VONT AB<\/span><\/td>\n<\/tr>\n<tr>\n<td><b>Pr\u00edchu\u0165<\/b><\/td>\n<td><span style=\"font-weight: 400;\">\u010cerstv\u00e1 m\u00e4ta<\/span><\/td>\n<\/tr>\n<tr>\n<td><b>Typ<\/b><\/td>\n<td><span style=\"font-weight: 400;\">Celobiele vrecko<\/span><\/td>\n<\/tr>\n<\/tbody>\n<\/table>","protected":false},"excerpt":{"rendered":"<p>VONT <strong data-start=\"5\" data-end=\"19\">\u010cerstv\u00e1 m\u00e4ta<\/strong> <strong data-start=\"20\" data-end=\"30\">Siln\u00fd<\/strong> prin\u00e1\u0161a svie\u017eu, chladiv\u00fa m\u00e4tu s \u010dist\u00fdm, osvie\u017euj\u00facim charakterom. Na str\u00e1nke . <strong data-start=\"104\" data-end=\"112\">\u0161t\u00edhly<\/strong> vreck\u00e1 poskytuj\u00fa diskr\u00e9tne a pohodln\u00e9 pou\u017e\u00edvanie a z\u00e1rove\u0148 zabra\u0148uj\u00fa zafarbeniu zubov. Ka\u017ed\u00e9 vrecko obsahuje <strong>7 mg nikot\u00ednu<\/strong> (14 mg\/g) pre pevn\u00fd kop. Vyr\u00e1ba spolo\u010dnos\u0165 VONT AB vo \u0160v\u00e9dsku, uzn\u00e1van\u00e1 pre modern\u00fd \u0161t\u00fdl, vysok\u00fa kvalitu a konzistentn\u00fd v\u00fdkon.<\/p>","protected":false},"featured_media":26795,"comment_status":"open","ping_status":"closed","template":"","format":[206],"meta":{"_acf_changed":false},"product_brand":[],"product_cat":[238],"product_tag":[16640],"flavours":[199],"nicotine":[211,236],"class_list":{"0":"post-26791","1":"product","2":"type-product","3":"status-publish","4":"has-post-thumbnail","6":"product_cat-vont","7":"product_tag-7-mg-pouch","8":"pa_quantity-1-pack","9":"pa_quantity-10-pack","10":"pa_quantity-3-pack","11":"pa_quantity-30-pack","12":"pa_quantity-5-pack","13":"pa_quantity-60-pack","14":"flavours-mint","15":"format-slim","16":"nicotine-14-mg-g","17":"nicotine-strong","19":"first","20":"instock","21":"taxable","22":"shipping-taxable","23":"purchasable","24":"product-type-variable"},"acf":[],"_links":{"self":[{"href":"https:\/\/whitelip.com\/sk\/wp-json\/wp\/v2\/product\/26791","targetHints":{"allow":["GET"]}}],"collection":[{"href":"https:\/\/whitelip.com\/sk\/wp-json\/wp\/v2\/product"}],"about":[{"href":"https:\/\/whitelip.com\/sk\/wp-json\/wp\/v2\/types\/product"}],"replies":[{"embeddable":true,"href":"https:\/\/whitelip.com\/sk\/wp-json\/wp\/v2\/comments?post=26791"}],"wp:featuredmedia":[{"embeddable":true,"href":"https:\/\/whitelip.com\/sk\/wp-json\/wp\/v2\/media\/26795"}],"wp:attachment":[{"href":"https:\/\/whitelip.com\/sk\/wp-json\/wp\/v2\/media?parent=26791"}],"wp:term":[{"taxonomy":"product_brand","embeddable":true,"href":"https:\/\/whitelip.com\/sk\/wp-json\/wp\/v2\/product_brand?post=26791"},{"taxonomy":"product_cat","embeddable":true,"href":"https:\/\/whitelip.com\/sk\/wp-json\/wp\/v2\/product_cat?post=26791"},{"taxonomy":"product_tag","embeddable":true,"href":"https:\/\/whitelip.com\/sk\/wp-json\/wp\/v2\/product_tag?post=26791"},{"taxonomy":"flavours","embeddable":true,"href":"https:\/\/whitelip.com\/sk\/wp-json\/wp\/v2\/flavours?post=26791"},{"taxonomy":"format","embeddable":true,"href":"https:\/\/whitelip.com\/sk\/wp-json\/wp\/v2\/format?post=26791"},{"taxonomy":"nicotine","embeddable":true,"href":"https:\/\/whitelip.com\/sk\/wp-json\/wp\/v2\/nicotine?post=26791"}],"curies":[{"name":"wp","href":"https:\/\/api.w.org\/{rel}","templated":true}]}}