{"id":26591,"date":"2025-09-24T11:03:15","date_gmt":"2025-09-24T11:03:15","guid":{"rendered":"https:\/\/whitelip.com\/?post_type=product&#038;p=26591"},"modified":"2026-04-15T15:57:43","modified_gmt":"2026-04-15T15:57:43","slug":"vont-creamy-strawberry-strong","status":"publish","type":"product","link":"https:\/\/whitelip.com\/sk\/vont\/vont-creamy-strawberry-strong\/","title":{"rendered":"VONT Kr\u00e9mov\u00e1 jahoda siln\u00e1"},"content":{"rendered":"<h2><strong>VONT Kr\u00e9mov\u00e1 jahoda siln\u00e1<\/strong><\/h2>\n<p><span style=\"font-weight: 400;\">VONT Creamy Strawberry Siln\u00e9 nikot\u00ednov\u00e9 vrec\u00fa\u0161ka kombinuj\u00fa sladkos\u0165 zrel\u00fdch jah\u00f4d s hladk\u00fdm kr\u00e9mov\u00fdm podt\u00f3nom, \u010d\u00edm vytv\u00e1raj\u00fa bohat\u00fa a vyv\u00e1\u017een\u00fa chu\u0165. Ka\u017ed\u00e9 vrec\u00fa\u0161ko, ktor\u00e9 sa pon\u00faka v tenkom form\u00e1te na diskr\u00e9tne a pohodln\u00e9 pou\u017e\u00edvanie, poskytuje siln\u00fd nikot\u00ednov\u00fd n\u00e1boj s obsahom 14 mg na gram, \u010do predstavuje pribli\u017ene 7 mg na vrec\u00fa\u0161ko. Tieto vrec\u00fa\u0161ka s\u00fa ide\u00e1lne pre sk\u00fasen\u00fdch u\u017e\u00edvate\u013eov, ktor\u00ed maj\u00fa radi ovocn\u00e9 aj kr\u00e9mov\u00e9 t\u00f3ny, zachov\u00e1vaj\u00fa si svie\u017eos\u0165 a z\u00e1rove\u0148 zabra\u0148uj\u00fa zafarbeniu zubov. T\u00e1to zna\u010dka, ktor\u00fa vyr\u00e1ba spolo\u010dnos\u0165 VONT AB vo \u0160v\u00e9dsku, je zn\u00e1ma svoj\u00edm modern\u00fdm dizajnom, inovat\u00edvnymi pr\u00edchu\u0165ami a konzistentnou kvalitou.<\/span><\/p>\n<table>\n<tbody>\n<tr>\n<td><b>Atrib\u00fat<\/b><\/td>\n<td><b>Podrobnosti<\/b><\/td>\n<\/tr>\n<tr>\n<td><b>Obsah na plechovku<\/b><\/td>\n<td><span style=\"font-weight: 400;\">10 g (20 vrec\u00fa\u0161ok)<\/span><\/td>\n<\/tr>\n<tr>\n<td><b>Obsah nikot\u00ednu<\/b><\/td>\n<td><span style=\"font-weight: 400;\">14 mg\/g (7 mg na vak)<\/span><\/td>\n<\/tr>\n<tr>\n<td><b>Form\u00e1t vrecka<\/b><\/td>\n<td><span style=\"font-weight: 400;\">Slim<\/span><\/td>\n<\/tr>\n<tr>\n<td><b>V\u00fdrobca<\/b><\/td>\n<td><span style=\"font-weight: 400;\">VONT AB<\/span><\/td>\n<\/tr>\n<tr>\n<td><b>Pr\u00edchu\u0165<\/b><\/td>\n<td><span style=\"font-weight: 400;\">Jahoda a Kr\u00e9m<\/span><\/td>\n<\/tr>\n<tr>\n<td><b>Typ<\/b><\/td>\n<td><span style=\"font-weight: 400;\">Celobiele vrecko<\/span><\/td>\n<\/tr>\n<\/tbody>\n<\/table>","protected":false},"excerpt":{"rendered":"<p>VONT Creamy Strawberry Siln\u00e9 nikot\u00ednov\u00e9 vrec\u00fa\u0161ka poskytuj\u00fa sladk\u00fd, hladk\u00fd <strong data-start=\"71\" data-end=\"92\">Kr\u00e9mov\u00e1 jahoda<\/strong> chu\u0165 s bohat\u00fdm, dobre zaoblen\u00fdm profilom. <strong data-start=\"135\" data-end=\"143\">Slim<\/strong> form\u00e1t pre diskr\u00e9tne a pohodln\u00e9 pou\u017e\u00edvanie; siln\u00fd kop ide\u00e1lny pre sk\u00fasen\u00fdch pou\u017e\u00edvate\u013eov a nezafarbuje zuby. Ka\u017ed\u00e9 vrecko obsahuje <strong data-start=\"265\" data-end=\"282\">7 mg nikot\u00ednu<\/strong> (14 mg\/g). Vyroben\u00e9 vo \u0160v\u00e9dsku spolo\u010dnos\u0165ou VONT AB s modern\u00fdm dizajnom a konzistentnou kvalitou.<\/p>","protected":false},"featured_media":26595,"comment_status":"open","ping_status":"closed","template":"","format":[206],"meta":{"_acf_changed":false},"product_brand":[],"product_cat":[238],"product_tag":[16640],"flavours":[196],"nicotine":[211,236],"class_list":{"0":"post-26591","1":"product","2":"type-product","3":"status-publish","4":"has-post-thumbnail","6":"product_cat-vont","7":"product_tag-7-mg-pouch","8":"pa_quantity-1-pack","9":"pa_quantity-10-pack","10":"pa_quantity-3-pack","11":"pa_quantity-30-pack","12":"pa_quantity-5-pack","13":"pa_quantity-60-pack","14":"flavours-fruits-berries","15":"format-slim","16":"nicotine-14-mg-g","17":"nicotine-strong","19":"first","20":"instock","21":"taxable","22":"shipping-taxable","23":"purchasable","24":"product-type-variable","25":"has-default-attributes"},"acf":[],"_links":{"self":[{"href":"https:\/\/whitelip.com\/sk\/wp-json\/wp\/v2\/product\/26591","targetHints":{"allow":["GET"]}}],"collection":[{"href":"https:\/\/whitelip.com\/sk\/wp-json\/wp\/v2\/product"}],"about":[{"href":"https:\/\/whitelip.com\/sk\/wp-json\/wp\/v2\/types\/product"}],"replies":[{"embeddable":true,"href":"https:\/\/whitelip.com\/sk\/wp-json\/wp\/v2\/comments?post=26591"}],"wp:featuredmedia":[{"embeddable":true,"href":"https:\/\/whitelip.com\/sk\/wp-json\/wp\/v2\/media\/26595"}],"wp:attachment":[{"href":"https:\/\/whitelip.com\/sk\/wp-json\/wp\/v2\/media?parent=26591"}],"wp:term":[{"taxonomy":"product_brand","embeddable":true,"href":"https:\/\/whitelip.com\/sk\/wp-json\/wp\/v2\/product_brand?post=26591"},{"taxonomy":"product_cat","embeddable":true,"href":"https:\/\/whitelip.com\/sk\/wp-json\/wp\/v2\/product_cat?post=26591"},{"taxonomy":"product_tag","embeddable":true,"href":"https:\/\/whitelip.com\/sk\/wp-json\/wp\/v2\/product_tag?post=26591"},{"taxonomy":"flavours","embeddable":true,"href":"https:\/\/whitelip.com\/sk\/wp-json\/wp\/v2\/flavours?post=26591"},{"taxonomy":"format","embeddable":true,"href":"https:\/\/whitelip.com\/sk\/wp-json\/wp\/v2\/format?post=26591"},{"taxonomy":"nicotine","embeddable":true,"href":"https:\/\/whitelip.com\/sk\/wp-json\/wp\/v2\/nicotine?post=26591"}],"curies":[{"name":"wp","href":"https:\/\/api.w.org\/{rel}","templated":true}]}}