{"id":14231,"date":"2025-08-20T11:05:20","date_gmt":"2025-08-20T11:05:20","guid":{"rendered":"https:\/\/whitelip.com\/?post_type=product&#038;p=14231"},"modified":"2026-04-29T10:11:20","modified_gmt":"2026-04-29T10:11:20","slug":"nois-extreme-blueberry-50mg","status":"publish","type":"product","link":"https:\/\/whitelip.com\/sk\/nois\/nois-extreme-blueberry-50mg\/","title":{"rendered":"NOIS Extreme Blueberry 50mg"},"content":{"rendered":"<h2><strong>NOIS Extreme Blueberry 50mg<\/strong><\/h2>\n<p><span style=\"font-weight: 400;\">NOIS Extreme Blueberry 50 mg kombinuje <\/span><b>bohat\u00e1, \u0161\u0165avnat\u00e1 \u010du\u010doriedkov\u00e1 pr\u00edchu\u0165 s \u013eadov\u00fdm mentolov\u00fdm n\u00e1dychom<\/b><span style=\"font-weight: 400;\"> na vytvorenie jedine\u010dn\u00e9ho intenz\u00edvneho z\u00e1\u017eitku z vrec\u00fa\u0161ka. Tento vrec\u00fa\u0161ko, vytvoren\u00e9 pre sk\u00fasen\u00fdch pou\u017e\u00edvate\u013eov, poskytuje neuverite\u013ene siln\u00fd nikot\u00ednov\u00fd z\u00e1sah <\/span><b>25 mg na vrecko<\/b><span style=\"font-weight: 400;\"> (50 mg\/g), ur\u010den\u00fd pre t\u00fdch, ktor\u00ed t\u00fa\u017eia po chuti a maxim\u00e1lnej sile v jednej silnej kombin\u00e1cii.<\/span><\/p>\n<p><span style=\"font-weight: 400;\">Tenk\u00e9 vrec\u00fa\u0161ka bez tabaku sa pohodlne a diskr\u00e9tne vkladaj\u00fa pod pery a pon\u00fakaj\u00fa \u010dist\u00e9 pou\u017e\u00edvanie bez zafarbenia zubov. V\u010faka hlbokej chuti lesn\u00fdch plodov a \u013eadovo chladiv\u00e9mu \u00fa\u010dinku je NOIS Extreme Blueberry 50 mg dokonalou vo\u013ebou pre pokro\u010dil\u00fdch pou\u017e\u00edvate\u013eov, ktor\u00ed chc\u00fa v\u00fdrazn\u00fa chu\u0165 a vysok\u00fd \u00fa\u010dinok.<\/span><\/p>\n<table>\n<tbody>\n<tr>\n<td><b>Atrib\u00fat<\/b><\/td>\n<td><b>Podrobnosti<\/b><\/td>\n<\/tr>\n<tr>\n<td><b>Zna\u010dka<\/b><\/td>\n<td><span style=\"font-weight: 400;\">NOIS<\/span><\/td>\n<\/tr>\n<tr>\n<td><b>Typ v\u00fdrobku<\/b><\/td>\n<td><span style=\"font-weight: 400;\">V\u0161etky biele nikot\u00ednov\u00e9 vreck\u00e1<\/span><\/td>\n<\/tr>\n<tr>\n<td><b>Form\u00e1t<\/b><\/td>\n<td><span style=\"font-weight: 400;\">Slim<\/span><\/td>\n<\/tr>\n<tr>\n<td><b>Pr\u00edchu\u0165<\/b><\/td>\n<td><span style=\"font-weight: 400;\">Bobu\u013ea, mentol<\/span><\/td>\n<\/tr>\n<tr>\n<td><b>Sila nikot\u00ednu<\/b><\/td>\n<td><span style=\"font-weight: 400;\">25 mg na vrec\u00fa\u0161ko (50 mg\/g)<\/span><\/td>\n<\/tr>\n<tr>\n<td><b>Hmotnos\u0165 porcie<\/b><\/td>\n<td><span style=\"font-weight: 400;\">0,5 gramu<\/span><\/td>\n<\/tr>\n<tr>\n<td><b>Po\u010det porci\u00ed<\/b><\/td>\n<td><span style=\"font-weight: 400;\">27 na plechovku<\/span><\/td>\n<\/tr>\n<tr>\n<td><b>Celkov\u00e1 hmotnos\u0165 plechovky<\/b><\/td>\n<td><span style=\"font-weight: 400;\">11 gramov<\/span><\/td>\n<\/tr>\n<tr>\n<td><b>V\u00fdrobca<\/b><\/td>\n<td><span style=\"font-weight: 400;\">HRJ Production O\u00dc<\/span><\/td>\n<\/tr>\n<tr>\n<td><b>Pozoruhodn\u00e9 funkcie<\/b><\/td>\n<td><span style=\"font-weight: 400;\">Bez tab\u00e1ku, \u0161t\u00edhly form\u00e1t, intenz\u00edvna chu\u0165 bobu\u013ee s \u013eadovou mentolom a ultra vysok\u00fdm nikot\u00ednom<\/span><\/td>\n<\/tr>\n<\/tbody>\n<\/table>","protected":false},"excerpt":{"rendered":"<p><span style=\"font-weight: 400;\">NOIS Extreme Blueberry 50 mg kombinuje <\/span><b>bohat\u00e1, \u0161\u0165avnat\u00e1 \u010du\u010doriedkov\u00e1 pr\u00edchu\u0165 s \u013eadov\u00fdm mentolov\u00fdm n\u00e1dychom<\/b><span style=\"font-weight: 400;\"> na vytvorenie jedine\u010dn\u00e9ho intenz\u00edvneho z\u00e1\u017eitku z vrec\u00fa\u0161ka. Tento vrec\u00fa\u0161ko, vytvoren\u00e9 pre sk\u00fasen\u00fdch pou\u017e\u00edvate\u013eov, poskytuje neuverite\u013ene siln\u00fd nikot\u00ednov\u00fd z\u00e1sah <\/span><b>25 mg na vrecko<\/b><span style=\"font-weight: 400;\"> (50 mg\/g), ur\u010den\u00fd pre t\u00fdch, ktor\u00ed t\u00fa\u017eia po chuti a maxim\u00e1lnej sile v jednej silnej kombin\u00e1cii.<\/span><\/p>","protected":false},"featured_media":14235,"comment_status":"open","ping_status":"closed","template":"","format":[206],"meta":{"_acf_changed":false},"product_brand":[],"product_cat":[127],"product_tag":[16510,16589],"flavours":[196],"nicotine":[219,233],"class_list":{"0":"post-14231","1":"product","2":"type-product","3":"status-publish","4":"has-post-thumbnail","6":"product_cat-nois","7":"product_tag-12-off","8":"product_tag-25-mg-pouch","9":"pa_quantity-1-pack","10":"pa_quantity-10-pack","11":"pa_quantity-3-pack","12":"pa_quantity-30-pack","13":"pa_quantity-5-pack","14":"pa_quantity-60-pack","15":"flavours-fruits-berries","16":"format-slim","17":"nicotine-25-mg-g","18":"nicotine-extreme","20":"first","21":"instock","22":"sale","23":"taxable","24":"shipping-taxable","25":"purchasable","26":"product-type-variable","27":"has-default-attributes"},"acf":[],"_links":{"self":[{"href":"https:\/\/whitelip.com\/sk\/wp-json\/wp\/v2\/product\/14231","targetHints":{"allow":["GET"]}}],"collection":[{"href":"https:\/\/whitelip.com\/sk\/wp-json\/wp\/v2\/product"}],"about":[{"href":"https:\/\/whitelip.com\/sk\/wp-json\/wp\/v2\/types\/product"}],"replies":[{"embeddable":true,"href":"https:\/\/whitelip.com\/sk\/wp-json\/wp\/v2\/comments?post=14231"}],"wp:featuredmedia":[{"embeddable":true,"href":"https:\/\/whitelip.com\/sk\/wp-json\/wp\/v2\/media\/14235"}],"wp:attachment":[{"href":"https:\/\/whitelip.com\/sk\/wp-json\/wp\/v2\/media?parent=14231"}],"wp:term":[{"taxonomy":"product_brand","embeddable":true,"href":"https:\/\/whitelip.com\/sk\/wp-json\/wp\/v2\/product_brand?post=14231"},{"taxonomy":"product_cat","embeddable":true,"href":"https:\/\/whitelip.com\/sk\/wp-json\/wp\/v2\/product_cat?post=14231"},{"taxonomy":"product_tag","embeddable":true,"href":"https:\/\/whitelip.com\/sk\/wp-json\/wp\/v2\/product_tag?post=14231"},{"taxonomy":"flavours","embeddable":true,"href":"https:\/\/whitelip.com\/sk\/wp-json\/wp\/v2\/flavours?post=14231"},{"taxonomy":"format","embeddable":true,"href":"https:\/\/whitelip.com\/sk\/wp-json\/wp\/v2\/format?post=14231"},{"taxonomy":"nicotine","embeddable":true,"href":"https:\/\/whitelip.com\/sk\/wp-json\/wp\/v2\/nicotine?post=14231"}],"curies":[{"name":"wp","href":"https:\/\/api.w.org\/{rel}","templated":true}]}}