{"id":14210,"date":"2025-08-20T11:05:21","date_gmt":"2025-08-20T11:05:21","guid":{"rendered":"https:\/\/whitelip.com\/?post_type=product&#038;p=14210"},"modified":"2026-04-15T12:12:32","modified_gmt":"2026-04-15T12:12:32","slug":"nois-mint-20mg","status":"publish","type":"product","link":"https:\/\/whitelip.com\/sk\/nois\/nois-mint-20mg\/","title":{"rendered":"NOIS M\u00e4ta 20mg"},"content":{"rendered":"<h2><strong>NOIS M\u00e4ta 20mg<\/strong><\/h2>\n<p><span style=\"font-weight: 400;\">NOIS Mint 20mg poskytuje <\/span><b>intenz\u00edvne svie\u017ea a chladiv\u00e1 m\u00e4tov\u00e1 pr\u00edchu\u0165<\/b><span style=\"font-weight: 400;\">, navrhnut\u00e1 tak, aby prebudila va\u0161e zmysly svie\u017eim a \u010dist\u00fdm pocitom. Ide\u00e1lne pre pou\u017e\u00edvate\u013eov, ktor\u00ed maj\u00fa radi klasick\u00e9 m\u00e4tov\u00e9 vrec\u00fa\u0161ka s mimoriadne siln\u00fdm nikot\u00ednov\u00fdm n\u00e1bojom, ka\u017ed\u00e9 tenk\u00e9 vrec\u00fa\u0161ko pon\u00faka r\u00fdchly a uspokojuj\u00faci z\u00e1\u017eitok. S <\/span><b>10 mg nikot\u00ednu na vrec\u00fa\u0161ko<\/b><span style=\"font-weight: 400;\"> (20 mg\/g), je stvoren\u00fd pre sk\u00fasen\u00fdch pou\u017e\u00edvate\u013eov, ktor\u00ed h\u013eadaj\u00fa vysok\u00fd v\u00fdkon a \u013eadov\u00fd osvie\u017euj\u00faci pocit.<\/span><\/p>\n<p><span style=\"font-weight: 400;\">Tieto celofarebn\u00e9 vreck\u00fa\u0161ka sa diskr\u00e9tne vlo\u017eia pod peru a s\u00fa navrhnut\u00e9 tak, aby zabr\u00e1nili zafarbeniu zubov alebo nepohodliu. NOIS Mint 20mg bez nikot\u00ednu, vyroben\u00fd z pr\u00e9miov\u00fdch rastlinn\u00fdch zlo\u017eiek, je ide\u00e1lnou vo\u013ebou pre ka\u017ed\u00e9ho, kto h\u013ead\u00e1 \u010dist\u00fa, siln\u00fa a osvie\u017euj\u00facu alternat\u00edvu nikot\u00ednu.<\/span><\/p>\n<p><b>\u0160pecifik\u00e1cie<\/b><\/p>\n<table>\n<tbody>\n<tr>\n<td><b>Atrib\u00fat<\/b><\/td>\n<td><b>Podrobnosti<\/b><\/td>\n<\/tr>\n<tr>\n<td><b>Zna\u010dka<\/b><\/td>\n<td><span style=\"font-weight: 400;\">NOIS<\/span><\/td>\n<\/tr>\n<tr>\n<td><b>Typ v\u00fdrobku<\/b><\/td>\n<td><span style=\"font-weight: 400;\">V\u0161etky biele nikot\u00ednov\u00e9 vreck\u00e1<\/span><\/td>\n<\/tr>\n<tr>\n<td><b>Form\u00e1t<\/b><\/td>\n<td><span style=\"font-weight: 400;\">Slim<\/span><\/td>\n<\/tr>\n<tr>\n<td><b>Pr\u00edchu\u0165<\/b><\/td>\n<td><span style=\"font-weight: 400;\">M\u00e4ta<\/span><\/td>\n<\/tr>\n<tr>\n<td><b>Sila nikot\u00ednu<\/b><\/td>\n<td><span style=\"font-weight: 400;\">10 mg na vrec\u00fa\u0161ko (20 mg\/g)<\/span><\/td>\n<\/tr>\n<tr>\n<td><b>Hmotnos\u0165 porcie<\/b><\/td>\n<td><span style=\"font-weight: 400;\">0,5 gramu<\/span><\/td>\n<\/tr>\n<tr>\n<td><b>Po\u010det porci\u00ed<\/b><\/td>\n<td><span style=\"font-weight: 400;\">22 na plechovku<\/span><\/td>\n<\/tr>\n<tr>\n<td><b>Celkov\u00e1 hmotnos\u0165 plechovky<\/b><\/td>\n<td><span style=\"font-weight: 400;\">11 gramov<\/span><\/td>\n<\/tr>\n<tr>\n<td><b>V\u00fdrobca<\/b><\/td>\n<td><span style=\"font-weight: 400;\">HRJ Production O\u00dc<\/span><\/td>\n<\/tr>\n<tr>\n<td><b>Pozoruhodn\u00e9 funkcie<\/b><\/td>\n<td><span style=\"font-weight: 400;\">Bez tab\u00e1ku, \u0161t\u00edhly form\u00e1t, ultra osvie\u017euj\u00faca chu\u0165 m\u00e4ty s extra siln\u00fdm nikot\u00ednom<\/span><\/td>\n<\/tr>\n<\/tbody>\n<\/table>","protected":false},"excerpt":{"rendered":"<p><span style=\"font-weight: 400;\">NOIS Mint 20mg poskytuje <\/span><b>intenz\u00edvne svie\u017ea a chladiv\u00e1 m\u00e4tov\u00e1 pr\u00edchu\u0165<\/b><span style=\"font-weight: 400;\">, navrhnut\u00e1 tak, aby prebudila va\u0161e zmysly svie\u017eim a \u010dist\u00fdm pocitom. Ide\u00e1lne pre pou\u017e\u00edvate\u013eov, ktor\u00ed maj\u00fa radi klasick\u00e9 m\u00e4tov\u00e9 vrec\u00fa\u0161ka s mimoriadne siln\u00fdm nikot\u00ednov\u00fdm n\u00e1bojom, ka\u017ed\u00e9 tenk\u00e9 vrec\u00fa\u0161ko pon\u00faka r\u00fdchly a uspokojuj\u00faci z\u00e1\u017eitok. S <\/span><b>10 mg nikot\u00ednu na vrec\u00fa\u0161ko<\/b><span style=\"font-weight: 400;\"> (20 mg\/g), je stvoren\u00fd pre sk\u00fasen\u00fdch pou\u017e\u00edvate\u013eov, ktor\u00ed h\u013eadaj\u00fa vysok\u00fd v\u00fdkon a \u013eadov\u00fd osvie\u017euj\u00faci pocit.<\/span><\/p>","protected":false},"featured_media":14214,"comment_status":"open","ping_status":"closed","template":"","format":[206],"meta":{"_acf_changed":false},"product_brand":[],"product_cat":[127],"product_tag":[16587,16510],"flavours":[199],"nicotine":[218,232],"class_list":{"0":"post-14210","1":"product","2":"type-product","3":"status-publish","4":"has-post-thumbnail","6":"product_cat-nois","7":"product_tag-10-mg-pouch","8":"product_tag-12-off","9":"pa_quantity-1-pack","10":"pa_quantity-10-pack","11":"pa_quantity-3-pack","12":"pa_quantity-30-pack","13":"pa_quantity-5-pack","14":"pa_quantity-60-pack","15":"flavours-mint","16":"format-slim","17":"nicotine-20-mg-g","18":"nicotine-extra-strong","20":"first","21":"instock","22":"sale","23":"taxable","24":"shipping-taxable","25":"purchasable","26":"product-type-variable","27":"has-default-attributes"},"acf":[],"_links":{"self":[{"href":"https:\/\/whitelip.com\/sk\/wp-json\/wp\/v2\/product\/14210","targetHints":{"allow":["GET"]}}],"collection":[{"href":"https:\/\/whitelip.com\/sk\/wp-json\/wp\/v2\/product"}],"about":[{"href":"https:\/\/whitelip.com\/sk\/wp-json\/wp\/v2\/types\/product"}],"replies":[{"embeddable":true,"href":"https:\/\/whitelip.com\/sk\/wp-json\/wp\/v2\/comments?post=14210"}],"wp:featuredmedia":[{"embeddable":true,"href":"https:\/\/whitelip.com\/sk\/wp-json\/wp\/v2\/media\/14214"}],"wp:attachment":[{"href":"https:\/\/whitelip.com\/sk\/wp-json\/wp\/v2\/media?parent=14210"}],"wp:term":[{"taxonomy":"product_brand","embeddable":true,"href":"https:\/\/whitelip.com\/sk\/wp-json\/wp\/v2\/product_brand?post=14210"},{"taxonomy":"product_cat","embeddable":true,"href":"https:\/\/whitelip.com\/sk\/wp-json\/wp\/v2\/product_cat?post=14210"},{"taxonomy":"product_tag","embeddable":true,"href":"https:\/\/whitelip.com\/sk\/wp-json\/wp\/v2\/product_tag?post=14210"},{"taxonomy":"flavours","embeddable":true,"href":"https:\/\/whitelip.com\/sk\/wp-json\/wp\/v2\/flavours?post=14210"},{"taxonomy":"format","embeddable":true,"href":"https:\/\/whitelip.com\/sk\/wp-json\/wp\/v2\/format?post=14210"},{"taxonomy":"nicotine","embeddable":true,"href":"https:\/\/whitelip.com\/sk\/wp-json\/wp\/v2\/nicotine?post=14210"}],"curies":[{"name":"wp","href":"https:\/\/api.w.org\/{rel}","templated":true}]}}