{"id":14204,"date":"2025-08-20T11:05:22","date_gmt":"2025-08-20T11:05:22","guid":{"rendered":"https:\/\/whitelip.com\/?post_type=product&#038;p=14204"},"modified":"2026-05-11T10:11:42","modified_gmt":"2026-05-11T10:11:42","slug":"nois-blackcurrant-16mg","status":"publish","type":"product","link":"https:\/\/whitelip.com\/sk\/nois\/nois-blackcurrant-16mg\/","title":{"rendered":"NOIS \u010cierne r\u00edbezle 16 mg"},"content":{"rendered":"<h2><strong>NOIS \u010cierne r\u00edbezle 16 mg<\/strong><\/h2>\n<p><span style=\"font-weight: 400;\">NOIS Blackcurrant 16 mg poskytuje <\/span><b>v\u00fdrazn\u00e1 a \u0161\u0165avnat\u00e1 chu\u0165 \u010diernych r\u00edbezl\u00ed<\/b><span style=\"font-weight: 400;\">, ktor\u00e9 pon\u00faka bohat\u00fd z\u00e1\u017eitok z bobu\u013eov\u00e9ho ovocia s trpk\u00fdm, ale sladk\u00fdm z\u00e1verom. Vyroben\u00e9 pre pou\u017e\u00edvate\u013eov, ktor\u00ed maj\u00fa radi intenz\u00edvne ovocn\u00e9 profily, ka\u017ed\u00e9 vrec\u00fa\u0161ko poskytuje konzistentn\u00fa a siln\u00fa d\u00e1vku nikot\u00ednu. S <\/span><b>8 mg nikot\u00ednu v jednom vrec\u00fa\u0161ku<\/b><span style=\"font-weight: 400;\"> (16 mg\/g) je ur\u010den\u00fd pre t\u00fdch, ktor\u00ed h\u013eadaj\u00fa siln\u00fd a trval\u00fd \u00fa\u010dinok.<\/span><\/p>\n<p><span style=\"font-weight: 400;\">Tieto tenk\u00e9, \u00faplne biele vrec\u00fa\u0161ka s\u00fa vyroben\u00e9 na diskr\u00e9tne a pohodln\u00e9 pou\u017e\u00edvanie, \u013eahko sa umiestnia pod pery bez toho, aby zafarbili zuby alebo sp\u00f4sobili podr\u00e1\u017edenie. Vrec\u00fa\u0161ka NOIS, ktor\u00e9 vyr\u00e1ba spolo\u010dnos\u0165 HRJ Production O\u00dc, odr\u00e1\u017eaj\u00fa vysok\u00fd \u0161tandard kvality a pou\u017e\u00edvaj\u00fa materi\u00e1ly bez tabaku na rastlinnej b\u00e1ze, ktor\u00e9 predstavuj\u00fa \u010dist\u00fa a uspokojiv\u00fa modern\u00fa alternat\u00edvu.<\/span><\/p>\n<table>\n<tbody>\n<tr>\n<td><b>Atrib\u00fat<\/b><\/td>\n<td><b>Podrobnosti<\/b><\/td>\n<\/tr>\n<tr>\n<td><b>Zna\u010dka<\/b><\/td>\n<td><span style=\"font-weight: 400;\">NOIS<\/span><\/td>\n<\/tr>\n<tr>\n<td><b>Typ v\u00fdrobku<\/b><\/td>\n<td><span style=\"font-weight: 400;\">V\u0161etky biele nikot\u00ednov\u00e9 vreck\u00e1<\/span><\/td>\n<\/tr>\n<tr>\n<td><b>Form\u00e1t<\/b><\/td>\n<td><span style=\"font-weight: 400;\">Slim<\/span><\/td>\n<\/tr>\n<tr>\n<td><b>Pr\u00edchu\u0165<\/b><\/td>\n<td><span style=\"font-weight: 400;\">\u010cierne r\u00edbezle<\/span><\/td>\n<\/tr>\n<tr>\n<td><b>Sila nikot\u00ednu<\/b><\/td>\n<td><span style=\"font-weight: 400;\">8 mg na vrec\u00fa\u0161ko (16 mg\/g)<\/span><\/td>\n<\/tr>\n<tr>\n<td><b>Hmotnos\u0165 porcie<\/b><\/td>\n<td><span style=\"font-weight: 400;\">0,5 gramu<\/span><\/td>\n<\/tr>\n<tr>\n<td><b>Po\u010det porci\u00ed<\/b><\/td>\n<td><span style=\"font-weight: 400;\">22 na plechovku<\/span><\/td>\n<\/tr>\n<tr>\n<td><b>Celkov\u00e1 hmotnos\u0165 plechovky<\/b><\/td>\n<td><span style=\"font-weight: 400;\">11 gramov<\/span><\/td>\n<\/tr>\n<tr>\n<td><b>V\u00fdrobca<\/b><\/td>\n<td><span style=\"font-weight: 400;\">HRJ Production O\u00dc<\/span><\/td>\n<\/tr>\n<tr>\n<td><b>Pozoruhodn\u00e9 funkcie<\/b><\/td>\n<td><span style=\"font-weight: 400;\">Bez tab\u00e1ku, \u0161t\u00edhly form\u00e1t, bohat\u00e1 chu\u0165 \u010dierneho r\u00edbez\u013ea s siln\u00fdm \u00fa\u010dinkom nikot\u00ednu<\/span><\/td>\n<\/tr>\n<\/tbody>\n<\/table>","protected":false},"excerpt":{"rendered":"<p><span style=\"font-weight: 400;\">NOIS Blackcurrant 16 mg poskytuje <\/span><b>v\u00fdrazn\u00e1 a \u0161\u0165avnat\u00e1 chu\u0165 \u010diernych r\u00edbezl\u00ed<\/b><span style=\"font-weight: 400;\">, ktor\u00e9 pon\u00faka bohat\u00fd z\u00e1\u017eitok z bobu\u013eov\u00e9ho ovocia s trpk\u00fdm, ale sladk\u00fdm z\u00e1verom. Vyroben\u00e9 pre pou\u017e\u00edvate\u013eov, ktor\u00ed maj\u00fa radi intenz\u00edvne ovocn\u00e9 profily, ka\u017ed\u00e9 vrec\u00fa\u0161ko poskytuje konzistentn\u00fa a siln\u00fa d\u00e1vku nikot\u00ednu. S <\/span><b>8 mg nikot\u00ednu v jednom vrec\u00fa\u0161ku<\/b><span style=\"font-weight: 400;\"> (16 mg\/g) je ur\u010den\u00fd pre t\u00fdch, ktor\u00ed h\u013eadaj\u00fa siln\u00fd a trval\u00fd \u00fa\u010dinok.<\/span><\/p>","protected":false},"featured_media":14208,"comment_status":"open","ping_status":"closed","template":"","format":[206],"meta":{"_acf_changed":false},"product_brand":[],"product_cat":[127],"product_tag":[16510,16583],"flavours":[196],"nicotine":[213,232],"class_list":{"0":"post-14204","1":"product","2":"type-product","3":"status-publish","4":"has-post-thumbnail","6":"product_cat-nois","7":"product_tag-12-off","8":"product_tag-8-mg-pouch","9":"pa_quantity-1-pack","10":"pa_quantity-10-pack","11":"pa_quantity-3-pack","12":"pa_quantity-30-pack","13":"pa_quantity-5-pack","14":"pa_quantity-60-pack","15":"flavours-fruits-berries","16":"format-slim","17":"nicotine-16-mg-g","18":"nicotine-extra-strong","20":"first","21":"instock","22":"sale","23":"taxable","24":"shipping-taxable","25":"purchasable","26":"product-type-variable","27":"has-default-attributes"},"acf":[],"_links":{"self":[{"href":"https:\/\/whitelip.com\/sk\/wp-json\/wp\/v2\/product\/14204","targetHints":{"allow":["GET"]}}],"collection":[{"href":"https:\/\/whitelip.com\/sk\/wp-json\/wp\/v2\/product"}],"about":[{"href":"https:\/\/whitelip.com\/sk\/wp-json\/wp\/v2\/types\/product"}],"replies":[{"embeddable":true,"href":"https:\/\/whitelip.com\/sk\/wp-json\/wp\/v2\/comments?post=14204"}],"wp:featuredmedia":[{"embeddable":true,"href":"https:\/\/whitelip.com\/sk\/wp-json\/wp\/v2\/media\/14208"}],"wp:attachment":[{"href":"https:\/\/whitelip.com\/sk\/wp-json\/wp\/v2\/media?parent=14204"}],"wp:term":[{"taxonomy":"product_brand","embeddable":true,"href":"https:\/\/whitelip.com\/sk\/wp-json\/wp\/v2\/product_brand?post=14204"},{"taxonomy":"product_cat","embeddable":true,"href":"https:\/\/whitelip.com\/sk\/wp-json\/wp\/v2\/product_cat?post=14204"},{"taxonomy":"product_tag","embeddable":true,"href":"https:\/\/whitelip.com\/sk\/wp-json\/wp\/v2\/product_tag?post=14204"},{"taxonomy":"flavours","embeddable":true,"href":"https:\/\/whitelip.com\/sk\/wp-json\/wp\/v2\/flavours?post=14204"},{"taxonomy":"format","embeddable":true,"href":"https:\/\/whitelip.com\/sk\/wp-json\/wp\/v2\/format?post=14204"},{"taxonomy":"nicotine","embeddable":true,"href":"https:\/\/whitelip.com\/sk\/wp-json\/wp\/v2\/nicotine?post=14204"}],"curies":[{"name":"wp","href":"https:\/\/api.w.org\/{rel}","templated":true}]}}