{"id":10795,"date":"2025-06-26T13:46:10","date_gmt":"2025-06-26T13:46:10","guid":{"rendered":"https:\/\/whitelip.com\/77-bubbly-fizz-medium\/"},"modified":"2026-04-29T10:11:20","modified_gmt":"2026-04-29T10:11:20","slug":"77-bubbly-fizz-medium","status":"publish","type":"product","link":"https:\/\/whitelip.com\/sk\/77\/77-bubbly-fizz-medium\/","title":{"rendered":"77 Bubbly Fizz Medium"},"content":{"rendered":"<h2><strong>77 Bubbly Fizz Medium<\/strong><\/h2>\n<p class=\"\" data-start=\"76\" data-end=\"609\">77 Bubbly Fizz Medium nikot\u00ednov\u00e9 vrec\u00fa\u0161ka pon\u00fakaj\u00fa \u017eiv\u00fa a \u0161umiv\u00fa pr\u00edchu\u0165 in\u0161pirovan\u00fa \u0161umivou sladkou limon\u00e1dou. S t\u00f3nmi pripom\u00ednaj\u00facimi \u0161umiv\u00fa limon\u00e1du alebo \u0161ampansk\u00e9 prin\u00e1\u0161a tento vrec\u00fa\u0161ko hrav\u00fd a osvie\u017euj\u00faci chu\u0165ov\u00fd z\u00e1\u017eitok. Ka\u017ed\u00e9 tenk\u00e9, celobiele vrec\u00fa\u0161ko obsahuje 10,4 mg nikot\u00ednu, \u010do poskytuje stredne siln\u00fd n\u00e1boj ide\u00e1lny pre pravideln\u00fdch u\u017e\u00edvate\u013eov, ktor\u00ed h\u013eadaj\u00fa rovnov\u00e1hu medzi chu\u0165ou a intenzitou. Diskr\u00e9tne, pohodln\u00e9 a bez \u0161kv\u0155n, 77 Bubbly Fizz Medium je vytvoren\u00e9 spolo\u010dnos\u0165ou 77 Group tak, aby sp\u013a\u0148alo vysok\u00e9 \u0161tandardy chuti a kvality vo form\u00e1te bez tabaku.<\/p>\n<table>\n<tbody>\n<tr>\n<td><b>Atrib\u00fat<\/b><\/td>\n<td><b>Podrobnosti<\/b><\/td>\n<\/tr>\n<tr>\n<td><b>Obsah na plechovku<\/b><\/td>\n<td><span style=\"font-weight: 400;\">13 g (20 vrec\u00fa\u0161ok)<\/span><\/td>\n<\/tr>\n<tr>\n<td><b>Obsah nikot\u00ednu<\/b><\/td>\n<td><span style=\"font-weight: 400;\">16 mg\/g (10,4 mg na vrecko)<\/span><\/td>\n<\/tr>\n<tr>\n<td><b>Form\u00e1t vrecka<\/b><\/td>\n<td><span style=\"font-weight: 400;\">Slim<\/span><\/td>\n<\/tr>\n<tr>\n<td><b>V\u00fdrobca<\/b><\/td>\n<td><span style=\"font-weight: 400;\">77 Skupina<\/span><\/td>\n<\/tr>\n<tr>\n<td><b>Pr\u00edchu\u0165<\/b><\/td>\n<td><span style=\"font-weight: 400;\">Peniv\u00fd citr\u00f3n<\/span><\/td>\n<\/tr>\n<tr>\n<td><b>Typ<\/b><\/td>\n<td><span style=\"font-weight: 400;\">Celobiele vrecko<\/span><\/td>\n<\/tr>\n<\/tbody>\n<\/table>","protected":false},"excerpt":{"rendered":"<p>\u017div\u00fd, <strong>in\u0161pirovan\u00e9 s\u00f3dou<\/strong> s hrav\u00fdmi perliv\u00fdmi t\u00f3nmi pripom\u00ednaj\u00facimi limon\u00e1du alebo \u0161ampansk\u00e9. <strong>Slim<\/strong>, celobiele vrec\u00fa\u0161ka diskr\u00e9tne a pohodlne sedia pod perami. Ka\u017ed\u00e9 vrecko poskytuje <strong data-start=\"230\" data-end=\"250\">10,4 mg nikot\u00ednu<\/strong>, ktor\u00e1 poskytuje vyv\u00e1\u017een\u00fd stredne siln\u00fd kopanec bez tabaku a \u0161kv\u0155n.<\/p>","protected":false},"featured_media":10796,"comment_status":"open","ping_status":"closed","template":"","format":[206],"meta":{"_acf_changed":false},"product_brand":[],"product_cat":[23],"product_tag":[16543],"flavours":[185],"nicotine":[218,232],"class_list":{"0":"post-10795","1":"product","2":"type-product","3":"status-publish","4":"has-post-thumbnail","6":"product_cat-23","7":"product_tag-10-4-mg-pouch","8":"pa_quantity-1-pack","9":"pa_quantity-10-pack","10":"pa_quantity-3-pack","11":"pa_quantity-30-pack","12":"pa_quantity-5-pack","13":"pa_quantity-60-pack","14":"flavours-candy","15":"format-slim","16":"nicotine-20-mg-g","17":"nicotine-extra-strong","19":"first","20":"instock","21":"taxable","22":"shipping-taxable","23":"purchasable","24":"product-type-variable","25":"has-default-attributes"},"acf":[],"_links":{"self":[{"href":"https:\/\/whitelip.com\/sk\/wp-json\/wp\/v2\/product\/10795","targetHints":{"allow":["GET"]}}],"collection":[{"href":"https:\/\/whitelip.com\/sk\/wp-json\/wp\/v2\/product"}],"about":[{"href":"https:\/\/whitelip.com\/sk\/wp-json\/wp\/v2\/types\/product"}],"replies":[{"embeddable":true,"href":"https:\/\/whitelip.com\/sk\/wp-json\/wp\/v2\/comments?post=10795"}],"wp:featuredmedia":[{"embeddable":true,"href":"https:\/\/whitelip.com\/sk\/wp-json\/wp\/v2\/media\/10796"}],"wp:attachment":[{"href":"https:\/\/whitelip.com\/sk\/wp-json\/wp\/v2\/media?parent=10795"}],"wp:term":[{"taxonomy":"product_brand","embeddable":true,"href":"https:\/\/whitelip.com\/sk\/wp-json\/wp\/v2\/product_brand?post=10795"},{"taxonomy":"product_cat","embeddable":true,"href":"https:\/\/whitelip.com\/sk\/wp-json\/wp\/v2\/product_cat?post=10795"},{"taxonomy":"product_tag","embeddable":true,"href":"https:\/\/whitelip.com\/sk\/wp-json\/wp\/v2\/product_tag?post=10795"},{"taxonomy":"flavours","embeddable":true,"href":"https:\/\/whitelip.com\/sk\/wp-json\/wp\/v2\/flavours?post=10795"},{"taxonomy":"format","embeddable":true,"href":"https:\/\/whitelip.com\/sk\/wp-json\/wp\/v2\/format?post=10795"},{"taxonomy":"nicotine","embeddable":true,"href":"https:\/\/whitelip.com\/sk\/wp-json\/wp\/v2\/nicotine?post=10795"}],"curies":[{"name":"wp","href":"https:\/\/api.w.org\/{rel}","templated":true}]}}