{"id":10785,"date":"2025-06-24T10:38:11","date_gmt":"2025-06-24T10:38:11","guid":{"rendered":"https:\/\/whitelip.com\/apres-blueberry-hyper-strong\/"},"modified":"2026-04-13T17:48:08","modified_gmt":"2026-04-13T17:48:08","slug":"apres-blueberry-hyper-strong","status":"publish","type":"product","link":"https:\/\/whitelip.com\/sk\/apres\/apres-blueberry-hyper-strong\/","title":{"rendered":"APR\u00c8S Blueberry Hyp\u00e8r Strong"},"content":{"rendered":"<h2><strong>APR\u00c8S Blueberry Hyp\u00e8r Strong<\/strong><\/h2>\n<p><span style=\"font-weight: 400;\">APR\u00c8S Blueberry Hyp\u00e8r Strong nikot\u00ednov\u00e9 vrec\u00fa\u0161ka prin\u00e1\u0161aj\u00fa intenz\u00edvny pr\u00edval sladkej a \u0161tip\u013eavej pr\u00edchute \u010du\u010doriedok, ur\u010den\u00fd pre t\u00fdch, ktor\u00ed t\u00fa\u017eia po odv\u00e1\u017enom z\u00e1\u017eitku z bob\u00fa\u013e. Ka\u017ed\u00e9 tenk\u00e9, celobiele vrec\u00fa\u0161ko obsahuje 11 mg nikot\u00ednu a pon\u00faka siln\u00fd a konzistentn\u00fd \u00fa\u010dinok ide\u00e1lny pre sk\u00fasen\u00fdch u\u017e\u00edvate\u013eov. Diskr\u00e9tny form\u00e1t zaru\u010duje pohodlie a jednoduch\u00e9 pou\u017e\u00edvanie pod perou, pri\u010dom sa zabr\u00e1ni zafarbeniu zubov. Tieto vrec\u00fa\u0161ka, vyr\u00e1ban\u00e9 spolo\u010dnos\u0165ou APR\u00c8S Nicotine AB, kombinuj\u00fa \u017eiv\u00fa ovocn\u00fa chu\u0165 s vysoko\u00fa\u010dinn\u00fdm nikot\u00ednom v \u010distom form\u00e1te bez tabaku.<\/span><\/p>\n<table>\n<tbody>\n<tr>\n<td><b>Atrib\u00fat<\/b><\/td>\n<td><b>Podrobnosti<\/b><\/td>\n<\/tr>\n<tr>\n<td><b>Obsah na plechovku<\/b><\/td>\n<td><span style=\"font-weight: 400;\">11 g (20 vrec\u00fa\u0161ok)<\/span><\/td>\n<\/tr>\n<tr>\n<td><b>Obsah nikot\u00ednu<\/b><\/td>\n<td><span style=\"font-weight: 400;\">20 mg\/g (11 mg na vrec\u00fa\u0161ko)<\/span><\/td>\n<\/tr>\n<tr>\n<td><b>Form\u00e1t vrecka<\/b><\/td>\n<td><span style=\"font-weight: 400;\">Slim<\/span><\/td>\n<\/tr>\n<tr>\n<td><b>V\u00fdrobca<\/b><\/td>\n<td><span style=\"font-weight: 400;\">APR\u00c8S Nicotine AB<\/span><\/td>\n<\/tr>\n<tr>\n<td><b>Pr\u00edchu\u0165<\/b><\/td>\n<td><span style=\"font-weight: 400;\">\u010cu\u010doriedky<\/span><\/td>\n<\/tr>\n<tr>\n<td><b>Typ<\/b><\/td>\n<td><span style=\"font-weight: 400;\">Celobiele vrecko<\/span><\/td>\n<\/tr>\n<\/tbody>\n<\/table>","protected":false},"excerpt":{"rendered":"<p>Intenz\u00edvne, sladk\u00e9 a pikantn\u00e9 <strong data-start=\"25\" data-end=\"38\">\u010du\u010doriedky<\/strong> pre v\u00fdrazn\u00fd bobu\u013eov\u00fd hit. Na <strong data-start=\"65\" data-end=\"84\">\u0161t\u00edhly, <\/strong>Celobiele vrec\u00fa\u0161ka diskr\u00e9tne a pohodlne sedia pod perami na \u010dist\u00e9 ka\u017edodenn\u00e9 pou\u017eitie. Ka\u017ed\u00e9 vrecko obsahuje <strong data-start=\"183\" data-end=\"201\">11 mg nikot\u00ednu<\/strong>, ktor\u00e1 prin\u00e1\u0161a siln\u00fd, stabiln\u00fd \u00fa\u010dinok ide\u00e1lny pre sk\u00fasen\u00fdch u\u017e\u00edvate\u013eov vo form\u00e1te bez tabaku od spolo\u010dnosti APR\u00c8S Nicotine AB.<\/p>","protected":false},"featured_media":10786,"comment_status":"open","ping_status":"closed","template":"","format":[206],"meta":{"_acf_changed":false},"product_brand":[],"product_cat":[41],"product_tag":[16551],"flavours":[196],"nicotine":[218,232],"class_list":{"0":"post-10785","1":"product","2":"type-product","3":"status-publish","4":"has-post-thumbnail","6":"product_cat-apres","7":"product_tag-11-mg-pouch","8":"pa_quantity-1-pack","9":"pa_quantity-10-pack","10":"pa_quantity-3-pack","11":"pa_quantity-30-pack","12":"pa_quantity-5-pack","13":"pa_quantity-60-pack","14":"flavours-fruits-berries","15":"format-slim","16":"nicotine-20-mg-g","17":"nicotine-extra-strong","19":"first","20":"instock","21":"taxable","22":"shipping-taxable","23":"purchasable","24":"product-type-variable","25":"has-default-attributes"},"acf":[],"_links":{"self":[{"href":"https:\/\/whitelip.com\/sk\/wp-json\/wp\/v2\/product\/10785","targetHints":{"allow":["GET"]}}],"collection":[{"href":"https:\/\/whitelip.com\/sk\/wp-json\/wp\/v2\/product"}],"about":[{"href":"https:\/\/whitelip.com\/sk\/wp-json\/wp\/v2\/types\/product"}],"replies":[{"embeddable":true,"href":"https:\/\/whitelip.com\/sk\/wp-json\/wp\/v2\/comments?post=10785"}],"wp:featuredmedia":[{"embeddable":true,"href":"https:\/\/whitelip.com\/sk\/wp-json\/wp\/v2\/media\/10786"}],"wp:attachment":[{"href":"https:\/\/whitelip.com\/sk\/wp-json\/wp\/v2\/media?parent=10785"}],"wp:term":[{"taxonomy":"product_brand","embeddable":true,"href":"https:\/\/whitelip.com\/sk\/wp-json\/wp\/v2\/product_brand?post=10785"},{"taxonomy":"product_cat","embeddable":true,"href":"https:\/\/whitelip.com\/sk\/wp-json\/wp\/v2\/product_cat?post=10785"},{"taxonomy":"product_tag","embeddable":true,"href":"https:\/\/whitelip.com\/sk\/wp-json\/wp\/v2\/product_tag?post=10785"},{"taxonomy":"flavours","embeddable":true,"href":"https:\/\/whitelip.com\/sk\/wp-json\/wp\/v2\/flavours?post=10785"},{"taxonomy":"format","embeddable":true,"href":"https:\/\/whitelip.com\/sk\/wp-json\/wp\/v2\/format?post=10785"},{"taxonomy":"nicotine","embeddable":true,"href":"https:\/\/whitelip.com\/sk\/wp-json\/wp\/v2\/nicotine?post=10785"}],"curies":[{"name":"wp","href":"https:\/\/api.w.org\/{rel}","templated":true}]}}