{"id":10775,"date":"2025-06-24T10:38:12","date_gmt":"2025-06-24T10:38:12","guid":{"rendered":"https:\/\/whitelip.com\/apres-bananas\/"},"modified":"2026-04-29T03:51:04","modified_gmt":"2026-04-29T03:51:04","slug":"apres-bananas","status":"publish","type":"product","link":"https:\/\/whitelip.com\/sk\/apres\/apres-bananas\/","title":{"rendered":"APR\u00c8S Ban\u00e1ny"},"content":{"rendered":"<h2><b>APR\u00c8S Ban\u00e1ny<\/b><\/h2>\n<p><span style=\"font-weight: 400;\">Nikot\u00ednov\u00e9 vrec\u00fa\u0161ka APR\u00c8S Bananas prin\u00e1\u0161aj\u00fa kr\u00e9mov\u00fa a sladk\u00fa ban\u00e1nov\u00fa pr\u00edchu\u0165 pripom\u00ednaj\u00facu zrel\u00e9 tropick\u00e9 ovocie. Tento hladk\u00fd a dezertn\u00fd profil pon\u00faka pr\u00edjemn\u00fd a jemn\u00fd z\u00e1\u017eitok, ide\u00e1lny pre u\u017e\u00edvate\u013eov, ktor\u00ed h\u013eadaj\u00fa jedine\u010dn\u00fd a chu\u0165ovo v\u00fdrazn\u00fd zvrat. Ka\u017ed\u00e9 tenk\u00e9, celobiele vrec\u00fa\u0161ko obsahuje 4,4 mg nikot\u00ednu, ktor\u00fd poskytuje mierny, ale uspokojiv\u00fd \u00fa\u010dinok. V\u010faka diskr\u00e9tnemu dizajnu a \u010dist\u00e9mu zlo\u017eeniu je APR\u00c8S Bananas beztabakovou mo\u017enos\u0165ou vytvorenou spolo\u010dnos\u0165ou APR\u00c8S Nicotine AB, ktor\u00e1 sp\u00e1ja inov\u00e1ciu, chu\u0165 a ka\u017edodenn\u00fa pou\u017eite\u013enos\u0165.<\/span><\/p>\n<table>\n<tbody>\n<tr>\n<td><b>Atrib\u00fat<\/b><\/td>\n<td><b>Podrobnosti<\/b><\/td>\n<\/tr>\n<tr>\n<td><b>Obsah na plechovku<\/b><\/td>\n<td><span style=\"font-weight: 400;\">11 g (20 vrec\u00fa\u0161ok)<\/span><\/td>\n<\/tr>\n<tr>\n<td><b>Obsah nikot\u00ednu<\/b><\/td>\n<td><span style=\"font-weight: 400;\">8 mg\/g (4,4 mg na vrecko)<\/span><\/td>\n<\/tr>\n<tr>\n<td><b>Form\u00e1t vrecka<\/b><\/td>\n<td><span style=\"font-weight: 400;\">Slim<\/span><\/td>\n<\/tr>\n<tr>\n<td><b>V\u00fdrobca<\/b><\/td>\n<td><span style=\"font-weight: 400;\">APR\u00c8S Nicotine AB<\/span><\/td>\n<\/tr>\n<tr>\n<td><b>Pr\u00edchu\u0165<\/b><\/td>\n<td><span style=\"font-weight: 400;\">Ban\u00e1n<\/span><\/td>\n<\/tr>\n<tr>\n<td><b>Typ<\/b><\/td>\n<td><span style=\"font-weight: 400;\">Celobiele vrecko<\/span><\/td>\n<\/tr>\n<\/tbody>\n<\/table>","protected":false},"excerpt":{"rendered":"<p>Kr\u00e9mov\u00fd, sladk\u00fd <strong data-start=\"14\" data-end=\"24\">ban\u00e1n<\/strong> pripom\u00ednaj\u00face zrel\u00e9 tropick\u00e9 ovocie. Na str\u00e1nke . <strong data-start=\"65\" data-end=\"84\">\u0161t\u00edhly, <\/strong>Celobiele vrec\u00fa\u0161ka diskr\u00e9tne a pohodlne sedia pod perami a umo\u017e\u0148uj\u00fa \u010dist\u00e9 a kedyko\u013evek pou\u017eite\u013en\u00e9 pou\u017eitie. Ka\u017ed\u00e9 vrecko obsahuje <strong data-start=\"182\" data-end=\"201\">4,4 mg nikot\u00ednu<\/strong>, ktor\u00e1 prin\u00e1\u0161a jemn\u00fd, ale uspokojiv\u00fd z\u00e1\u017eitok vo form\u00e1te bez tabaku od spolo\u010dnosti APR\u00c8S Nicotine AB.<\/p>","protected":false},"featured_media":10776,"comment_status":"open","ping_status":"closed","template":"","format":[205],"meta":{"_acf_changed":false},"product_brand":[],"product_cat":[41],"product_tag":[16549],"flavours":[196],"nicotine":[230,236],"class_list":{"0":"post-10775","1":"product","2":"type-product","3":"status-publish","4":"has-post-thumbnail","6":"product_cat-apres","7":"product_tag-4-4-mg-pouch","8":"pa_quantity-1-pack","9":"pa_quantity-10-pack","10":"pa_quantity-3-pack","11":"pa_quantity-30-pack","12":"pa_quantity-5-pack","13":"pa_quantity-60-pack","14":"flavours-fruits-berries","15":"format-mini","16":"nicotine-8-mg-g","17":"nicotine-strong","19":"first","20":"instock","21":"taxable","22":"shipping-taxable","23":"purchasable","24":"product-type-variable"},"acf":[],"_links":{"self":[{"href":"https:\/\/whitelip.com\/sk\/wp-json\/wp\/v2\/product\/10775","targetHints":{"allow":["GET"]}}],"collection":[{"href":"https:\/\/whitelip.com\/sk\/wp-json\/wp\/v2\/product"}],"about":[{"href":"https:\/\/whitelip.com\/sk\/wp-json\/wp\/v2\/types\/product"}],"replies":[{"embeddable":true,"href":"https:\/\/whitelip.com\/sk\/wp-json\/wp\/v2\/comments?post=10775"}],"wp:featuredmedia":[{"embeddable":true,"href":"https:\/\/whitelip.com\/sk\/wp-json\/wp\/v2\/media\/10776"}],"wp:attachment":[{"href":"https:\/\/whitelip.com\/sk\/wp-json\/wp\/v2\/media?parent=10775"}],"wp:term":[{"taxonomy":"product_brand","embeddable":true,"href":"https:\/\/whitelip.com\/sk\/wp-json\/wp\/v2\/product_brand?post=10775"},{"taxonomy":"product_cat","embeddable":true,"href":"https:\/\/whitelip.com\/sk\/wp-json\/wp\/v2\/product_cat?post=10775"},{"taxonomy":"product_tag","embeddable":true,"href":"https:\/\/whitelip.com\/sk\/wp-json\/wp\/v2\/product_tag?post=10775"},{"taxonomy":"flavours","embeddable":true,"href":"https:\/\/whitelip.com\/sk\/wp-json\/wp\/v2\/flavours?post=10775"},{"taxonomy":"format","embeddable":true,"href":"https:\/\/whitelip.com\/sk\/wp-json\/wp\/v2\/format?post=10775"},{"taxonomy":"nicotine","embeddable":true,"href":"https:\/\/whitelip.com\/sk\/wp-json\/wp\/v2\/nicotine?post=10775"}],"curies":[{"name":"wp","href":"https:\/\/api.w.org\/{rel}","templated":true}]}}