{"id":10765,"date":"2025-06-24T10:38:12","date_gmt":"2025-06-24T10:38:12","guid":{"rendered":"https:\/\/whitelip.com\/apres-bananas-mini\/"},"modified":"2026-05-07T10:11:36","modified_gmt":"2026-05-07T10:11:36","slug":"apres-bananas-mini","status":"publish","type":"product","link":"https:\/\/whitelip.com\/sk\/apres\/apres-bananas-mini\/","title":{"rendered":"APR\u00c8S Ban\u00e1ny Mini"},"content":{"rendered":"<h2><strong>APR\u00c8S Ban\u00e1ny Mini<\/strong><\/h2>\n<p><span style=\"font-weight: 400;\">APR\u00c8S Bananas Mini nikot\u00ednov\u00e9 vrec\u00fa\u0161ka prin\u00e1\u0161aj\u00fa jemn\u00fa a kr\u00e9mov\u00fa ban\u00e1nov\u00fa pr\u00edchu\u0165, ktor\u00e1 pripom\u00edna zrel\u00e9 tropick\u00e9 ovocie a sladk\u00e9 ban\u00e1nov\u00e9 cukr\u00edky. Tieto mini vrec\u00fa\u0161ka s jemn\u00fdm nikot\u00ednov\u00fdm n\u00e1bojom a celobielym povrchom poskytuj\u00fa diskr\u00e9tny a pr\u00edjemn\u00fd z\u00e1\u017eitok pre pou\u017e\u00edvate\u013eov, ktor\u00ed h\u013eadaj\u00fa jemn\u00fa, ale z\u00e1rove\u0148 aromatick\u00fa mo\u017enos\u0165. S\u00fa navrhnut\u00e9 pre komfort a pohodlie, \u00fah\u013eadne sedia pod perou bez zafarbenia zubov. Tieto vrec\u00fa\u0161ka vyr\u00e1ba spolo\u010dnos\u0165 APR\u00c8S Nicotine AB vo \u0160v\u00e9dsku a odr\u00e1\u017eaj\u00fa oddanos\u0165 zna\u010dky v\u00fdrazn\u00fdm pr\u00edchutiam a prvotriednej kvalite.<\/span><\/p>\n<table>\n<tbody>\n<tr>\n<td><b>Atrib\u00fat<\/b><\/td>\n<td><b>Podrobnosti<\/b><\/td>\n<\/tr>\n<tr>\n<td><b>Obsah na plechovku<\/b><\/td>\n<td><span style=\"font-weight: 400;\">11 g (20 vrec\u00fa\u0161ok)<\/span><\/td>\n<\/tr>\n<tr>\n<td><b>Obsah nikot\u00ednu<\/b><\/td>\n<td><span style=\"font-weight: 400;\">8 mg\/g (3,2 mg na vrecko)<\/span><\/td>\n<\/tr>\n<tr>\n<td><b>Form\u00e1t vrecka<\/b><\/td>\n<td><span style=\"font-weight: 400;\">Mini<\/span><\/td>\n<\/tr>\n<tr>\n<td><b>V\u00fdrobca<\/b><\/td>\n<td><span style=\"font-weight: 400;\">APR\u00c8S Nicotine AB<\/span><\/td>\n<\/tr>\n<tr>\n<td><b>Pr\u00edchu\u0165<\/b><\/td>\n<td><span style=\"font-weight: 400;\">Ban\u00e1n<\/span><\/td>\n<\/tr>\n<tr>\n<td><b>Typ<\/b><\/td>\n<td><span style=\"font-weight: 400;\">Celobiele vrecko<\/span><\/td>\n<\/tr>\n<\/tbody>\n<\/table>","protected":false},"excerpt":{"rendered":"<p>Hladk\u00fd, kr\u00e9mov\u00fd <strong data-start=\"15\" data-end=\"25\">ban\u00e1n<\/strong> pripom\u00ednaj\u00face zrel\u00e9 tropick\u00e9 ovocie a sladk\u00e9 cukr\u00edky. Na str\u00e1nke . <strong data-start=\"82\" data-end=\"101\">mini, <\/strong>Celobiele vrec\u00fa\u0161ka diskr\u00e9tne a pohodlne sedia pod perami a umo\u017e\u0148uj\u00fa \u010dist\u00e9 a kedyko\u013evek pou\u017eite\u013en\u00e9 pou\u017eitie. Ka\u017ed\u00e9 vrec\u00fa\u0161ko dod\u00e1va mierny nikot\u00ednov\u00fd \u0161ok s <strong>3,2 mg na vrecko<\/strong>, ktor\u00e1 pon\u00faka jemn\u00fd a z\u00e1rove\u0148 aromatick\u00fd z\u00e1\u017eitok od spolo\u010dnosti APR\u00c8S Nicotine AB vo \u0160v\u00e9dsku.<\/p>","protected":false},"featured_media":10766,"comment_status":"open","ping_status":"closed","template":"","format":[205],"meta":{"_acf_changed":false},"product_brand":[],"product_cat":[41],"product_tag":[16555],"flavours":[196],"nicotine":[230,236],"class_list":{"0":"post-10765","1":"product","2":"type-product","3":"status-publish","4":"has-post-thumbnail","6":"product_cat-apres","7":"product_tag-3-2-mg-pouch","8":"pa_quantity-1-pack","9":"pa_quantity-10-pack","10":"pa_quantity-3-pack","11":"pa_quantity-30-pack","12":"pa_quantity-5-pack","13":"pa_quantity-60-pack","14":"flavours-fruits-berries","15":"format-mini","16":"nicotine-8-mg-g","17":"nicotine-strong","19":"first","20":"instock","21":"taxable","22":"shipping-taxable","23":"purchasable","24":"product-type-variable"},"acf":[],"_links":{"self":[{"href":"https:\/\/whitelip.com\/sk\/wp-json\/wp\/v2\/product\/10765","targetHints":{"allow":["GET"]}}],"collection":[{"href":"https:\/\/whitelip.com\/sk\/wp-json\/wp\/v2\/product"}],"about":[{"href":"https:\/\/whitelip.com\/sk\/wp-json\/wp\/v2\/types\/product"}],"replies":[{"embeddable":true,"href":"https:\/\/whitelip.com\/sk\/wp-json\/wp\/v2\/comments?post=10765"}],"wp:featuredmedia":[{"embeddable":true,"href":"https:\/\/whitelip.com\/sk\/wp-json\/wp\/v2\/media\/10766"}],"wp:attachment":[{"href":"https:\/\/whitelip.com\/sk\/wp-json\/wp\/v2\/media?parent=10765"}],"wp:term":[{"taxonomy":"product_brand","embeddable":true,"href":"https:\/\/whitelip.com\/sk\/wp-json\/wp\/v2\/product_brand?post=10765"},{"taxonomy":"product_cat","embeddable":true,"href":"https:\/\/whitelip.com\/sk\/wp-json\/wp\/v2\/product_cat?post=10765"},{"taxonomy":"product_tag","embeddable":true,"href":"https:\/\/whitelip.com\/sk\/wp-json\/wp\/v2\/product_tag?post=10765"},{"taxonomy":"flavours","embeddable":true,"href":"https:\/\/whitelip.com\/sk\/wp-json\/wp\/v2\/flavours?post=10765"},{"taxonomy":"format","embeddable":true,"href":"https:\/\/whitelip.com\/sk\/wp-json\/wp\/v2\/format?post=10765"},{"taxonomy":"nicotine","embeddable":true,"href":"https:\/\/whitelip.com\/sk\/wp-json\/wp\/v2\/nicotine?post=10765"}],"curies":[{"name":"wp","href":"https:\/\/api.w.org\/{rel}","templated":true}]}}