{"id":10760,"date":"2025-06-23T10:40:16","date_gmt":"2025-06-23T10:40:16","guid":{"rendered":"https:\/\/whitelip.com\/pablo-gold-edition-grape-ice\/"},"modified":"2026-04-29T10:11:20","modified_gmt":"2026-04-29T10:11:20","slug":"pablo-gold-edition-grape-ice","status":"publish","type":"product","link":"https:\/\/whitelip.com\/sk\/pablo\/pablo-gold-edition-grape-ice\/","title":{"rendered":"PABLO Gold Edition Grape Ice"},"content":{"rendered":"<h2><strong>PABLO Gold Edition Grape Ice<\/strong><\/h2>\n<p class=\"\" data-start=\"100\" data-end=\"587\">Nikot\u00ednov\u00e9 vrec\u00fa\u0161ka PABLO Gold Edition Grape Ice kombinuj\u00fa v\u00fdrazn\u00fa sladkos\u0165 zrel\u00e9ho hrozna s ostr\u00fdm, \u013eadov\u00fdm mentolov\u00fdm z\u00e1verom. Toto intenz\u00edvne spojenie vytv\u00e1ra chladiv\u00fd a z\u00e1rove\u0148 ovocn\u00fd z\u00e1\u017eitok, ktor\u00fd vynikne pri ka\u017edom vrec\u00fa\u0161ku. V\u010faka mimoriadne siln\u00e9mu obsahu 17 mg nikot\u00ednu v jednom vrec\u00fa\u0161ku je t\u00e1to mo\u017enos\u0165 prisp\u00f4soben\u00e1 sk\u00fasen\u00fdm pou\u017e\u00edvate\u013eom, ktor\u00ed h\u013eadaj\u00fa maxim\u00e1lnu silu a chu\u0165. Tenk\u00fd form\u00e1t bez tabaku zaru\u010duje diskr\u00e9tnos\u0165, pohodlie a \u010dist\u00fd pocit po\u010das cel\u00e9ho pou\u017e\u00edvania.<\/p>\n<table>\n<tbody>\n<tr>\n<td><b>Atrib\u00fat<\/b><\/td>\n<td><b>Podrobnosti<\/b><\/td>\n<\/tr>\n<tr>\n<td><b>Obsah na plechovku<\/b><\/td>\n<td><span style=\"font-weight: 400;\">15 g (20 vrec\u00fa\u0161ok)<\/span><\/td>\n<\/tr>\n<tr>\n<td><b>Obsah nikot\u00ednu<\/b><\/td>\n<td><span style=\"font-weight: 400;\">28 mg\/g (17 mg na vrec\u00fa\u0161ko)<\/span><\/td>\n<\/tr>\n<tr>\n<td><b>Form\u00e1t vrecka<\/b><\/td>\n<td><span style=\"font-weight: 400;\">Slim<\/span><\/td>\n<\/tr>\n<tr>\n<td><b>V\u00fdrobca<\/b><\/td>\n<td><span style=\"font-weight: 400;\">Imp\u00e9rium N.G.P<\/span><\/td>\n<\/tr>\n<tr>\n<td><b>Pr\u00edchu\u0165<\/b><\/td>\n<td><span style=\"font-weight: 400;\">Hrozno a mentol<\/span><\/td>\n<\/tr>\n<tr>\n<td><b>Typ<\/b><\/td>\n<td><span style=\"font-weight: 400;\">Celobiele vrecko, bez tabaku<\/span><\/td>\n<\/tr>\n<\/tbody>\n<\/table>","protected":false},"excerpt":{"rendered":"<p>Nikot\u00ednov\u00e9 vrec\u00fa\u0161ka PABLO Gold Edition Grape Ice prin\u00e1\u0161aj\u00fa v\u00fdrazn\u00fa, ovocn\u00fa chu\u0165. <strong data-start=\"69\" data-end=\"82\">Hroznov\u00fd \u013ead<\/strong> s ostrou, \u013eadovou chu\u0165ou. <strong data-start=\"116\" data-end=\"124\">Slim<\/strong>, beztabakov\u00fd form\u00e1t pre diskr\u00e9tne, pohodln\u00e9 pou\u017e\u00edvanie a \u010dist\u00fd pocit. Ka\u017ed\u00e9 vrecko obsahuje <strong data-start=\"214\" data-end=\"232\">17 mg nikot\u00ednu<\/strong>.<\/p>","protected":false},"featured_media":10761,"comment_status":"open","ping_status":"closed","template":"","format":[206],"meta":{"_acf_changed":false},"product_brand":[],"product_cat":[44],"product_tag":[16996],"flavours":[196],"nicotine":[220,232],"class_list":{"0":"post-10760","1":"product","2":"type-product","3":"status-publish","4":"has-post-thumbnail","6":"product_cat-pablo","7":"product_tag-17-mg-pouch","8":"pa_quantity-1-pack","9":"pa_quantity-10-pack","10":"pa_quantity-3-pack","11":"pa_quantity-30-pack","12":"pa_quantity-5-pack","13":"pa_quantity-60-pack","14":"flavours-fruits-berries","15":"format-slim","16":"nicotine-28-mg-g","17":"nicotine-extra-strong","19":"first","20":"instock","21":"taxable","22":"shipping-taxable","23":"purchasable","24":"product-type-variable","25":"has-default-attributes"},"acf":[],"_links":{"self":[{"href":"https:\/\/whitelip.com\/sk\/wp-json\/wp\/v2\/product\/10760","targetHints":{"allow":["GET"]}}],"collection":[{"href":"https:\/\/whitelip.com\/sk\/wp-json\/wp\/v2\/product"}],"about":[{"href":"https:\/\/whitelip.com\/sk\/wp-json\/wp\/v2\/types\/product"}],"replies":[{"embeddable":true,"href":"https:\/\/whitelip.com\/sk\/wp-json\/wp\/v2\/comments?post=10760"}],"wp:featuredmedia":[{"embeddable":true,"href":"https:\/\/whitelip.com\/sk\/wp-json\/wp\/v2\/media\/10761"}],"wp:attachment":[{"href":"https:\/\/whitelip.com\/sk\/wp-json\/wp\/v2\/media?parent=10760"}],"wp:term":[{"taxonomy":"product_brand","embeddable":true,"href":"https:\/\/whitelip.com\/sk\/wp-json\/wp\/v2\/product_brand?post=10760"},{"taxonomy":"product_cat","embeddable":true,"href":"https:\/\/whitelip.com\/sk\/wp-json\/wp\/v2\/product_cat?post=10760"},{"taxonomy":"product_tag","embeddable":true,"href":"https:\/\/whitelip.com\/sk\/wp-json\/wp\/v2\/product_tag?post=10760"},{"taxonomy":"flavours","embeddable":true,"href":"https:\/\/whitelip.com\/sk\/wp-json\/wp\/v2\/flavours?post=10760"},{"taxonomy":"format","embeddable":true,"href":"https:\/\/whitelip.com\/sk\/wp-json\/wp\/v2\/format?post=10760"},{"taxonomy":"nicotine","embeddable":true,"href":"https:\/\/whitelip.com\/sk\/wp-json\/wp\/v2\/nicotine?post=10760"}],"curies":[{"name":"wp","href":"https:\/\/api.w.org\/{rel}","templated":true}]}}