{"id":10750,"date":"2025-06-23T10:40:17","date_gmt":"2025-06-23T10:40:17","guid":{"rendered":"https:\/\/whitelip.com\/pablo-gold-edition-passion-fruit\/"},"modified":"2026-05-09T10:11:12","modified_gmt":"2026-05-09T10:11:12","slug":"pablo-gold-edition-passion-fruit","status":"publish","type":"product","link":"https:\/\/whitelip.com\/sk\/pablo\/pablo-gold-edition-passion-fruit\/","title":{"rendered":"PABLO Gold Edition Passion Fruit"},"content":{"rendered":"<h2><strong>PABLO Gold Edition Passion Fruit<\/strong><\/h2>\n<p class=\"\" data-start=\"100\" data-end=\"587\">Nikot\u00ednov\u00e9 vrec\u00fa\u0161ka PABLO Gold Edition Passion Fruit vnes\u00fa do va\u0161ej rutiny exotick\u00fd n\u00e1dych v\u010faka svojej \u017eiarivej tropickej pr\u00edchuti. Sladko-trpk\u00e1 esencia zrelej mu\u010denky sa sp\u00e1ja s mraziv\u00fdm n\u00e1bojom a siln\u00fdm 17 mg nikot\u00ednu v jednom vrec\u00fa\u0161ku, \u010do prin\u00e1\u0161a odv\u00e1\u017eny z\u00e1\u017eitok pre sk\u00fasen\u00fdch u\u017e\u00edvate\u013eov. Tieto vrec\u00fa\u0161ka tenk\u00e9ho form\u00e1tu bez tabaku s\u00fa vyroben\u00e9 na diskr\u00e9tny a siln\u00fd p\u00f4\u017eitok, nech ste kdeko\u013evek.<\/p>\n<table>\n<tbody>\n<tr>\n<td><b>Atrib\u00fat<\/b><\/td>\n<td><b>Podrobnosti<\/b><\/td>\n<\/tr>\n<tr>\n<td><b>Obsah na plechovku<\/b><\/td>\n<td><span style=\"font-weight: 400;\">15 g (20 vrec\u00fa\u0161ok)<\/span><\/td>\n<\/tr>\n<tr>\n<td><b>Obsah nikot\u00ednu<\/b><\/td>\n<td><span style=\"font-weight: 400;\">28 mg\/g (17 mg na vrec\u00fa\u0161ko)<\/span><\/td>\n<\/tr>\n<tr>\n<td><b>Form\u00e1t vrecka<\/b><\/td>\n<td><span style=\"font-weight: 400;\">Slim<\/span><\/td>\n<\/tr>\n<tr>\n<td><b>V\u00fdrobca<\/b><\/td>\n<td><span style=\"font-weight: 400;\">Imp\u00e9rium N.G.P<\/span><\/td>\n<\/tr>\n<tr>\n<td><b>Pr\u00edchu\u0165<\/b><\/td>\n<td><span style=\"font-weight: 400;\">M\u00fa\u010dnatka<\/span><\/td>\n<\/tr>\n<tr>\n<td><b>Typ<\/b><\/td>\n<td><span style=\"font-weight: 400;\">Celobiele vrecko, bez tabaku<\/span><\/td>\n<\/tr>\n<\/tbody>\n<\/table>","protected":false},"excerpt":{"rendered":"<p>Nikot\u00ednov\u00e9 vrec\u00fa\u0161ka PABLO Gold Edition Passion Fruit prin\u00e1\u0161aj\u00fa \u017eiariv\u00fa tropick\u00fa chu\u0165. <strong data-start=\"78\" data-end=\"95\">M\u00fa\u010dnatka<\/strong> s mrazivou chu\u0165ou. <strong data-start=\"123\" data-end=\"131\">Slim<\/strong>, bez tabaku, pre diskr\u00e9tny a siln\u00fd p\u00f4\u017eitok. Ka\u017ed\u00e9 vrecko obsahuje <strong data-start=\"207\" data-end=\"225\">17 mg nikot\u00ednu<\/strong>.<\/p>","protected":false},"featured_media":10751,"comment_status":"open","ping_status":"closed","template":"","format":[206],"meta":{"_acf_changed":false},"product_brand":[],"product_cat":[44],"product_tag":[16996],"flavours":[196],"nicotine":[220,232],"class_list":{"0":"post-10750","1":"product","2":"type-product","3":"status-publish","4":"has-post-thumbnail","6":"product_cat-pablo","7":"product_tag-17-mg-pouch","8":"pa_quantity-1-pack","9":"pa_quantity-10-pack","10":"pa_quantity-3-pack","11":"pa_quantity-30-pack","12":"pa_quantity-5-pack","13":"pa_quantity-60-pack","14":"flavours-fruits-berries","15":"format-slim","16":"nicotine-28-mg-g","17":"nicotine-extra-strong","19":"first","20":"outofstock","21":"taxable","22":"shipping-taxable","23":"purchasable","24":"product-type-variable","25":"has-default-attributes"},"acf":[],"_links":{"self":[{"href":"https:\/\/whitelip.com\/sk\/wp-json\/wp\/v2\/product\/10750","targetHints":{"allow":["GET"]}}],"collection":[{"href":"https:\/\/whitelip.com\/sk\/wp-json\/wp\/v2\/product"}],"about":[{"href":"https:\/\/whitelip.com\/sk\/wp-json\/wp\/v2\/types\/product"}],"replies":[{"embeddable":true,"href":"https:\/\/whitelip.com\/sk\/wp-json\/wp\/v2\/comments?post=10750"}],"wp:featuredmedia":[{"embeddable":true,"href":"https:\/\/whitelip.com\/sk\/wp-json\/wp\/v2\/media\/10751"}],"wp:attachment":[{"href":"https:\/\/whitelip.com\/sk\/wp-json\/wp\/v2\/media?parent=10750"}],"wp:term":[{"taxonomy":"product_brand","embeddable":true,"href":"https:\/\/whitelip.com\/sk\/wp-json\/wp\/v2\/product_brand?post=10750"},{"taxonomy":"product_cat","embeddable":true,"href":"https:\/\/whitelip.com\/sk\/wp-json\/wp\/v2\/product_cat?post=10750"},{"taxonomy":"product_tag","embeddable":true,"href":"https:\/\/whitelip.com\/sk\/wp-json\/wp\/v2\/product_tag?post=10750"},{"taxonomy":"flavours","embeddable":true,"href":"https:\/\/whitelip.com\/sk\/wp-json\/wp\/v2\/flavours?post=10750"},{"taxonomy":"format","embeddable":true,"href":"https:\/\/whitelip.com\/sk\/wp-json\/wp\/v2\/format?post=10750"},{"taxonomy":"nicotine","embeddable":true,"href":"https:\/\/whitelip.com\/sk\/wp-json\/wp\/v2\/nicotine?post=10750"}],"curies":[{"name":"wp","href":"https:\/\/api.w.org\/{rel}","templated":true}]}}