{"id":10745,"date":"2025-06-23T10:40:17","date_gmt":"2025-06-23T10:40:17","guid":{"rendered":"https:\/\/whitelip.com\/pablo-gold-edition-dark-cherry\/"},"modified":"2026-05-12T10:11:44","modified_gmt":"2026-05-12T10:11:44","slug":"pablo-gold-edition-dark-cherry","status":"publish","type":"product","link":"https:\/\/whitelip.com\/sk\/pablo\/pablo-gold-edition-dark-cherry\/","title":{"rendered":"PABLO Gold Edition Dark Cherry"},"content":{"rendered":"<h2><strong>PABLO Gold Edition Dark Cherry<\/strong><\/h2>\n<p class=\"\" data-start=\"100\" data-end=\"587\">Nikot\u00ednov\u00e9 vrec\u00fa\u0161ka PABLO Gold Edition Dark Cherry prin\u00e1\u0161aj\u00fa bohat\u00fa a hlbok\u00fa \u010dere\u0161\u0148ov\u00fa pr\u00edchu\u0165 s jemn\u00fdm trpk\u00fdm podt\u00f3nom, ktor\u00e1 pon\u00faka v\u00fdrazn\u00fd a ovocn\u00fd z\u00e1\u017eitok. V kombin\u00e1cii s intenz\u00edvnymi 17 mg nikot\u00ednu v jednom vrec\u00fa\u0161ku je tento variant vytvoren\u00fd pre sk\u00fasen\u00fdch u\u017e\u00edvate\u013eov, ktor\u00ed h\u013eadaj\u00fa siln\u00e9 uspokojenie s chu\u0165ov\u00fdm n\u00e1dychom. Tenk\u00fd beztabakov\u00fd form\u00e1t zaru\u010duje diskr\u00e9tne a \u010dist\u00e9 pou\u017e\u00edvanie kedyko\u013evek a kdeko\u013evek.<\/p>\n<table>\n<tbody>\n<tr>\n<td><b>Atrib\u00fat<\/b><\/td>\n<td><b>Podrobnosti<\/b><\/td>\n<\/tr>\n<tr>\n<td><b>Obsah na plechovku<\/b><\/td>\n<td><span style=\"font-weight: 400;\">15 g (20 vrec\u00fa\u0161ok)<\/span><\/td>\n<\/tr>\n<tr>\n<td><b>Obsah nikot\u00ednu<\/b><\/td>\n<td><span style=\"font-weight: 400;\">28 mg\/g (17 mg na vrec\u00fa\u0161ko)<\/span><\/td>\n<\/tr>\n<tr>\n<td><b>Form\u00e1t vrecka<\/b><\/td>\n<td><span style=\"font-weight: 400;\">Slim<\/span><\/td>\n<\/tr>\n<tr>\n<td><b>V\u00fdrobca<\/b><\/td>\n<td><span style=\"font-weight: 400;\">Imp\u00e9rium N.G.P<\/span><\/td>\n<\/tr>\n<tr>\n<td><b>Pr\u00edchu\u0165<\/b><\/td>\n<td><span style=\"font-weight: 400;\">Tmav\u00e1 \u010dere\u0161\u0148a<\/span><\/td>\n<\/tr>\n<tr>\n<td><b>Typ<\/b><\/td>\n<td><span style=\"font-weight: 400;\">Celobiele vrecko, bez tabaku<\/span><\/td>\n<\/tr>\n<\/tbody>\n<\/table>","protected":false},"excerpt":{"rendered":"<p>Nikot\u00ednov\u00e9 vrec\u00fa\u0161ka PABLO Gold Edition Dark Cherry poskytuj\u00fa bohat\u00fa, hlbok\u00fa <strong data-start=\"69\" data-end=\"84\">Tmav\u00e1 \u010dere\u0161\u0148a<\/strong> chu\u0165 s jemn\u00fdmi t\u00f3nmi kyselkavosti. <strong data-start=\"116\" data-end=\"124\">Slim<\/strong>, form\u00e1t bez tabaku na diskr\u00e9tne, \u010dist\u00e9 pou\u017eitie so siln\u00fdm \u00fa\u010dinkom. Ka\u017ed\u00e9 vrecko obsahuje <strong data-start=\"210\" data-end=\"228\">17 mg nikot\u00ednu<\/strong>. Ide\u00e1lne pre sk\u00fasen\u00fdch pou\u017e\u00edvate\u013eov, ktor\u00ed h\u013eadaj\u00fa siln\u00e9 uspokojenie s ovocn\u00fdm n\u00e1dychom.<\/p>","protected":false},"featured_media":10746,"comment_status":"open","ping_status":"closed","template":"","format":[206],"meta":{"_acf_changed":false},"product_brand":[],"product_cat":[44],"product_tag":[16996],"flavours":[196],"nicotine":[220,232],"class_list":{"0":"post-10745","1":"product","2":"type-product","3":"status-publish","4":"has-post-thumbnail","6":"product_cat-pablo","7":"product_tag-17-mg-pouch","8":"pa_quantity-1-pack","9":"pa_quantity-10-pack","10":"pa_quantity-3-pack","11":"pa_quantity-30-pack","12":"pa_quantity-5-pack","13":"pa_quantity-60-pack","14":"flavours-fruits-berries","15":"format-slim","16":"nicotine-28-mg-g","17":"nicotine-extra-strong","19":"first","20":"outofstock","21":"taxable","22":"shipping-taxable","23":"purchasable","24":"product-type-variable","25":"has-default-attributes"},"acf":[],"_links":{"self":[{"href":"https:\/\/whitelip.com\/sk\/wp-json\/wp\/v2\/product\/10745","targetHints":{"allow":["GET"]}}],"collection":[{"href":"https:\/\/whitelip.com\/sk\/wp-json\/wp\/v2\/product"}],"about":[{"href":"https:\/\/whitelip.com\/sk\/wp-json\/wp\/v2\/types\/product"}],"replies":[{"embeddable":true,"href":"https:\/\/whitelip.com\/sk\/wp-json\/wp\/v2\/comments?post=10745"}],"wp:featuredmedia":[{"embeddable":true,"href":"https:\/\/whitelip.com\/sk\/wp-json\/wp\/v2\/media\/10746"}],"wp:attachment":[{"href":"https:\/\/whitelip.com\/sk\/wp-json\/wp\/v2\/media?parent=10745"}],"wp:term":[{"taxonomy":"product_brand","embeddable":true,"href":"https:\/\/whitelip.com\/sk\/wp-json\/wp\/v2\/product_brand?post=10745"},{"taxonomy":"product_cat","embeddable":true,"href":"https:\/\/whitelip.com\/sk\/wp-json\/wp\/v2\/product_cat?post=10745"},{"taxonomy":"product_tag","embeddable":true,"href":"https:\/\/whitelip.com\/sk\/wp-json\/wp\/v2\/product_tag?post=10745"},{"taxonomy":"flavours","embeddable":true,"href":"https:\/\/whitelip.com\/sk\/wp-json\/wp\/v2\/flavours?post=10745"},{"taxonomy":"format","embeddable":true,"href":"https:\/\/whitelip.com\/sk\/wp-json\/wp\/v2\/format?post=10745"},{"taxonomy":"nicotine","embeddable":true,"href":"https:\/\/whitelip.com\/sk\/wp-json\/wp\/v2\/nicotine?post=10745"}],"curies":[{"name":"wp","href":"https:\/\/api.w.org\/{rel}","templated":true}]}}