{"id":10740,"date":"2025-06-23T10:40:17","date_gmt":"2025-06-23T10:40:17","guid":{"rendered":"https:\/\/whitelip.com\/pablo-gold-edition-frosted-mint\/"},"modified":"2026-04-17T09:19:55","modified_gmt":"2026-04-17T09:19:55","slug":"pablo-gold-edition-frosted-mint","status":"publish","type":"product","link":"https:\/\/whitelip.com\/sk\/pablo\/pablo-gold-edition-frosted-mint\/","title":{"rendered":"PABLO Gold Edition Frosted Mint"},"content":{"rendered":"<h2><strong>PABLO Gold Edition Frosted Mint<\/strong><\/h2>\n<p class=\"\" data-start=\"100\" data-end=\"587\">Nikot\u00ednov\u00e9 vrec\u00fa\u0161ka PABLO Gold Edition Frosted Mint pon\u00fakaj\u00fa v\u00fdrazn\u00fa a \u013eadov\u00fa m\u00e4tov\u00fa pr\u00edchu\u0165, ktor\u00e1 s ka\u017ed\u00fdm vrec\u00fa\u0161kom prin\u00e1\u0161a prenikavo studen\u00fd pocit. Toto vrec\u00fa\u0161ko je ur\u010den\u00e9 pre pou\u017e\u00edvate\u013eov, ktor\u00ed chc\u00fa siln\u00fd, osvie\u017euj\u00faci m\u00e4tov\u00fd profil v kombin\u00e1cii s vysokou intenzitou nikot\u00ednu, \u010do zaru\u010duje siln\u00fd a dlhotrvaj\u00faci pocit. V\u010faka svojmu \u010dist\u00e9mu form\u00e1tu bez tabaku a tenk\u00e9mu dizajnu je ide\u00e1lny na diskr\u00e9tne pou\u017e\u00edvanie s maxim\u00e1lnym \u00fa\u010dinkom.<\/p>\n<table>\n<tbody>\n<tr>\n<td><b>Atrib\u00fat<\/b><\/td>\n<td><b>Podrobnosti<\/b><\/td>\n<\/tr>\n<tr>\n<td><b>Obsah na plechovku<\/b><\/td>\n<td><span style=\"font-weight: 400;\">15 g (20 vrec\u00fa\u0161ok)<\/span><\/td>\n<\/tr>\n<tr>\n<td><b>Obsah nikot\u00ednu<\/b><\/td>\n<td><span style=\"font-weight: 400;\">28 mg\/g (17 mg na vrec\u00fa\u0161ko)<\/span><\/td>\n<\/tr>\n<tr>\n<td><b>Form\u00e1t vrecka<\/b><\/td>\n<td><span style=\"font-weight: 400;\">Slim<\/span><\/td>\n<\/tr>\n<tr>\n<td><b>V\u00fdrobca<\/b><\/td>\n<td><span style=\"font-weight: 400;\">Imp\u00e9rium N.G.P<\/span><\/td>\n<\/tr>\n<tr>\n<td><b>Pr\u00edchu\u0165<\/b><\/td>\n<td><span style=\"font-weight: 400;\">Frosted Mint (Odv\u00e1\u017ena a \u013eadov\u00e1)<\/span><\/td>\n<\/tr>\n<tr>\n<td><b>Typ<\/b><\/td>\n<td><span style=\"font-weight: 400;\">Celobiele vrecko, bez tabaku<\/span><\/td>\n<\/tr>\n<\/tbody>\n<\/table>","protected":false},"excerpt":{"rendered":"<p>Nikot\u00ednov\u00e9 vrec\u00fa\u0161ka PABLO Gold Edition Frosted Mint prin\u00e1\u0161aj\u00fa odv\u00e1\u017enu, \u013eadov\u00fa <strong data-start=\"69\" data-end=\"85\">Matn\u00e1 m\u00e4ta<\/strong> s prenikavo chladnou, dlhotrvaj\u00facou chu\u0165ou. <strong data-start=\"136\" data-end=\"144\">Slim<\/strong>, form\u00e1t bez tabaku na diskr\u00e9tne pou\u017eitie so siln\u00fdm \u00fa\u010dinkom. Ka\u017ed\u00e9 vrecko obsahuje <strong data-start=\"223\" data-end=\"241\">17 mg nikot\u00ednu<\/strong>.<\/p>","protected":false},"featured_media":10741,"comment_status":"open","ping_status":"closed","template":"","format":[206],"meta":{"_acf_changed":false},"product_brand":[],"product_cat":[44],"product_tag":[16996],"flavours":[199],"nicotine":[220,232],"class_list":{"0":"post-10740","1":"product","2":"type-product","3":"status-publish","4":"has-post-thumbnail","6":"product_cat-pablo","7":"product_tag-17-mg-pouch","8":"pa_quantity-1-pack","9":"pa_quantity-10-pack","10":"pa_quantity-3-pack","11":"pa_quantity-30-pack","12":"pa_quantity-5-pack","13":"pa_quantity-60-pack","14":"flavours-mint","15":"format-slim","16":"nicotine-28-mg-g","17":"nicotine-extra-strong","19":"first","20":"outofstock","21":"taxable","22":"shipping-taxable","23":"purchasable","24":"product-type-variable","25":"has-default-attributes"},"acf":[],"_links":{"self":[{"href":"https:\/\/whitelip.com\/sk\/wp-json\/wp\/v2\/product\/10740","targetHints":{"allow":["GET"]}}],"collection":[{"href":"https:\/\/whitelip.com\/sk\/wp-json\/wp\/v2\/product"}],"about":[{"href":"https:\/\/whitelip.com\/sk\/wp-json\/wp\/v2\/types\/product"}],"replies":[{"embeddable":true,"href":"https:\/\/whitelip.com\/sk\/wp-json\/wp\/v2\/comments?post=10740"}],"wp:featuredmedia":[{"embeddable":true,"href":"https:\/\/whitelip.com\/sk\/wp-json\/wp\/v2\/media\/10741"}],"wp:attachment":[{"href":"https:\/\/whitelip.com\/sk\/wp-json\/wp\/v2\/media?parent=10740"}],"wp:term":[{"taxonomy":"product_brand","embeddable":true,"href":"https:\/\/whitelip.com\/sk\/wp-json\/wp\/v2\/product_brand?post=10740"},{"taxonomy":"product_cat","embeddable":true,"href":"https:\/\/whitelip.com\/sk\/wp-json\/wp\/v2\/product_cat?post=10740"},{"taxonomy":"product_tag","embeddable":true,"href":"https:\/\/whitelip.com\/sk\/wp-json\/wp\/v2\/product_tag?post=10740"},{"taxonomy":"flavours","embeddable":true,"href":"https:\/\/whitelip.com\/sk\/wp-json\/wp\/v2\/flavours?post=10740"},{"taxonomy":"format","embeddable":true,"href":"https:\/\/whitelip.com\/sk\/wp-json\/wp\/v2\/format?post=10740"},{"taxonomy":"nicotine","embeddable":true,"href":"https:\/\/whitelip.com\/sk\/wp-json\/wp\/v2\/nicotine?post=10740"}],"curies":[{"name":"wp","href":"https:\/\/api.w.org\/{rel}","templated":true}]}}