{"id":10735,"date":"2025-06-23T10:40:18","date_gmt":"2025-06-23T10:40:18","guid":{"rendered":"https:\/\/whitelip.com\/pablo-gold-edition-frosted-ice\/"},"modified":"2026-04-30T15:56:43","modified_gmt":"2026-04-30T15:56:43","slug":"pablo-gold-edition-frosted-ice","status":"publish","type":"product","link":"https:\/\/whitelip.com\/sk\/pablo\/pablo-gold-edition-frosted-ice\/","title":{"rendered":"PABLO Gold Edition Frosted Ice"},"content":{"rendered":"<h2><strong>PABLO Gold Edition Frosted Ice<\/strong><\/h2>\n<p class=\"\" data-start=\"100\" data-end=\"587\">Nikot\u00ednov\u00e9 vrec\u00fa\u0161ka PABLO Gold Edition Frosted Ice prin\u00e1\u0161aj\u00fa prenikavo chladiv\u00fd a mimoriadne osvie\u017euj\u00faci pocit m\u00e4ty, vytvoren\u00fd pre sk\u00fasen\u00fdch u\u017e\u00edvate\u013eov, ktor\u00ed t\u00fa\u017eia po intenz\u00edvnom nikot\u00edne v spojen\u00ed s ostrou chu\u0165ou. \u013dadov\u00e1 zmes r\u00fdchlo zasiahne a pretrv\u00e1va s mrazivou dochu\u0165ou, v\u010faka \u010domu je ka\u017ed\u00e9 vrec\u00fa\u0161ko energizuj\u00facim z\u00e1\u017eitkom. S obsahom 28 mg\/g (17 mg na vrec\u00fa\u0161ko) je t\u00e1to siln\u00e1 a beztabakov\u00e1 mo\u017enos\u0165 ide\u00e1lna pre t\u00fdch, ktor\u00ed h\u013eadaj\u00fa v\u00e1\u017eny \u00fa\u010dinok pri \u010distom a diskr\u00e9tnom u\u017e\u00edvan\u00ed.<\/p>\n<table>\n<tbody>\n<tr>\n<td><b>Atrib\u00fat<\/b><\/td>\n<td><b>Podrobnosti<\/b><\/td>\n<\/tr>\n<tr>\n<td><b>Obsah na plechovku<\/b><\/td>\n<td><span style=\"font-weight: 400;\">15 g (20 vrec\u00fa\u0161ok)<\/span><\/td>\n<\/tr>\n<tr>\n<td><b>Obsah nikot\u00ednu<\/b><\/td>\n<td><span style=\"font-weight: 400;\">28 mg\/g (17 mg na vrec\u00fa\u0161ko)<\/span><\/td>\n<\/tr>\n<tr>\n<td><b>Form\u00e1t vrecka<\/b><\/td>\n<td><span style=\"font-weight: 400;\">Slim<\/span><\/td>\n<\/tr>\n<tr>\n<td><b>V\u00fdrobca<\/b><\/td>\n<td><span style=\"font-weight: 400;\">Imp\u00e9rium N.G.P<\/span><\/td>\n<\/tr>\n<tr>\n<td><b>Pr\u00edchu\u0165<\/b><\/td>\n<td><span style=\"font-weight: 400;\">Frosted Mint (Intenz\u00edvne chladn\u00e1)<\/span><\/td>\n<\/tr>\n<tr>\n<td><b>Typ<\/b><\/td>\n<td><span style=\"font-weight: 400;\">Celobiele vrecko, bez tabaku<\/span><\/td>\n<\/tr>\n<\/tbody>\n<\/table>","protected":false},"excerpt":{"rendered":"<p>Nikot\u00ednov\u00e9 vrec\u00fa\u0161ka PABLO Gold Edition Frosted Ice prin\u00e1\u0161aj\u00fa prenikavo chladiv\u00fd <strong data-start=\"74\" data-end=\"89\">Mrazen\u00fd \u013ead<\/strong> m\u00e4ta s ostr\u00fdm, dlhotrvaj\u00facim chladom. <strong data-start=\"126\" data-end=\"134\">Slim<\/strong>, vreck\u00e1 bez tabaku na diskr\u00e9tne, \u010dist\u00e9 pou\u017eitie a r\u00fdchly \u00fa\u010dinok. Ka\u017ed\u00e9 vrecko obsahuje <strong data-start=\"218\" data-end=\"236\">17 mg nikot\u00ednu<\/strong> (28 mg\/g) pre sk\u00fasen\u00fdch u\u017e\u00edvate\u013eov, ktor\u00ed h\u013eadaj\u00fa intenz\u00edvnu chu\u0165 a silu.<\/p>","protected":false},"featured_media":10736,"comment_status":"open","ping_status":"closed","template":"","format":[206],"meta":{"_acf_changed":false},"product_brand":[],"product_cat":[44],"product_tag":[16996],"flavours":[199],"nicotine":[220,232],"class_list":{"0":"post-10735","1":"product","2":"type-product","3":"status-publish","4":"has-post-thumbnail","6":"product_cat-pablo","7":"product_tag-17-mg-pouch","8":"pa_quantity-1-pack","9":"pa_quantity-10-pack","10":"pa_quantity-3-pack","11":"pa_quantity-30-pack","12":"pa_quantity-5-pack","13":"pa_quantity-60-pack","14":"flavours-mint","15":"format-slim","16":"nicotine-28-mg-g","17":"nicotine-extra-strong","19":"first","20":"instock","21":"taxable","22":"shipping-taxable","23":"purchasable","24":"product-type-variable","25":"has-default-attributes"},"acf":[],"_links":{"self":[{"href":"https:\/\/whitelip.com\/sk\/wp-json\/wp\/v2\/product\/10735","targetHints":{"allow":["GET"]}}],"collection":[{"href":"https:\/\/whitelip.com\/sk\/wp-json\/wp\/v2\/product"}],"about":[{"href":"https:\/\/whitelip.com\/sk\/wp-json\/wp\/v2\/types\/product"}],"replies":[{"embeddable":true,"href":"https:\/\/whitelip.com\/sk\/wp-json\/wp\/v2\/comments?post=10735"}],"wp:featuredmedia":[{"embeddable":true,"href":"https:\/\/whitelip.com\/sk\/wp-json\/wp\/v2\/media\/10736"}],"wp:attachment":[{"href":"https:\/\/whitelip.com\/sk\/wp-json\/wp\/v2\/media?parent=10735"}],"wp:term":[{"taxonomy":"product_brand","embeddable":true,"href":"https:\/\/whitelip.com\/sk\/wp-json\/wp\/v2\/product_brand?post=10735"},{"taxonomy":"product_cat","embeddable":true,"href":"https:\/\/whitelip.com\/sk\/wp-json\/wp\/v2\/product_cat?post=10735"},{"taxonomy":"product_tag","embeddable":true,"href":"https:\/\/whitelip.com\/sk\/wp-json\/wp\/v2\/product_tag?post=10735"},{"taxonomy":"flavours","embeddable":true,"href":"https:\/\/whitelip.com\/sk\/wp-json\/wp\/v2\/flavours?post=10735"},{"taxonomy":"format","embeddable":true,"href":"https:\/\/whitelip.com\/sk\/wp-json\/wp\/v2\/format?post=10735"},{"taxonomy":"nicotine","embeddable":true,"href":"https:\/\/whitelip.com\/sk\/wp-json\/wp\/v2\/nicotine?post=10735"}],"curies":[{"name":"wp","href":"https:\/\/api.w.org\/{rel}","templated":true}]}}