{"id":10725,"date":"2025-06-23T10:40:18","date_gmt":"2025-06-23T10:40:18","guid":{"rendered":"https:\/\/whitelip.com\/pablo-gold-edition-tropical-punch\/"},"modified":"2026-05-09T10:11:12","modified_gmt":"2026-05-09T10:11:12","slug":"pablo-gold-edition-tropical-punch","status":"publish","type":"product","link":"https:\/\/whitelip.com\/sk\/pablo\/pablo-gold-edition-tropical-punch\/","title":{"rendered":"PABLO Gold Edition Tropical Punch"},"content":{"rendered":"<h2><strong>PABLO Gold Edition Tropical Punch<\/strong><\/h2>\n<p class=\"\" data-start=\"100\" data-end=\"587\">Nikot\u00ednov\u00e9 vrec\u00fa\u0161ka PABLO Gold Edition Tropical Punch exploduj\u00fa \u017eivou zmesou chut\u00ed tropick\u00e9ho ovocia - myslite na \u0161\u0165avnat\u00e9 mango, anan\u00e1s a marakuju - zmie\u0161an\u00e9 s osvie\u017euj\u00facim chladom. Toto vrec\u00fa\u0161ko so siln\u00fdm nikot\u00ednov\u00fdm z\u00e1sahom 28 mg\/g (17 mg na vrec\u00fa\u0161ko) je ur\u010den\u00e9 pre sk\u00fasen\u00fdch u\u017e\u00edvate\u013eov, ktor\u00ed maj\u00fa radi odv\u00e1\u017enu chu\u0165 a poriadnu intenzitu. Tenk\u00fd a diskr\u00e9tny PABLO Tropical Punch prin\u00e1\u0161a exotick\u00fa chu\u0165 a silu v jednom \u010distom vrec\u00fa\u0161ku bez tabaku.<\/p>\n<table>\n<tbody>\n<tr>\n<td><b>Atrib\u00fat<\/b><\/td>\n<td><b>Podrobnosti<\/b><\/td>\n<\/tr>\n<tr>\n<td><b>Obsah na plechovku<\/b><\/td>\n<td><span style=\"font-weight: 400;\">15 g (20 vrec\u00fa\u0161ok)<\/span><\/td>\n<\/tr>\n<tr>\n<td><b>Obsah nikot\u00ednu<\/b><\/td>\n<td><span style=\"font-weight: 400;\">28 mg\/g (17 mg na vrec\u00fa\u0161ko)<\/span><\/td>\n<\/tr>\n<tr>\n<td><b>Form\u00e1t vrecka<\/b><\/td>\n<td><span style=\"font-weight: 400;\">Slim<\/span><\/td>\n<\/tr>\n<tr>\n<td><b>V\u00fdrobca<\/b><\/td>\n<td><span style=\"font-weight: 400;\">Imp\u00e9rium N.G.P<\/span><\/td>\n<\/tr>\n<tr>\n<td><b>Pr\u00edchu\u0165<\/b><\/td>\n<td><span style=\"font-weight: 400;\">Tropical Punch (Mango, ananas, marakuja)<\/span><\/td>\n<\/tr>\n<tr>\n<td><b>Typ<\/b><\/td>\n<td><span style=\"font-weight: 400;\">Celobiele vrecko, bez tabaku<\/span><\/td>\n<\/tr>\n<\/tbody>\n<\/table>","protected":false},"excerpt":{"rendered":"<p>Nikot\u00ednov\u00e9 vrec\u00fa\u0161ka PABLO Gold Edition Tropical Punch prin\u00e1\u0161aj\u00fa \u017eiv\u00fa pr\u00edchu\u0165 tropick\u00e9ho pun\u010du s osvie\u017euj\u00facim chladen\u00edm. Tenk\u00e9, diskr\u00e9tne a bez tabaku pre \u010dist\u00e9 a siln\u00e9 u\u017e\u00edvanie vhodn\u00e9 pre sk\u00fasen\u00fdch u\u017e\u00edvate\u013eov. Ka\u017ed\u00e9 vrecko obsahuje 17 mg nikot\u00ednu (28 mg\/g).<\/p>","protected":false},"featured_media":10726,"comment_status":"open","ping_status":"closed","template":"","format":[206],"meta":{"_acf_changed":false},"product_brand":[],"product_cat":[44],"product_tag":[16996],"flavours":[196],"nicotine":[220,232],"class_list":{"0":"post-10725","1":"product","2":"type-product","3":"status-publish","4":"has-post-thumbnail","6":"product_cat-pablo","7":"product_tag-17-mg-pouch","8":"pa_quantity-1-pack","9":"pa_quantity-10-pack","10":"pa_quantity-3-pack","11":"pa_quantity-30-pack","12":"pa_quantity-5-pack","13":"pa_quantity-60-pack","14":"flavours-fruits-berries","15":"format-slim","16":"nicotine-28-mg-g","17":"nicotine-extra-strong","19":"first","20":"instock","21":"taxable","22":"shipping-taxable","23":"purchasable","24":"product-type-variable","25":"has-default-attributes"},"acf":[],"_links":{"self":[{"href":"https:\/\/whitelip.com\/sk\/wp-json\/wp\/v2\/product\/10725","targetHints":{"allow":["GET"]}}],"collection":[{"href":"https:\/\/whitelip.com\/sk\/wp-json\/wp\/v2\/product"}],"about":[{"href":"https:\/\/whitelip.com\/sk\/wp-json\/wp\/v2\/types\/product"}],"replies":[{"embeddable":true,"href":"https:\/\/whitelip.com\/sk\/wp-json\/wp\/v2\/comments?post=10725"}],"wp:featuredmedia":[{"embeddable":true,"href":"https:\/\/whitelip.com\/sk\/wp-json\/wp\/v2\/media\/10726"}],"wp:attachment":[{"href":"https:\/\/whitelip.com\/sk\/wp-json\/wp\/v2\/media?parent=10725"}],"wp:term":[{"taxonomy":"product_brand","embeddable":true,"href":"https:\/\/whitelip.com\/sk\/wp-json\/wp\/v2\/product_brand?post=10725"},{"taxonomy":"product_cat","embeddable":true,"href":"https:\/\/whitelip.com\/sk\/wp-json\/wp\/v2\/product_cat?post=10725"},{"taxonomy":"product_tag","embeddable":true,"href":"https:\/\/whitelip.com\/sk\/wp-json\/wp\/v2\/product_tag?post=10725"},{"taxonomy":"flavours","embeddable":true,"href":"https:\/\/whitelip.com\/sk\/wp-json\/wp\/v2\/flavours?post=10725"},{"taxonomy":"format","embeddable":true,"href":"https:\/\/whitelip.com\/sk\/wp-json\/wp\/v2\/format?post=10725"},{"taxonomy":"nicotine","embeddable":true,"href":"https:\/\/whitelip.com\/sk\/wp-json\/wp\/v2\/nicotine?post=10725"}],"curies":[{"name":"wp","href":"https:\/\/api.w.org\/{rel}","templated":true}]}}