{"id":10720,"date":"2025-06-23T10:40:18","date_gmt":"2025-06-23T10:40:18","guid":{"rendered":"https:\/\/whitelip.com\/pablo-gold-edition-blue-raspberry\/"},"modified":"2026-03-10T09:08:35","modified_gmt":"2026-03-10T09:08:35","slug":"pablo-gold-edition-blue-raspberry","status":"publish","type":"product","link":"https:\/\/whitelip.com\/sk\/pablo\/pablo-gold-edition-blue-raspberry\/","title":{"rendered":"PABLO Gold Edition Blue Raspberry"},"content":{"rendered":"<h2><strong>PABLO Gold Edition Blue Raspberry<\/strong><\/h2>\n<p class=\"\" data-start=\"100\" data-end=\"587\">Nikot\u00ednov\u00e9 vrec\u00fa\u0161ka PABLO Gold Edition Blue Raspberry prin\u00e1\u0161aj\u00fa intenz\u00edvne spojenie v\u00fdraznej, sladkej bobu\u013eovej chuti a mraziv\u00e9ho m\u00e4tov\u00e9ho z\u00e1veru. V\u010faka silnej sile nikot\u00ednu 28 mg\/g (17 mg na vrec\u00fa\u0161ko) je tento variant prisp\u00f4soben\u00fd pre sk\u00fasen\u00fdch u\u017e\u00edvate\u013eov, ktor\u00ed h\u013eadaj\u00fa ostr\u00fd ovocn\u00fd n\u00e1boj. \u0160t\u00edhla, diskr\u00e9tna a bez tabaku, PABLO Gold Edition pon\u00faka pr\u00e9miov\u00fa chu\u0165 modrej maliny zabalen\u00fa do vysoko \u00fa\u010dinn\u00e9ho z\u00e1\u017eitku.<\/p>\n<table>\n<tbody>\n<tr>\n<td><b>Atrib\u00fat<\/b><\/td>\n<td><b>Podrobnosti<\/b><\/td>\n<\/tr>\n<tr>\n<td><b>Obsah na plechovku<\/b><\/td>\n<td><span style=\"font-weight: 400;\">15 g (20 vrec\u00fa\u0161ok)<\/span><\/td>\n<\/tr>\n<tr>\n<td><b>Obsah nikot\u00ednu<\/b><\/td>\n<td><span style=\"font-weight: 400;\">28 mg\/g (17 mg na vrec\u00fa\u0161ko)<\/span><\/td>\n<\/tr>\n<tr>\n<td><b>Form\u00e1t vrecka<\/b><\/td>\n<td><span style=\"font-weight: 400;\">Slim<\/span><\/td>\n<\/tr>\n<tr>\n<td><b>V\u00fdrobca<\/b><\/td>\n<td><span style=\"font-weight: 400;\">Imp\u00e9rium N.G.P<\/span><\/td>\n<\/tr>\n<tr>\n<td><b>Pr\u00edchu\u0165<\/b><\/td>\n<td><span style=\"font-weight: 400;\">Blue Raspberry (Sladk\u00e1 a chladn\u00e1 bobu\u013ea)<\/span><\/td>\n<\/tr>\n<tr>\n<td><b>Typ<\/b><\/td>\n<td><span style=\"font-weight: 400;\">Celobiele vrecko, bez tabaku<\/span><\/td>\n<\/tr>\n<\/tbody>\n<\/table>","protected":false},"excerpt":{"rendered":"<p>Nikot\u00ednov\u00e9 vrec\u00fa\u0161ka PABLO Gold Edition Blue Raspberry prin\u00e1\u0161aj\u00fa intenz\u00edvny <strong data-start=\"70\" data-end=\"88\">Modr\u00e1 malina<\/strong> s chladivou m\u00e4tovou pr\u00edchu\u0165ou. <strong data-start=\"126\" data-end=\"134\">Slim<\/strong>, diskr\u00e9tne a bez tabaku na \u010dist\u00e9 pou\u017e\u00edvanie. Ka\u017ed\u00e9 vrecko obsahuje <strong data-start=\"197\" data-end=\"215\">17 mg nikot\u00ednu<\/strong> (28 mg\/g). Prisp\u00f4soben\u00e9 pre sk\u00fasen\u00fdch u\u017e\u00edvate\u013eov, ktor\u00ed h\u013eadaj\u00fa ostr\u00fd, ovocn\u00fd n\u00e1boj.<\/p>","protected":false},"featured_media":10721,"comment_status":"open","ping_status":"closed","template":"","format":[206],"meta":{"_acf_changed":false},"product_brand":[],"product_cat":[44],"product_tag":[16996],"flavours":[196],"nicotine":[220,232],"class_list":{"0":"post-10720","1":"product","2":"type-product","3":"status-publish","4":"has-post-thumbnail","6":"product_cat-pablo","7":"product_tag-17-mg-pouch","8":"pa_quantity-1-pack","9":"pa_quantity-10-pack","10":"pa_quantity-3-pack","11":"pa_quantity-30-pack","12":"pa_quantity-5-pack","13":"pa_quantity-60-pack","14":"flavours-fruits-berries","15":"format-slim","16":"nicotine-28-mg-g","17":"nicotine-extra-strong","19":"first","20":"outofstock","21":"taxable","22":"shipping-taxable","23":"purchasable","24":"product-type-variable","25":"has-default-attributes"},"acf":[],"_links":{"self":[{"href":"https:\/\/whitelip.com\/sk\/wp-json\/wp\/v2\/product\/10720","targetHints":{"allow":["GET"]}}],"collection":[{"href":"https:\/\/whitelip.com\/sk\/wp-json\/wp\/v2\/product"}],"about":[{"href":"https:\/\/whitelip.com\/sk\/wp-json\/wp\/v2\/types\/product"}],"replies":[{"embeddable":true,"href":"https:\/\/whitelip.com\/sk\/wp-json\/wp\/v2\/comments?post=10720"}],"wp:featuredmedia":[{"embeddable":true,"href":"https:\/\/whitelip.com\/sk\/wp-json\/wp\/v2\/media\/10721"}],"wp:attachment":[{"href":"https:\/\/whitelip.com\/sk\/wp-json\/wp\/v2\/media?parent=10720"}],"wp:term":[{"taxonomy":"product_brand","embeddable":true,"href":"https:\/\/whitelip.com\/sk\/wp-json\/wp\/v2\/product_brand?post=10720"},{"taxonomy":"product_cat","embeddable":true,"href":"https:\/\/whitelip.com\/sk\/wp-json\/wp\/v2\/product_cat?post=10720"},{"taxonomy":"product_tag","embeddable":true,"href":"https:\/\/whitelip.com\/sk\/wp-json\/wp\/v2\/product_tag?post=10720"},{"taxonomy":"flavours","embeddable":true,"href":"https:\/\/whitelip.com\/sk\/wp-json\/wp\/v2\/flavours?post=10720"},{"taxonomy":"format","embeddable":true,"href":"https:\/\/whitelip.com\/sk\/wp-json\/wp\/v2\/format?post=10720"},{"taxonomy":"nicotine","embeddable":true,"href":"https:\/\/whitelip.com\/sk\/wp-json\/wp\/v2\/nicotine?post=10720"}],"curies":[{"name":"wp","href":"https:\/\/api.w.org\/{rel}","templated":true}]}}