{"id":10715,"date":"2025-06-11T12:26:12","date_gmt":"2025-06-11T12:26:12","guid":{"rendered":"https:\/\/whitelip.com\/helwit-raspberry-liquorice\/"},"modified":"2026-04-27T10:10:39","modified_gmt":"2026-04-27T10:10:39","slug":"helwit-raspberry-liquorice","status":"publish","type":"product","link":"https:\/\/whitelip.com\/sk\/helwit\/helwit-raspberry-liquorice\/","title":{"rendered":"HELWIT Malinov\u00e1 sladk\u00e1 du\u017eina"},"content":{"rendered":"<h2><b>HELWIT Malinov\u00e1 sladk\u00e1 du\u017eina<\/b><\/h2>\n<p><span style=\"font-weight: 400;\">Nikot\u00ednov\u00e9 vrec\u00fa\u0161ka HELWIT Raspberry Liquorice sp\u00e1jaj\u00fa sladk\u00fa a pikantn\u00fa chu\u0165 zrel\u00fdch mal\u00edn s bohatou slanou h\u013abkou klasickej severskej sladkej drievnosti. T\u00e1to odv\u00e1\u017ena a vyv\u00e1\u017een\u00e1 zmes vytv\u00e1ra jedine\u010dn\u00fd \u0161kandin\u00e1vsky chu\u0165ov\u00fd z\u00e1\u017eitok - ovocn\u00fd, slan\u00fd a uspokojuj\u00faci. Ka\u017ed\u00e9 vrec\u00fa\u0161ko tenk\u00e9ho form\u00e1tu obsahuje 7 mg nikot\u00ednu na gram, \u010do pon\u00faka mierne a stabiln\u00e9 uvo\u013e\u0148ovanie ide\u00e1lne na ka\u017edodenn\u00e9 pou\u017e\u00edvanie. Tieto vrec\u00fa\u0161ka, ktor\u00e9 vyr\u00e1ba spolo\u010dnos\u0165 YOIK AB vo \u0160v\u00e9dsku, s\u00fa navrhnut\u00e9 tak, aby boli diskr\u00e9tne, bez \u0161kv\u0155n a pohodln\u00e9 pod perou, \u010do odr\u00e1\u017ea z\u00e1v\u00e4zok spolo\u010dnosti HELWIT k \u010dist\u00fdm, chu\u0165ovo v\u00fdrazn\u00fdm nikot\u00ednov\u00fdm alternat\u00edvam.<\/span><\/p>\n<table>\n<tbody>\n<tr>\n<td><b>Atrib\u00fat<\/b><\/td>\n<td><b>Podrobnosti<\/b><\/td>\n<\/tr>\n<tr>\n<td><b>Obsah na plechovku<\/b><\/td>\n<td><span style=\"font-weight: 400;\">10 g (20 vrec\u00fa\u0161ok)<\/span><\/td>\n<\/tr>\n<tr>\n<td><b>Obsah nikot\u00ednu<\/b><\/td>\n<td><span style=\"font-weight: 400;\">7 mg\/g (3,5 mg na vrecko)<\/span><\/td>\n<\/tr>\n<tr>\n<td><b>Form\u00e1t vrecka<\/b><\/td>\n<td><span style=\"font-weight: 400;\">Slim<\/span><\/td>\n<\/tr>\n<tr>\n<td><b>V\u00fdrobca<\/b><\/td>\n<td><span style=\"font-weight: 400;\">SPOLO\u010cNOS\u0164 YOIK AB<\/span><\/td>\n<\/tr>\n<tr>\n<td><b>Pr\u00edchu\u0165<\/b><\/td>\n<td><span style=\"font-weight: 400;\">Maliny a sladk\u00e9 drievko<\/span><\/td>\n<\/tr>\n<tr>\n<td><b>Typ<\/b><\/td>\n<td><span style=\"font-weight: 400;\">Celobiele vrecko<\/span><\/td>\n<\/tr>\n<\/tbody>\n<\/table>","protected":false},"excerpt":{"rendered":"<p>Sladkast\u00e1 <strong data-start=\"12\" data-end=\"35\">malinov\u00e9 sladk\u00e9 drievko<\/strong> mie\u0161a zrel\u00e9 maliny s bohat\u00fdm, slan\u00fdm seversk\u00fdm sladk\u00fdm drievkom. <strong data-start=\"94\" data-end=\"102\">Slim<\/strong>, vrec\u00fa\u0161ka bez tabaku a \u0161kv\u0155n sa diskr\u00e9tne umiestnia pod pery a umo\u017e\u0148uj\u00fa pohodln\u00e9 a modern\u00e9 pou\u017e\u00edvanie. Ka\u017ed\u00e9 vrecko obsahuje <strong data-start=\"215\" data-end=\"234\">7 mg\/g nikot\u00ednu<\/strong>, \u010d\u00edm sa dosiahne mierne a stabiln\u00e9 uvo\u013enenie.<\/p>","protected":false},"featured_media":10716,"comment_status":"open","ping_status":"closed","template":"","format":[206],"meta":{"_acf_changed":false},"product_brand":[],"product_cat":[52],"product_tag":[16597],"flavours":[196],"nicotine":[229,235],"class_list":{"0":"post-10715","1":"product","2":"type-product","3":"status-publish","4":"has-post-thumbnail","6":"product_cat-helwit","7":"product_tag-3-5-mg-pouch","8":"pa_quantity-1-pack","9":"pa_quantity-10-pack","10":"pa_quantity-3-pack","11":"pa_quantity-30-pack","12":"pa_quantity-5-pack","13":"pa_quantity-60-pack","14":"flavours-fruits-berries","15":"format-slim","16":"nicotine-7-mg-g","17":"nicotine-normal","19":"first","20":"instock","21":"taxable","22":"shipping-taxable","23":"purchasable","24":"product-type-variable","25":"has-default-attributes"},"acf":[],"_links":{"self":[{"href":"https:\/\/whitelip.com\/sk\/wp-json\/wp\/v2\/product\/10715","targetHints":{"allow":["GET"]}}],"collection":[{"href":"https:\/\/whitelip.com\/sk\/wp-json\/wp\/v2\/product"}],"about":[{"href":"https:\/\/whitelip.com\/sk\/wp-json\/wp\/v2\/types\/product"}],"replies":[{"embeddable":true,"href":"https:\/\/whitelip.com\/sk\/wp-json\/wp\/v2\/comments?post=10715"}],"wp:featuredmedia":[{"embeddable":true,"href":"https:\/\/whitelip.com\/sk\/wp-json\/wp\/v2\/media\/10716"}],"wp:attachment":[{"href":"https:\/\/whitelip.com\/sk\/wp-json\/wp\/v2\/media?parent=10715"}],"wp:term":[{"taxonomy":"product_brand","embeddable":true,"href":"https:\/\/whitelip.com\/sk\/wp-json\/wp\/v2\/product_brand?post=10715"},{"taxonomy":"product_cat","embeddable":true,"href":"https:\/\/whitelip.com\/sk\/wp-json\/wp\/v2\/product_cat?post=10715"},{"taxonomy":"product_tag","embeddable":true,"href":"https:\/\/whitelip.com\/sk\/wp-json\/wp\/v2\/product_tag?post=10715"},{"taxonomy":"flavours","embeddable":true,"href":"https:\/\/whitelip.com\/sk\/wp-json\/wp\/v2\/flavours?post=10715"},{"taxonomy":"format","embeddable":true,"href":"https:\/\/whitelip.com\/sk\/wp-json\/wp\/v2\/format?post=10715"},{"taxonomy":"nicotine","embeddable":true,"href":"https:\/\/whitelip.com\/sk\/wp-json\/wp\/v2\/nicotine?post=10715"}],"curies":[{"name":"wp","href":"https:\/\/api.w.org\/{rel}","templated":true}]}}