{"id":10705,"date":"2025-06-11T12:32:02","date_gmt":"2025-06-11T12:32:02","guid":{"rendered":"https:\/\/whitelip.com\/denssi-mango-freeze-16mg\/"},"modified":"2026-05-11T10:11:41","modified_gmt":"2026-05-11T10:11:41","slug":"denssi-mango-freeze-16mg","status":"publish","type":"product","link":"https:\/\/whitelip.com\/sk\/denssi\/denssi-mango-freeze-16mg\/","title":{"rendered":"DENSSI Mango Freeze 16mg"},"content":{"rendered":"<h2><strong>DENSSI Mango Freeze 16mg<\/strong><\/h2>\n<p><span style=\"font-weight: 400;\">DENSSI Mango Freeze 16 mg prin\u00e1\u0161a tropick\u00fd pun\u010d chuti zrel\u00e9ho manga spojen\u00fd s \u013eadov\u00fdm mentolov\u00fdm z\u00e1verom. Ka\u017ed\u00e9 tenk\u00e9 vrec\u00fa\u0161ko bez tabaku obsahuje 11,2 mg nikot\u00ednu a pon\u00faka siln\u00fd a osvie\u017euj\u00faci z\u00e1\u017eitok, ktor\u00fd vyva\u017euje ovocn\u00fa sladkos\u0165 so siln\u00fdm chladiv\u00fdm pocitom.<\/span><\/p>\n<p><span style=\"font-weight: 400;\">Ide\u00e1lne pre pou\u017e\u00edvate\u013eov, ktor\u00ed t\u00fa\u017eia po v\u00fdraznej chuti a intenz\u00edvnej sile, s\u00fa tieto \u00faplne biele vrec\u00fa\u0161ka navrhnut\u00e9 na diskr\u00e9tne pou\u017e\u00edvanie a pohodln\u00e9 nosenie pod perou. V\u010faka tomu, \u017ee neobsahuj\u00fa tabak a nefarbia, DENSSI Mango Freeze 16 mg prin\u00e1\u0161a \u010dist\u00fd, energizuj\u00faci pr\u00edval tropick\u00e9ho chladu, nech ste kdeko\u013evek.<\/span><\/p>\n<table>\n<tbody>\n<tr>\n<td><b>Atrib\u00fat<\/b><\/td>\n<td><b>Podrobnosti<\/b><\/td>\n<\/tr>\n<tr>\n<td><span style=\"font-weight: 400;\">Obsah na plechovku<\/span><\/td>\n<td><span style=\"font-weight: 400;\">10 g (20 vrec\u00fa\u0161ok)<\/span><\/td>\n<\/tr>\n<tr>\n<td><span style=\"font-weight: 400;\">Obsah nikot\u00ednu<\/span><\/td>\n<td><span style=\"font-weight: 400;\">16 mg\/g (11,2 mg na vrecko)<\/span><\/td>\n<\/tr>\n<tr>\n<td><span style=\"font-weight: 400;\">Form\u00e1t vrecka<\/span><\/td>\n<td><span style=\"font-weight: 400;\">Slim<\/span><\/td>\n<\/tr>\n<tr>\n<td><span style=\"font-weight: 400;\">V\u00fdrobca<\/span><\/td>\n<td><span style=\"font-weight: 400;\">DENSSI<\/span><\/td>\n<\/tr>\n<tr>\n<td><span style=\"font-weight: 400;\">Pr\u00edchu\u0165<\/span><\/td>\n<td><span style=\"font-weight: 400;\">Mango a mentol<\/span><\/td>\n<\/tr>\n<tr>\n<td><span style=\"font-weight: 400;\">Typ<\/span><\/td>\n<td><span style=\"font-weight: 400;\">Celobiele vrecko, bez tabaku<\/span><\/td>\n<\/tr>\n<\/tbody>\n<\/table>","protected":false},"excerpt":{"rendered":"<p>Tropick\u00e9 <strong data-start=\"9\" data-end=\"35\">mango a mentol<\/strong> pre sladk\u00fd, osvie\u017euj\u00faci pun\u010d. Na <strong data-start=\"71\" data-end=\"93\">\u0161t\u00edhly, <\/strong>vrec\u00fa\u0161ka bez tabaku s\u00fa diskr\u00e9tne umiestnen\u00e9 pod perou a poskytuj\u00fa \u010dist\u00fd a pohodln\u00fd pocit. Ka\u017ed\u00e9 vrecko obsahuje <strong data-start=\"182\" data-end=\"212\">11,2 mg nikot\u00ednu na vrecko<\/strong>, ktor\u00e1 prin\u00e1\u0161a siln\u00fd, chladiv\u00fd z\u00e1\u017eitok s ovocnou rovnov\u00e1hou.<\/p>","protected":false},"featured_media":10706,"comment_status":"open","ping_status":"closed","template":"","format":[206],"meta":{"_acf_changed":false},"product_brand":[],"product_cat":[115],"product_tag":[16577],"flavours":[196,199],"nicotine":[213,232],"class_list":{"0":"post-10705","1":"product","2":"type-product","3":"status-publish","4":"has-post-thumbnail","6":"product_cat-denssi","7":"product_tag-11-2-mg-pouch","8":"pa_quantity-1-pack","9":"pa_quantity-10-pack","10":"pa_quantity-3-pack","11":"pa_quantity-30-pack","12":"pa_quantity-5-pack","13":"pa_quantity-60-pack","14":"flavours-fruits-berries","15":"flavours-mint","16":"format-slim","17":"nicotine-16-mg-g","18":"nicotine-extra-strong","20":"first","21":"instock","22":"taxable","23":"shipping-taxable","24":"purchasable","25":"product-type-variable","26":"has-default-attributes"},"acf":[],"_links":{"self":[{"href":"https:\/\/whitelip.com\/sk\/wp-json\/wp\/v2\/product\/10705","targetHints":{"allow":["GET"]}}],"collection":[{"href":"https:\/\/whitelip.com\/sk\/wp-json\/wp\/v2\/product"}],"about":[{"href":"https:\/\/whitelip.com\/sk\/wp-json\/wp\/v2\/types\/product"}],"replies":[{"embeddable":true,"href":"https:\/\/whitelip.com\/sk\/wp-json\/wp\/v2\/comments?post=10705"}],"wp:featuredmedia":[{"embeddable":true,"href":"https:\/\/whitelip.com\/sk\/wp-json\/wp\/v2\/media\/10706"}],"wp:attachment":[{"href":"https:\/\/whitelip.com\/sk\/wp-json\/wp\/v2\/media?parent=10705"}],"wp:term":[{"taxonomy":"product_brand","embeddable":true,"href":"https:\/\/whitelip.com\/sk\/wp-json\/wp\/v2\/product_brand?post=10705"},{"taxonomy":"product_cat","embeddable":true,"href":"https:\/\/whitelip.com\/sk\/wp-json\/wp\/v2\/product_cat?post=10705"},{"taxonomy":"product_tag","embeddable":true,"href":"https:\/\/whitelip.com\/sk\/wp-json\/wp\/v2\/product_tag?post=10705"},{"taxonomy":"flavours","embeddable":true,"href":"https:\/\/whitelip.com\/sk\/wp-json\/wp\/v2\/flavours?post=10705"},{"taxonomy":"format","embeddable":true,"href":"https:\/\/whitelip.com\/sk\/wp-json\/wp\/v2\/format?post=10705"},{"taxonomy":"nicotine","embeddable":true,"href":"https:\/\/whitelip.com\/sk\/wp-json\/wp\/v2\/nicotine?post=10705"}],"curies":[{"name":"wp","href":"https:\/\/api.w.org\/{rel}","templated":true}]}}