{"id":10695,"date":"2025-06-11T12:32:02","date_gmt":"2025-06-11T12:32:02","guid":{"rendered":"https:\/\/whitelip.com\/denssi-brain-freeze-16mg\/"},"modified":"2026-04-18T17:51:12","modified_gmt":"2026-04-18T17:51:12","slug":"denssi-brain-freeze-16mg","status":"publish","type":"product","link":"https:\/\/whitelip.com\/sk\/denssi\/denssi-brain-freeze-16mg\/","title":{"rendered":"DENSSI Brain Freeze 16 mg"},"content":{"rendered":"<h2><strong>DENSSI Brain Freeze 16 mg<\/strong><\/h2>\n<p><span style=\"font-weight: 400;\">DENSSI Brain Freeze 16 mg prin\u00e1\u0161a elektrizuj\u00facu zmes intenz\u00edvnej m\u00e4ty a mentolu, vytvoren\u00fa tak, aby prebudila va\u0161e zmysly arktick\u00fdm v\u00fdbuchom. So siln\u00fdmi 11,2 mg nikot\u00ednu v jednom tenkom vrec\u00fa\u0161ku je ur\u010den\u00fd pre pou\u017e\u00edvate\u013eov, ktor\u00ed t\u00fa\u017eia po vysoko \u00fa\u010dinnom z\u00e1\u017eitku. Extr\u00e9mny chladiv\u00fd \u00fa\u010dinok zodpoved\u00e1 svojmu n\u00e1zvu a pon\u00faka vzru\u0161uj\u00face a ostr\u00e9 mrazenie, ktor\u00e9 pretrv\u00e1va pri ka\u017edom pou\u017eit\u00ed.<\/span><\/p>\n<p><span style=\"font-weight: 400;\">\u0160t\u00edhle, \u00faplne biele vreck\u00e1 s\u00fa diskr\u00e9tne, pohodln\u00e9 pod rtom a \u00faplne bez tab\u00e1ku. \u010ci u\u017e h\u013ead\u00e1te siln\u00fd v\u00fdbuch svie\u017eesti alebo siln\u00fd n\u00e1por, DENSSI Brain Freeze 16mg je \u0161pi\u010dkov\u00e1 vo\u013eba pre sk\u00fasen\u00fdch pou\u017e\u00edvate\u013eov, ktor\u00ed h\u013eadaj\u00fa odv\u00e1\u017enu chu\u0165 a v\u00e1\u017enu intenzitu.<\/span><\/p>\n<table>\n<tbody>\n<tr>\n<td><b>Atrib\u00fat<\/b><\/td>\n<td><b>Podrobnosti<\/b><\/td>\n<\/tr>\n<tr>\n<td><span style=\"font-weight: 400;\">Obsah na plechovku<\/span><\/td>\n<td><span style=\"font-weight: 400;\">10 g (20 vrec\u00fa\u0161ok)<\/span><\/td>\n<\/tr>\n<tr>\n<td><span style=\"font-weight: 400;\">Obsah nikot\u00ednu<\/span><\/td>\n<td><span style=\"font-weight: 400;\">16 mg\/g (11,2 mg na vrecko)<\/span><\/td>\n<\/tr>\n<tr>\n<td><span style=\"font-weight: 400;\">Form\u00e1t vrecka<\/span><\/td>\n<td><span style=\"font-weight: 400;\">Slim<\/span><\/td>\n<\/tr>\n<tr>\n<td><span style=\"font-weight: 400;\">V\u00fdrobca<\/span><\/td>\n<td><span style=\"font-weight: 400;\">DENSSI<\/span><\/td>\n<\/tr>\n<tr>\n<td><span style=\"font-weight: 400;\">Pr\u00edchu\u0165<\/span><\/td>\n<td><span style=\"font-weight: 400;\">Intenz\u00edvna m\u00e4ta a mentol<\/span><\/td>\n<\/tr>\n<tr>\n<td><span style=\"font-weight: 400;\">Typ<\/span><\/td>\n<td><span style=\"font-weight: 400;\">Celobiele vrecko, bez tabaku<\/span><\/td>\n<\/tr>\n<\/tbody>\n<\/table>","protected":false},"excerpt":{"rendered":"<p>Intenz\u00edvne <strong data-start=\"8\" data-end=\"28\">m\u00e4ta a mentol<\/strong> pre arktick\u00fd chladn\u00fd, elektrizuj\u00faci kopanec. Na str\u00e1nke . <strong data-start=\"72\" data-end=\"80\">\u0161t\u00edhly<\/strong> vrec\u00fa\u0161ka s\u00fa diskr\u00e9tne umiestnen\u00e9 pod perou, aby p\u00f4sobili \u010disto a silno. Ka\u017ed\u00e9 vrecko obsahuje <strong data-start=\"166\" data-end=\"196\">11,2 mg nikot\u00ednu na vrecko<\/strong>, ktor\u00fd poskytuje ostr\u00e9 a dlhotrvaj\u00face zmrazenie pre pou\u017e\u00edvate\u013eov, ktor\u00ed t\u00fa\u017eia po maxim\u00e1lnej intenzite.<\/p>","protected":false},"featured_media":10696,"comment_status":"open","ping_status":"closed","template":"","format":[206],"meta":{"_acf_changed":false},"product_brand":[],"product_cat":[115],"product_tag":[16577],"flavours":[199],"nicotine":[213,232],"class_list":{"0":"post-10695","1":"product","2":"type-product","3":"status-publish","4":"has-post-thumbnail","6":"product_cat-denssi","7":"product_tag-11-2-mg-pouch","8":"pa_quantity-1-pack","9":"pa_quantity-10-pack","10":"pa_quantity-3-pack","11":"pa_quantity-30-pack","12":"pa_quantity-5-pack","13":"pa_quantity-60-pack","14":"flavours-mint","15":"format-slim","16":"nicotine-16-mg-g","17":"nicotine-extra-strong","19":"first","20":"instock","21":"taxable","22":"shipping-taxable","23":"purchasable","24":"product-type-variable","25":"has-default-attributes"},"acf":[],"_links":{"self":[{"href":"https:\/\/whitelip.com\/sk\/wp-json\/wp\/v2\/product\/10695","targetHints":{"allow":["GET"]}}],"collection":[{"href":"https:\/\/whitelip.com\/sk\/wp-json\/wp\/v2\/product"}],"about":[{"href":"https:\/\/whitelip.com\/sk\/wp-json\/wp\/v2\/types\/product"}],"replies":[{"embeddable":true,"href":"https:\/\/whitelip.com\/sk\/wp-json\/wp\/v2\/comments?post=10695"}],"wp:featuredmedia":[{"embeddable":true,"href":"https:\/\/whitelip.com\/sk\/wp-json\/wp\/v2\/media\/10696"}],"wp:attachment":[{"href":"https:\/\/whitelip.com\/sk\/wp-json\/wp\/v2\/media?parent=10695"}],"wp:term":[{"taxonomy":"product_brand","embeddable":true,"href":"https:\/\/whitelip.com\/sk\/wp-json\/wp\/v2\/product_brand?post=10695"},{"taxonomy":"product_cat","embeddable":true,"href":"https:\/\/whitelip.com\/sk\/wp-json\/wp\/v2\/product_cat?post=10695"},{"taxonomy":"product_tag","embeddable":true,"href":"https:\/\/whitelip.com\/sk\/wp-json\/wp\/v2\/product_tag?post=10695"},{"taxonomy":"flavours","embeddable":true,"href":"https:\/\/whitelip.com\/sk\/wp-json\/wp\/v2\/flavours?post=10695"},{"taxonomy":"format","embeddable":true,"href":"https:\/\/whitelip.com\/sk\/wp-json\/wp\/v2\/format?post=10695"},{"taxonomy":"nicotine","embeddable":true,"href":"https:\/\/whitelip.com\/sk\/wp-json\/wp\/v2\/nicotine?post=10695"}],"curies":[{"name":"wp","href":"https:\/\/api.w.org\/{rel}","templated":true}]}}