{"id":10675,"date":"2025-06-11T12:32:03","date_gmt":"2025-06-11T12:32:03","guid":{"rendered":"https:\/\/whitelip.com\/denssi-cold-mint-8mg\/"},"modified":"2026-04-28T10:11:28","modified_gmt":"2026-04-28T10:11:28","slug":"denssi-cold-mint-8mg","status":"publish","type":"product","link":"https:\/\/whitelip.com\/sk\/denssi\/denssi-cold-mint-8mg\/","title":{"rendered":"DENSSI Cold Mint 8 mg"},"content":{"rendered":"<h2><strong>DENSSI Cold Mint 8 mg<\/strong><\/h2>\n<p><span style=\"font-weight: 400;\">Vrec\u00fa\u0161ka DENSSI Cold Mint 8 mg nikot\u00ednu prin\u00e1\u0161aj\u00fa svie\u017ei a \u013eadov\u00fd pocit m\u00e4ty, ktor\u00fd osvie\u017ei pri ka\u017edom pou\u017eit\u00ed. Toto vrec\u00fa\u0161ko, ide\u00e1lne pre milovn\u00edkov m\u00e4ty, pon\u00faka \u010dist\u00fa a chladiv\u00fa mentolov\u00fa pr\u00edchu\u0165, ktor\u00e1 poskytuje \u010dist\u00fd, osvie\u017euj\u00faci nikot\u00ednov\u00fd z\u00e1\u017eitok. S 5,6 mg nikot\u00ednu v jednom vrec\u00fa\u0161ku poskytuje vyv\u00e1\u017een\u00fa silu, ktor\u00e1 vyhovuje pravideln\u00fdm aj prechodn\u00fdm u\u017e\u00edvate\u013eom. Tenk\u00fd, \u00faplne biely form\u00e1t zaru\u010duje diskr\u00e9tne pou\u017e\u00edvanie bez \u0161kv\u0155n po\u010das cel\u00e9ho d\u0148a.<\/span><\/p>\n<table>\n<tbody>\n<tr>\n<td><b>Atrib\u00fat<\/b><\/td>\n<td><b>Podrobnosti<\/b><\/td>\n<\/tr>\n<tr>\n<td><span style=\"font-weight: 400;\">Obsah na plechovku<\/span><\/td>\n<td><span style=\"font-weight: 400;\">10 g (20 vrec\u00fa\u0161ok)<\/span><\/td>\n<\/tr>\n<tr>\n<td><span style=\"font-weight: 400;\">Obsah nikot\u00ednu<\/span><\/td>\n<td><span style=\"font-weight: 400;\">8 mg\/g (5,6 mg na kapsulu)<\/span><\/td>\n<\/tr>\n<tr>\n<td><span style=\"font-weight: 400;\">Form\u00e1t vrecka<\/span><\/td>\n<td><span style=\"font-weight: 400;\">Slim<\/span><\/td>\n<\/tr>\n<tr>\n<td><span style=\"font-weight: 400;\">V\u00fdrobca<\/span><\/td>\n<td><span style=\"font-weight: 400;\">DENSSI<\/span><\/td>\n<\/tr>\n<tr>\n<td><span style=\"font-weight: 400;\">Pr\u00edchu\u0165<\/span><\/td>\n<td><span style=\"font-weight: 400;\">Studen\u00e1 m\u00e4ta<\/span><\/td>\n<\/tr>\n<tr>\n<td><span style=\"font-weight: 400;\">Typ<\/span><\/td>\n<td><span style=\"font-weight: 400;\">Celobiele vrecko, bez tabaku<\/span><\/td>\n<\/tr>\n<\/tbody>\n<\/table>","protected":false},"excerpt":{"rendered":"<p>Chrumkav\u00e9, \u013eadov\u00e9 <strong data-start=\"11\" data-end=\"31\">m\u00e4ta<\/strong>\u00a0pre \u010dist\u00fd, osvie\u017euj\u00faci pocit. Na str\u00e1nke . <strong data-start=\"70\" data-end=\"89\">\u0161t\u00edhly, <\/strong>Celobiele vrec\u00fa\u0161ka sa diskr\u00e9tne umiestnia pod pery, aby boli \u010dist\u00e9 a bez \u0161kv\u0155n. Ka\u017ed\u00e9 vrecko obsahuje <strong data-start=\"183\" data-end=\"212\">5,6 mg nikot\u00ednu na vrecko<\/strong>, ktor\u00fd pon\u00faka vyv\u00e1\u017een\u00fa silu ide\u00e1lnu pre pravideln\u00fdch aj prechodn\u00fdch pou\u017e\u00edvate\u013eov.<\/p>","protected":false},"featured_media":10676,"comment_status":"open","ping_status":"closed","template":"","format":[206],"meta":{"_acf_changed":false},"product_brand":[],"product_cat":[115],"product_tag":[16575],"flavours":[199],"nicotine":[230,236],"class_list":{"0":"post-10675","1":"product","2":"type-product","3":"status-publish","4":"has-post-thumbnail","6":"product_cat-denssi","7":"product_tag-5-6-mg-pouch","8":"pa_quantity-1-pack","9":"pa_quantity-10-pack","10":"pa_quantity-3-pack","11":"pa_quantity-30-pack","12":"pa_quantity-5-pack","13":"pa_quantity-60-pack","14":"flavours-mint","15":"format-slim","16":"nicotine-8-mg-g","17":"nicotine-strong","19":"first","20":"instock","21":"taxable","22":"shipping-taxable","23":"purchasable","24":"product-type-variable","25":"has-default-attributes"},"acf":[],"_links":{"self":[{"href":"https:\/\/whitelip.com\/sk\/wp-json\/wp\/v2\/product\/10675","targetHints":{"allow":["GET"]}}],"collection":[{"href":"https:\/\/whitelip.com\/sk\/wp-json\/wp\/v2\/product"}],"about":[{"href":"https:\/\/whitelip.com\/sk\/wp-json\/wp\/v2\/types\/product"}],"replies":[{"embeddable":true,"href":"https:\/\/whitelip.com\/sk\/wp-json\/wp\/v2\/comments?post=10675"}],"wp:featuredmedia":[{"embeddable":true,"href":"https:\/\/whitelip.com\/sk\/wp-json\/wp\/v2\/media\/10676"}],"wp:attachment":[{"href":"https:\/\/whitelip.com\/sk\/wp-json\/wp\/v2\/media?parent=10675"}],"wp:term":[{"taxonomy":"product_brand","embeddable":true,"href":"https:\/\/whitelip.com\/sk\/wp-json\/wp\/v2\/product_brand?post=10675"},{"taxonomy":"product_cat","embeddable":true,"href":"https:\/\/whitelip.com\/sk\/wp-json\/wp\/v2\/product_cat?post=10675"},{"taxonomy":"product_tag","embeddable":true,"href":"https:\/\/whitelip.com\/sk\/wp-json\/wp\/v2\/product_tag?post=10675"},{"taxonomy":"flavours","embeddable":true,"href":"https:\/\/whitelip.com\/sk\/wp-json\/wp\/v2\/flavours?post=10675"},{"taxonomy":"format","embeddable":true,"href":"https:\/\/whitelip.com\/sk\/wp-json\/wp\/v2\/format?post=10675"},{"taxonomy":"nicotine","embeddable":true,"href":"https:\/\/whitelip.com\/sk\/wp-json\/wp\/v2\/nicotine?post=10675"}],"curies":[{"name":"wp","href":"https:\/\/api.w.org\/{rel}","templated":true}]}}