{"id":10665,"date":"2025-06-11T12:32:04","date_gmt":"2025-06-11T12:32:04","guid":{"rendered":"https:\/\/whitelip.com\/denssi-watermelon-freeze-8mg\/"},"modified":"2026-04-19T04:23:07","modified_gmt":"2026-04-19T04:23:07","slug":"denssi-watermelon-freeze-8mg","status":"publish","type":"product","link":"https:\/\/whitelip.com\/sk\/denssi\/denssi-watermelon-freeze-8mg\/","title":{"rendered":"DENSSI Watermelon Freeze 8mg"},"content":{"rendered":"<h2><strong>DENSSI Watermelon Freeze 8mg<\/strong><\/h2>\n<p class=\"translation-block\">DENSSI Watermelon Freeze 8mg vrec\u00fa\u0161ka s nikot\u00ednom sp\u00e1jaj\u00fa soch\u0165 sladkos\u0165 zrel\u00e9ho mel\u00f3nu so \u013eadov\u00fdm mentolom na konci \u2013 \u010derstv\u00fd a ovocn\u00fd pocit. T\u00e1to jedine\u010dn\u00e1 kombin\u00e1cia chut\u00ed dod\u00e1va \u010dist\u00fd, chladn\u00fd pocit v ka\u017edom vrec\u00fa\u0161ku, \u010do z nej rob\u00ed skvel\u00fa vo\u013ebu pre t\u00fdch, ktor\u00ed maj\u00fa radi sladk\u00e9 profily so zmrazuj\u00facim zvratom. Ka\u017ed\u00e9 \u0161t\u00edhle vrec\u00fa\u0161ko bez tab\u00e1ku obsahuje 5,6 mg nikot\u00ednu a pon\u00faka hladk\u00fd a uspokojuj\u00faci z\u00e1\u017eitok v diskr\u00e9tnom a pohodlnom form\u00e1te, ktor\u00fd v\u00e1m nezafarb\u00ed zuby.<\/p>\n<table>\n<tbody>\n<tr>\n<td><b>Atrib\u00fat<\/b><\/td>\n<td><b>Podrobnosti<\/b><\/td>\n<\/tr>\n<tr>\n<td><span style=\"font-weight: 400;\">Obsah na plechovku<\/span><\/td>\n<td><span style=\"font-weight: 400;\">10 g (20 vrec\u00fa\u0161ok)<\/span><\/td>\n<\/tr>\n<tr>\n<td><span style=\"font-weight: 400;\">Obsah nikot\u00ednu<\/span><\/td>\n<td><span style=\"font-weight: 400;\">8 mg\/g (5,6 mg na kapsulu)<\/span><\/td>\n<\/tr>\n<tr>\n<td><span style=\"font-weight: 400;\">Form\u00e1t vrecka<\/span><\/td>\n<td><span style=\"font-weight: 400;\">Slim<\/span><\/td>\n<\/tr>\n<tr>\n<td><span style=\"font-weight: 400;\">V\u00fdrobca<\/span><\/td>\n<td><span style=\"font-weight: 400;\">DENSSI<\/span><\/td>\n<\/tr>\n<tr>\n<td><span style=\"font-weight: 400;\">Pr\u00edchu\u0165<\/span><\/td>\n<td><span style=\"font-weight: 400;\">Vodn\u00fd mel\u00f3n a mentol<\/span><\/td>\n<\/tr>\n<tr>\n<td><span style=\"font-weight: 400;\">Typ<\/span><\/td>\n<td><span style=\"font-weight: 400;\">Celobiele vrecko, bez tabaku<\/span><\/td>\n<\/tr>\n<\/tbody>\n<\/table>","protected":false},"excerpt":{"rendered":"<p>\u0160\u0165avnat\u00e9 <strong data-start=\"6\" data-end=\"37\">mel\u00f3n s \u013eadov\u00fdm mentolom<\/strong> pre sladk\u00fd, osvie\u017euj\u00faci pocit. Na <strong data-start=\"72\" data-end=\"94\">\u0161t\u00edhly, <\/strong>beztabakov\u00e9 vrec\u00fa\u0161ka sa diskr\u00e9tne umiestnia pod pery, aby sa dosiahol \u010dist\u00fd a pohodln\u00fd z\u00e1\u017eitok. Ka\u017ed\u00e9 vrecko obsahuje <strong data-start=\"189\" data-end=\"218\">5,6 mg nikot\u00ednu na vrecko<\/strong>, a poskytuje hladk\u00fd, chladiv\u00fd a uspokojiv\u00fd pocit.<\/p>","protected":false},"featured_media":10666,"comment_status":"open","ping_status":"closed","template":"","format":[206],"meta":{"_acf_changed":false},"product_brand":[],"product_cat":[115],"product_tag":[16575],"flavours":[196,199],"nicotine":[230,236],"class_list":{"0":"post-10665","1":"product","2":"type-product","3":"status-publish","4":"has-post-thumbnail","6":"product_cat-denssi","7":"product_tag-5-6-mg-pouch","8":"pa_quantity-1-pack","9":"pa_quantity-10-pack","10":"pa_quantity-3-pack","11":"pa_quantity-30-pack","12":"pa_quantity-5-pack","13":"pa_quantity-60-pack","14":"flavours-fruits-berries","15":"flavours-mint","16":"format-slim","17":"nicotine-8-mg-g","18":"nicotine-strong","20":"first","21":"instock","22":"taxable","23":"shipping-taxable","24":"purchasable","25":"product-type-variable","26":"has-default-attributes"},"acf":[],"_links":{"self":[{"href":"https:\/\/whitelip.com\/sk\/wp-json\/wp\/v2\/product\/10665","targetHints":{"allow":["GET"]}}],"collection":[{"href":"https:\/\/whitelip.com\/sk\/wp-json\/wp\/v2\/product"}],"about":[{"href":"https:\/\/whitelip.com\/sk\/wp-json\/wp\/v2\/types\/product"}],"replies":[{"embeddable":true,"href":"https:\/\/whitelip.com\/sk\/wp-json\/wp\/v2\/comments?post=10665"}],"wp:featuredmedia":[{"embeddable":true,"href":"https:\/\/whitelip.com\/sk\/wp-json\/wp\/v2\/media\/10666"}],"wp:attachment":[{"href":"https:\/\/whitelip.com\/sk\/wp-json\/wp\/v2\/media?parent=10665"}],"wp:term":[{"taxonomy":"product_brand","embeddable":true,"href":"https:\/\/whitelip.com\/sk\/wp-json\/wp\/v2\/product_brand?post=10665"},{"taxonomy":"product_cat","embeddable":true,"href":"https:\/\/whitelip.com\/sk\/wp-json\/wp\/v2\/product_cat?post=10665"},{"taxonomy":"product_tag","embeddable":true,"href":"https:\/\/whitelip.com\/sk\/wp-json\/wp\/v2\/product_tag?post=10665"},{"taxonomy":"flavours","embeddable":true,"href":"https:\/\/whitelip.com\/sk\/wp-json\/wp\/v2\/flavours?post=10665"},{"taxonomy":"format","embeddable":true,"href":"https:\/\/whitelip.com\/sk\/wp-json\/wp\/v2\/format?post=10665"},{"taxonomy":"nicotine","embeddable":true,"href":"https:\/\/whitelip.com\/sk\/wp-json\/wp\/v2\/nicotine?post=10665"}],"curies":[{"name":"wp","href":"https:\/\/api.w.org\/{rel}","templated":true}]}}