{"id":10660,"date":"2025-06-11T12:32:04","date_gmt":"2025-06-11T12:32:04","guid":{"rendered":"https:\/\/whitelip.com\/denssi-brain-freeze-8mg\/"},"modified":"2026-04-07T23:44:29","modified_gmt":"2026-04-07T23:44:29","slug":"denssi-brain-freeze-8mg","status":"publish","type":"product","link":"https:\/\/whitelip.com\/sk\/denssi\/denssi-brain-freeze-8mg\/","title":{"rendered":"DENSSI Brain Freeze 8 mg"},"content":{"rendered":"<h2><strong>DENSSI Brain Freeze 8 mg<\/strong><\/h2>\n<p><span style=\"font-weight: 400;\">Vrec\u00fa\u0161ka DENSSI Brain Freeze 8 mg nikot\u00ednu prin\u00e1\u0161aj\u00fa mimoriadne osvie\u017euj\u00faci z\u00e1\u017eitok navrhnut\u00fd tak, aby prebudil va\u0161e zmysly. T\u00e1to \u013eadov\u00e1 zmes, ktor\u00e1 obsahuje siln\u00fa kombin\u00e1ciu m\u00e4ty a mentolu, poskytuje prudk\u00fd chladiv\u00fd pocit s ka\u017ed\u00fdm vrec\u00fa\u0161kom. Chu\u0165ov\u00fd profil je \u010dist\u00fd, v\u00fdrazn\u00fd a povzbudzuj\u00faci - ide\u00e1lny pre t\u00fdch, ktor\u00ed t\u00fa\u017eia po chladivom nakopnut\u00ed bez tabaku. S 5,6 mg nikot\u00ednu v jednom vrec\u00fa\u0161ku pon\u00faka Brain Freeze uspokojuj\u00face uvo\u013enenie v tenkom, diskr\u00e9tnom form\u00e1te, ktor\u00fd sa pohodlne zmest\u00ed pod pery a nezafarb\u00ed v\u00e1m zuby.<\/span><\/p>\n<table>\n<tbody>\n<tr>\n<td><b>Atrib\u00fat<\/b><\/td>\n<td><b>Podrobnosti<\/b><\/td>\n<\/tr>\n<tr>\n<td><span style=\"font-weight: 400;\">Obsah na plechovku<\/span><\/td>\n<td><span style=\"font-weight: 400;\">10 g (20 vrec\u00fa\u0161ok)<\/span><\/td>\n<\/tr>\n<tr>\n<td><span style=\"font-weight: 400;\">Obsah nikot\u00ednu<\/span><\/td>\n<td><span style=\"font-weight: 400;\">8 mg\/g (5,6 mg na kapsulu)<\/span><\/td>\n<\/tr>\n<tr>\n<td><span style=\"font-weight: 400;\">Form\u00e1t vrecka<\/span><\/td>\n<td><span style=\"font-weight: 400;\">Slim<\/span><\/td>\n<\/tr>\n<tr>\n<td><span style=\"font-weight: 400;\">V\u00fdrobca<\/span><\/td>\n<td><span style=\"font-weight: 400;\">DENSSI<\/span><\/td>\n<\/tr>\n<tr>\n<td><span style=\"font-weight: 400;\">Pr\u00edchu\u0165<\/span><\/td>\n<td><span style=\"font-weight: 400;\">Intenz\u00edvna m\u00e4ta a mentol<\/span><\/td>\n<\/tr>\n<tr>\n<td><span style=\"font-weight: 400;\">Typ<\/span><\/td>\n<td><span style=\"font-weight: 400;\">Celobiele vrecko, bez tabaku<\/span><\/td>\n<\/tr>\n<\/tbody>\n<\/table>","protected":false},"excerpt":{"rendered":"<p>Mimoriadne osvie\u017euj\u00faci <strong data-start=\"17\" data-end=\"37\">m\u00e4ta a mentol<\/strong> pre \u010dist\u00fd a v\u00fdrazn\u00fd chlad. Na <strong data-start=\"67\" data-end=\"92\">\u0161t\u00edhly, <\/strong>diskr\u00e9tny form\u00e1t pohodlne sed\u00ed pod perou, aby bol \u0161etrn\u00fd k zubom a nekvapkal. Ka\u017ed\u00e9 vrecko obsahuje <strong data-start=\"181\" data-end=\"210\">5,6 mg nikot\u00ednu na vrecko<\/strong>, a prin\u00e1\u0161a uspokojuj\u00faci, povzbudzuj\u00faci pocit bez tabaku.<\/p>","protected":false},"featured_media":10661,"comment_status":"open","ping_status":"closed","template":"","format":[206],"meta":{"_acf_changed":false},"product_brand":[],"product_cat":[115],"product_tag":[16575],"flavours":[199],"nicotine":[230,236],"class_list":{"0":"post-10660","1":"product","2":"type-product","3":"status-publish","4":"has-post-thumbnail","6":"product_cat-denssi","7":"product_tag-5-6-mg-pouch","8":"pa_quantity-1-pack","9":"pa_quantity-10-pack","10":"pa_quantity-3-pack","11":"pa_quantity-30-pack","12":"pa_quantity-5-pack","13":"pa_quantity-60-pack","14":"flavours-mint","15":"format-slim","16":"nicotine-8-mg-g","17":"nicotine-strong","19":"first","20":"instock","21":"taxable","22":"shipping-taxable","23":"purchasable","24":"product-type-variable"},"acf":[],"_links":{"self":[{"href":"https:\/\/whitelip.com\/sk\/wp-json\/wp\/v2\/product\/10660","targetHints":{"allow":["GET"]}}],"collection":[{"href":"https:\/\/whitelip.com\/sk\/wp-json\/wp\/v2\/product"}],"about":[{"href":"https:\/\/whitelip.com\/sk\/wp-json\/wp\/v2\/types\/product"}],"replies":[{"embeddable":true,"href":"https:\/\/whitelip.com\/sk\/wp-json\/wp\/v2\/comments?post=10660"}],"wp:featuredmedia":[{"embeddable":true,"href":"https:\/\/whitelip.com\/sk\/wp-json\/wp\/v2\/media\/10661"}],"wp:attachment":[{"href":"https:\/\/whitelip.com\/sk\/wp-json\/wp\/v2\/media?parent=10660"}],"wp:term":[{"taxonomy":"product_brand","embeddable":true,"href":"https:\/\/whitelip.com\/sk\/wp-json\/wp\/v2\/product_brand?post=10660"},{"taxonomy":"product_cat","embeddable":true,"href":"https:\/\/whitelip.com\/sk\/wp-json\/wp\/v2\/product_cat?post=10660"},{"taxonomy":"product_tag","embeddable":true,"href":"https:\/\/whitelip.com\/sk\/wp-json\/wp\/v2\/product_tag?post=10660"},{"taxonomy":"flavours","embeddable":true,"href":"https:\/\/whitelip.com\/sk\/wp-json\/wp\/v2\/flavours?post=10660"},{"taxonomy":"format","embeddable":true,"href":"https:\/\/whitelip.com\/sk\/wp-json\/wp\/v2\/format?post=10660"},{"taxonomy":"nicotine","embeddable":true,"href":"https:\/\/whitelip.com\/sk\/wp-json\/wp\/v2\/nicotine?post=10660"}],"curies":[{"name":"wp","href":"https:\/\/api.w.org\/{rel}","templated":true}]}}