{"id":10650,"date":"2025-06-11T12:32:05","date_gmt":"2025-06-11T12:32:05","guid":{"rendered":"https:\/\/whitelip.com\/denssi-strawberry-freeze-8mg\/"},"modified":"2026-04-15T17:17:24","modified_gmt":"2026-04-15T17:17:24","slug":"denssi-strawberry-freeze-8mg","status":"publish","type":"product","link":"https:\/\/whitelip.com\/sk\/denssi\/denssi-strawberry-freeze-8mg\/","title":{"rendered":"DENSSI Strawberry Freeze 8mg"},"content":{"rendered":"<h2><strong>DENSSI Strawberry Freeze 8mg<\/strong><\/h2>\n<p><span style=\"font-weight: 400;\">DENSSI Strawberry Freeze 8mg nik\u00f3tinov\u00e9 kapsuly kombinuj\u00fa sladk\u00fa, \u0161\u0165avnat\u00fa chu\u0165 zrel\u00fdch jah\u00f4d s osvie\u017euj\u00facou \u013eadovou m\u00e4tovou senz\u00e1ciou. V\u00fdsledkom je ovocne-chladiv\u00e1 sk\u00fasenos\u0165, ktor\u00e1 pon\u00faka v\u00f4\u0148u aj svie\u017eos\u0165 v ka\u017edej kapsule. Navrhnut\u00e9 v \u0161t\u00edhlom, \u00faplne bielom form\u00e1te, tieto kapsuly pon\u00fakaj\u00fa diskr\u00e9tne a pohodln\u00e9 pou\u017eitie, pri\u010dom zost\u00e1vaj\u00fa jemn\u00e9 na zuby. S 5,6 mg nikot\u00ednu na kapsulu poskytuj\u00fa vyv\u00e1\u017een\u00fd \u00fa\u010dinek vhodn\u00fd pre be\u017en\u00fdch pou\u017e\u00edvate\u013eov, ktor\u00ed si u\u017e\u00edvaj\u00fa chut\u0148av\u00e9 zmesi s chladiacim n\u00e1dychom.<\/span><\/p>\n<table>\n<tbody>\n<tr>\n<td><b>Atrib\u00fat<\/b><\/td>\n<td><b>Podrobnosti<\/b><\/td>\n<\/tr>\n<tr>\n<td><span style=\"font-weight: 400;\">Obsah na plechovku<\/span><\/td>\n<td><span style=\"font-weight: 400;\">10 g (20 vrec\u00fa\u0161ok)<\/span><\/td>\n<\/tr>\n<tr>\n<td><span style=\"font-weight: 400;\">Obsah nikot\u00ednu<\/span><\/td>\n<td><span style=\"font-weight: 400;\">8 mg\/g (5,6 mg na kapsulu)<\/span><\/td>\n<\/tr>\n<tr>\n<td><span style=\"font-weight: 400;\">Form\u00e1t vrecka<\/span><\/td>\n<td><span style=\"font-weight: 400;\">Slim<\/span><\/td>\n<\/tr>\n<tr>\n<td><span style=\"font-weight: 400;\">V\u00fdrobca<\/span><\/td>\n<td><span style=\"font-weight: 400;\">DENSSI<\/span><\/td>\n<\/tr>\n<tr>\n<td><span style=\"font-weight: 400;\">Pr\u00edchu\u0165<\/span><\/td>\n<td><span style=\"font-weight: 400;\">Jahoda a chladiacka m\u00e4ta<\/span><\/td>\n<\/tr>\n<tr>\n<td><span style=\"font-weight: 400;\">Typ<\/span><\/td>\n<td><span style=\"font-weight: 400;\">Celobiele vrecko, bez tabaku<\/span><\/td>\n<\/tr>\n<\/tbody>\n<\/table>","protected":false},"excerpt":{"rendered":"<p>Sladk\u00fd, \u0161\u0165avnat\u00fd <strong data-start=\"13\" data-end=\"41\">jahoda a m\u00e4ta<\/strong> na ovocne-chladiv\u00fd, osvie\u017euj\u00faci \u00fa\u010dinek. The <strong data-start=\"81\" data-end=\"100\">\u0161t\u00edhly, <\/strong>\u00faplne biele kapsuly sa diskr\u00e9tne umiest\u0148uj\u00fa pod rty pre pohodln\u00e9 pou\u017eitie \u0161etrn\u00e9 na zuby. Ka\u017ed\u00e1 kapsula obsahuje <strong data-start=\"195\" data-end=\"224\">5,6 mg nikot\u00ednu na vrecko<\/strong>, \u010d\u00edm poskytuje vyv\u00e1\u017een\u00fa, chut\u0148av\u00fa sk\u00fasenos\u0165 pre be\u017en\u00fdch pou\u017e\u00edvate\u013eov.<\/p>","protected":false},"featured_media":10651,"comment_status":"open","ping_status":"closed","template":"","format":[206],"meta":{"_acf_changed":false},"product_brand":[],"product_cat":[115],"product_tag":[16575],"flavours":[196,199],"nicotine":[230,236],"class_list":{"0":"post-10650","1":"product","2":"type-product","3":"status-publish","4":"has-post-thumbnail","6":"product_cat-denssi","7":"product_tag-5-6-mg-pouch","8":"pa_quantity-1-pack","9":"pa_quantity-10-pack","10":"pa_quantity-3-pack","11":"pa_quantity-30-pack","12":"pa_quantity-5-pack","13":"pa_quantity-60-pack","14":"flavours-fruits-berries","15":"flavours-mint","16":"format-slim","17":"nicotine-8-mg-g","18":"nicotine-strong","20":"first","21":"instock","22":"taxable","23":"shipping-taxable","24":"purchasable","25":"product-type-variable","26":"has-default-attributes"},"acf":[],"_links":{"self":[{"href":"https:\/\/whitelip.com\/sk\/wp-json\/wp\/v2\/product\/10650","targetHints":{"allow":["GET"]}}],"collection":[{"href":"https:\/\/whitelip.com\/sk\/wp-json\/wp\/v2\/product"}],"about":[{"href":"https:\/\/whitelip.com\/sk\/wp-json\/wp\/v2\/types\/product"}],"replies":[{"embeddable":true,"href":"https:\/\/whitelip.com\/sk\/wp-json\/wp\/v2\/comments?post=10650"}],"wp:featuredmedia":[{"embeddable":true,"href":"https:\/\/whitelip.com\/sk\/wp-json\/wp\/v2\/media\/10651"}],"wp:attachment":[{"href":"https:\/\/whitelip.com\/sk\/wp-json\/wp\/v2\/media?parent=10650"}],"wp:term":[{"taxonomy":"product_brand","embeddable":true,"href":"https:\/\/whitelip.com\/sk\/wp-json\/wp\/v2\/product_brand?post=10650"},{"taxonomy":"product_cat","embeddable":true,"href":"https:\/\/whitelip.com\/sk\/wp-json\/wp\/v2\/product_cat?post=10650"},{"taxonomy":"product_tag","embeddable":true,"href":"https:\/\/whitelip.com\/sk\/wp-json\/wp\/v2\/product_tag?post=10650"},{"taxonomy":"flavours","embeddable":true,"href":"https:\/\/whitelip.com\/sk\/wp-json\/wp\/v2\/flavours?post=10650"},{"taxonomy":"format","embeddable":true,"href":"https:\/\/whitelip.com\/sk\/wp-json\/wp\/v2\/format?post=10650"},{"taxonomy":"nicotine","embeddable":true,"href":"https:\/\/whitelip.com\/sk\/wp-json\/wp\/v2\/nicotine?post=10650"}],"curies":[{"name":"wp","href":"https:\/\/api.w.org\/{rel}","templated":true}]}}