{"id":10640,"date":"2025-06-09T10:24:13","date_gmt":"2025-06-09T10:24:13","guid":{"rendered":"https:\/\/whitelip.com\/zyn-cool-mint-slim-6mg\/"},"modified":"2026-04-13T17:44:33","modified_gmt":"2026-04-13T17:44:33","slug":"zyn-cool-mint-slim-6mg","status":"publish","type":"product","link":"https:\/\/whitelip.com\/sk\/zyn\/zyn-cool-mint-slim-6mg\/","title":{"rendered":"ZYN Cool Mint Slim 6 mg"},"content":{"rendered":"<h2><strong>ZYN Cool Mint Slim 6 mg<\/strong><\/h2>\n<p><span style=\"font-weight: 400;\">ZYN Cool Mint Slim 6 mg prin\u00e1\u0161a <\/span><b>svie\u017ea a osvie\u017euj\u00faca m\u00e4tov\u00e1 pr\u00edchu\u0165<\/b><span style=\"font-weight: 400;\">, umocnen\u00e9 siln\u00fdm <\/span><b>chladiaci \u00fa\u010dinok<\/b><span style=\"font-weight: 400;\">, ktor\u00e9 poskytuj\u00fa povzbudzuj\u00faci nikot\u00ednov\u00fd z\u00e1\u017eitok. \u010cist\u00fd, \u013eadovo m\u00e4tov\u00fd profil pon\u00faka hladk\u00fd a osvie\u017euj\u00faci pocit, ide\u00e1lny pre t\u00fdch, ktor\u00ed maj\u00fa radi \u010dist\u00fa, chladiv\u00fa chu\u0165. Ka\u017ed\u00e9 tenk\u00e9, \u00faplne biele vrec\u00fa\u0161ko obsahuje <\/span><b>6 mg nikot\u00ednu<\/b><span style=\"font-weight: 400;\">, ktor\u00e1 poskytuje siln\u00e9 a stabiln\u00e9 uvo\u013e\u0148ovanie vhodn\u00e9 pre pou\u017e\u00edvate\u013eov, ktor\u00ed h\u013eadaj\u00fa pohodlnej\u0161\u00ed nikot\u00ednov\u00fd z\u00e1\u017eitok.<\/span><\/p>\n<p><span style=\"font-weight: 400;\">\u0160t\u00edhly form\u00e1t zaru\u010duje diskr\u00e9tne a pohodln\u00e9 umiestnenie pod pery, \u010do umo\u017e\u0148uje \u010dist\u00e9 pou\u017eitie bez \u0161kv\u0155n kdeko\u013evek a kedyko\u013evek. ZYN Cool Mint Slim 11 mg, ktor\u00fd je vyroben\u00fd \u00faplne bez tabaku a z vysokokvalitn\u00fdch rastlinn\u00fdch materi\u00e1lov, predstavuje modern\u00fa a uspokojuj\u00facu nikot\u00ednov\u00fa alternat\u00edvu s v\u00fdrazn\u00fdm, osvie\u017euj\u00facim m\u00e4tov\u00fdm pocitom.<\/span><\/p>\n<table>\n<tbody>\n<tr>\n<td><b>Atrib\u00fat<\/b><\/td>\n<td><b>Podrobnosti<\/b><\/td>\n<\/tr>\n<tr>\n<td><b>Zna\u010dka<\/b><\/td>\n<td><span style=\"font-weight: 400;\">ZYN<\/span><\/td>\n<\/tr>\n<tr>\n<td><b>Typ v\u00fdrobku<\/b><\/td>\n<td><span style=\"font-weight: 400;\">V\u0161etky biele nikot\u00ednov\u00e9 vreck\u00e1<\/span><\/td>\n<\/tr>\n<tr>\n<td><b>Form\u00e1t<\/b><\/td>\n<td><span style=\"font-weight: 400;\">Slim<\/span><\/td>\n<\/tr>\n<tr>\n<td><b>Pr\u00edchu\u0165<\/b><\/td>\n<td><span style=\"font-weight: 400;\">Chladn\u00e1 m\u00e4ta<\/span><\/td>\n<\/tr>\n<tr>\n<td><b>Sila nikot\u00ednu<\/b><\/td>\n<td><span style=\"font-weight: 400;\">6 mg na vrecko<\/span><\/td>\n<\/tr>\n<tr>\n<td><b>Hmotnos\u0165 porcie<\/b><\/td>\n<td><span style=\"font-weight: 400;\">0,6 gramu<\/span><\/td>\n<\/tr>\n<tr>\n<td><b>Po\u010det porci\u00ed<\/b><\/td>\n<td><span style=\"font-weight: 400;\">21 za plechovku<\/span><\/td>\n<\/tr>\n<tr>\n<td><b>Celkov\u00e1 hmotnos\u0165 plechovky<\/b><\/td>\n<td><span style=\"font-weight: 400;\">12 gramov<\/span><\/td>\n<\/tr>\n<tr>\n<td><b>V\u00fdrobca<\/b><\/td>\n<td><span style=\"font-weight: 400;\">\u0160v\u00e9dska z\u00e1palka<\/span><\/td>\n<\/tr>\n<tr>\n<td><b>Pozoruhodn\u00e9 funkcie<\/b><\/td>\n<td><span style=\"font-weight: 400;\">Bez tab\u00e1ku, \u0161t\u00edhly form\u00e1t, siln\u00fd mentol s chladiaceho efektu<\/span><\/td>\n<\/tr>\n<\/tbody>\n<\/table>","protected":false},"excerpt":{"rendered":"<p>ZYN <strong data-start=\"4\" data-end=\"17\">Chladn\u00e1 m\u00e4ta<\/strong> <strong data-start=\"18\" data-end=\"26\">\u0161t\u00edhly<\/strong> prin\u00e1\u0161a svie\u017eu, osvie\u017euj\u00facu m\u00e4tu so siln\u00fdm chladiv\u00fdm \u00fa\u010dinkom pre \u010dist\u00fa, osvie\u017euj\u00facu chu\u0165. Ka\u017ed\u00e9 vrecko obsahuje <strong data-start=\"141\" data-end=\"158\">6 mg nikot\u00ednu<\/strong> pre stabiln\u00e9 a pohodln\u00e9 uvo\u013enenie.<\/p>","protected":false},"featured_media":10641,"comment_status":"open","ping_status":"closed","template":"","format":[206],"meta":{"_acf_changed":false},"product_brand":[],"product_cat":[37],"product_tag":[16559],"flavours":[199],"nicotine":[208,236],"class_list":{"0":"post-10640","1":"product","2":"type-product","3":"status-publish","4":"has-post-thumbnail","6":"product_cat-zyn","7":"product_tag-6-mg-pouch","8":"pa_quantity-1-pack","9":"pa_quantity-10-pack","10":"pa_quantity-3-pack","11":"pa_quantity-30-pack","12":"pa_quantity-5-pack","13":"pa_quantity-60-pack","14":"flavours-mint","15":"format-slim","16":"nicotine-11-mg-g","17":"nicotine-strong","19":"first","20":"outofstock","21":"purchasable","22":"product-type-variable","23":"has-default-attributes"},"acf":[],"_links":{"self":[{"href":"https:\/\/whitelip.com\/sk\/wp-json\/wp\/v2\/product\/10640","targetHints":{"allow":["GET"]}}],"collection":[{"href":"https:\/\/whitelip.com\/sk\/wp-json\/wp\/v2\/product"}],"about":[{"href":"https:\/\/whitelip.com\/sk\/wp-json\/wp\/v2\/types\/product"}],"replies":[{"embeddable":true,"href":"https:\/\/whitelip.com\/sk\/wp-json\/wp\/v2\/comments?post=10640"}],"wp:featuredmedia":[{"embeddable":true,"href":"https:\/\/whitelip.com\/sk\/wp-json\/wp\/v2\/media\/10641"}],"wp:attachment":[{"href":"https:\/\/whitelip.com\/sk\/wp-json\/wp\/v2\/media?parent=10640"}],"wp:term":[{"taxonomy":"product_brand","embeddable":true,"href":"https:\/\/whitelip.com\/sk\/wp-json\/wp\/v2\/product_brand?post=10640"},{"taxonomy":"product_cat","embeddable":true,"href":"https:\/\/whitelip.com\/sk\/wp-json\/wp\/v2\/product_cat?post=10640"},{"taxonomy":"product_tag","embeddable":true,"href":"https:\/\/whitelip.com\/sk\/wp-json\/wp\/v2\/product_tag?post=10640"},{"taxonomy":"flavours","embeddable":true,"href":"https:\/\/whitelip.com\/sk\/wp-json\/wp\/v2\/flavours?post=10640"},{"taxonomy":"format","embeddable":true,"href":"https:\/\/whitelip.com\/sk\/wp-json\/wp\/v2\/format?post=10640"},{"taxonomy":"nicotine","embeddable":true,"href":"https:\/\/whitelip.com\/sk\/wp-json\/wp\/v2\/nicotine?post=10640"}],"curies":[{"name":"wp","href":"https:\/\/api.w.org\/{rel}","templated":true}]}}