{"id":10635,"date":"2025-06-03T08:28:27","date_gmt":"2025-06-03T08:28:27","guid":{"rendered":"https:\/\/whitelip.com\/xqs-raspberry-blackcurrant-strong\/"},"modified":"2026-04-15T21:48:58","modified_gmt":"2026-04-15T21:48:58","slug":"xqs-raspberry-blackcurrant-strong","status":"publish","type":"product","link":"https:\/\/whitelip.com\/sk\/xqs\/xqs-raspberry-blackcurrant-strong\/","title":{"rendered":"XQS Maliny \u010cierne r\u00edbezle Strong"},"content":{"rendered":"<h2><b>XQS Maliny \u010cierne r\u00edbezle Strong<\/b><\/h2>\n<p><span style=\"font-weight: 400;\">XQS Raspberry Blackcurrant Strong prin\u00e1\u0161a <\/span><b>\u017eiv\u00e9 spojenie sladk\u00fdch mal\u00edn a bohatej chuti \u010diernych r\u00edbezl\u00ed<\/b><span style=\"font-weight: 400;\">, \u010do vytv\u00e1ra odv\u00e1\u017eny a ovocn\u00fd nikot\u00ednov\u00fd z\u00e1\u017eitok. Toto vrec\u00fa\u0161ko je ide\u00e1lne pre pou\u017e\u00edvate\u013eov, ktor\u00ed maj\u00fa radi hlbok\u00e9 bobu\u013eov\u00e9 profily so \u0161\u0165avnat\u00fdm, \u0161tip\u013eav\u00fdm n\u00e1dychom, a sp\u00e1ja dve ob\u013e\u00faben\u00e9 pr\u00edchute do uspokojiv\u00e9ho a aromatick\u00e9ho pocitu. Ka\u017ed\u00fd tenk\u00fd, \u00faplne biely vrec\u00fa\u0161ko obsahuje <\/span><b>10 mg nikot\u00ednu<\/b><span style=\"font-weight: 400;\">, a poskytuje siln\u00e9 a stabiln\u00e9 uvo\u013e\u0148ovanie nikot\u00ednu pre spo\u013eahliv\u00fd p\u00f4\u017eitok z faj\u010denia.<\/span><\/p>\n<p><span style=\"font-weight: 400;\">\u0160t\u00edhle vrec\u00fa\u0161ko, ktor\u00e9 je vytvoren\u00e9 pre pohodlie a diskr\u00e9tnos\u0165, hladko zapadne pod pery a nezanech\u00e1va \u0161kvrny. XQS Raspberry Blackcurrant Strong, ktor\u00fd je \u00faplne bez tabaku a je vyroben\u00fd z vysokokvalitn\u00fdch rastlinn\u00fdch vl\u00e1kien, pon\u00faka \u010dist\u00fa, modern\u00fa alternat\u00edvu pre pou\u017e\u00edvate\u013eov, ktor\u00ed t\u00fa\u017eia po silnej chuti lesn\u00fdch plodov v kombin\u00e1cii so spo\u013eahlivou silou nikot\u00ednu.<\/span><\/p>\n<table>\n<tbody>\n<tr>\n<td><b>Atrib\u00fat<\/b><\/td>\n<td><b>Podrobnosti<\/b><\/td>\n<\/tr>\n<tr>\n<td><b>Zna\u010dka<\/b><\/td>\n<td><span style=\"font-weight: 400;\">XQS<\/span><\/td>\n<\/tr>\n<tr>\n<td><b>Typ v\u00fdrobku<\/b><\/td>\n<td><span style=\"font-weight: 400;\">V\u0161etky biele nikot\u00ednov\u00e9 vreck\u00e1<\/span><\/td>\n<\/tr>\n<tr>\n<td><b>Form\u00e1t<\/b><\/td>\n<td><span style=\"font-weight: 400;\">Slim<\/span><\/td>\n<\/tr>\n<tr>\n<td><b>Pr\u00edchu\u0165<\/b><\/td>\n<td><span style=\"font-weight: 400;\">Malina &amp; \u010cierne r\u00edbez\u013eov\u00e9<\/span><\/td>\n<\/tr>\n<tr>\n<td><b>Sila nikot\u00ednu<\/b><\/td>\n<td><span style=\"font-weight: 400;\">10 mg na vrecko (13 mg\/g)<\/span><\/td>\n<\/tr>\n<tr>\n<td><b>Hmotnos\u0165 porcie<\/b><\/td>\n<td><span style=\"font-weight: 400;\">0,75 gramu<\/span><\/td>\n<\/tr>\n<tr>\n<td><b>Po\u010det porci\u00ed<\/b><\/td>\n<td><span style=\"font-weight: 400;\">20 za plechovku<\/span><\/td>\n<\/tr>\n<tr>\n<td><b>Celkov\u00e1 hmotnos\u0165 plechovky<\/b><\/td>\n<td><span style=\"font-weight: 400;\">15 gramov<\/span><\/td>\n<\/tr>\n<tr>\n<td><b>V\u00fdrobca<\/b><\/td>\n<td><span style=\"font-weight: 400;\">XQS International<\/span><\/td>\n<\/tr>\n<tr>\n<td><b>Pozoruhodn\u00e9 funkcie<\/b><\/td>\n<td><span style=\"font-weight: 400;\">Bez tab\u00e1ku, \u0161t\u00edhly form\u00e1t, malinov\u00e1 a \u010diernoribez\u013eov\u00e1 pr\u00edchu\u0165 so silnou nikot\u00ednovou silou<\/span><\/td>\n<\/tr>\n<\/tbody>\n<\/table>","protected":false},"excerpt":{"rendered":"<p><span style=\"font-weight: 400;\">XQS Raspberry Blackcurrant Strong prin\u00e1\u0161a <\/span>\u017eiv\u00e9 spojenie<b> sladk\u00e9 maliny a s\u00fdte \u010dierne r\u00edbezle <\/b>pr\u00edchute<span style=\"font-weight: 400;\">, \u010do vytv\u00e1ra odv\u00e1\u017eny a ovocn\u00fd nikot\u00ednov\u00fd z\u00e1\u017eitok. Toto vrec\u00fa\u0161ko je ide\u00e1lne pre pou\u017e\u00edvate\u013eov, ktor\u00ed maj\u00fa radi hlbok\u00e9 bobu\u013eov\u00e9 profily so \u0161\u0165avnat\u00fdm, \u0161tip\u013eav\u00fdm n\u00e1dychom, a sp\u00e1ja dve ob\u013e\u00faben\u00e9 pr\u00edchute do uspokojiv\u00e9ho a aromatick\u00e9ho pocitu. Ka\u017ed\u00fd <strong>\u0161t\u00edhly<\/strong>, celobiele vrecko obsahuje <\/span><b>10 mg nikot\u00ednu<\/b><span style=\"font-weight: 400;\">, a poskytuje siln\u00e9 a stabiln\u00e9 uvo\u013e\u0148ovanie nikot\u00ednu pre spo\u013eahliv\u00fd p\u00f4\u017eitok z faj\u010denia.<\/span><\/p>","protected":false},"featured_media":63921,"comment_status":"open","ping_status":"closed","template":"","format":[206],"meta":{"_acf_changed":false},"product_brand":[],"product_cat":[27],"product_tag":[16587],"flavours":[196],"nicotine":[213,232],"class_list":{"0":"post-10635","1":"product","2":"type-product","3":"status-publish","4":"has-post-thumbnail","6":"product_cat-xqs","7":"product_tag-10-mg-pouch","8":"pa_quantity-1-pack","9":"pa_quantity-10-pack","10":"pa_quantity-3-pack","11":"pa_quantity-30-pack","12":"pa_quantity-5-pack","13":"pa_quantity-60-pack","14":"flavours-fruits-berries","15":"format-slim","16":"nicotine-16-mg-g","17":"nicotine-extra-strong","19":"first","20":"instock","21":"taxable","22":"shipping-taxable","23":"purchasable","24":"product-type-variable","25":"has-default-attributes"},"acf":[],"_links":{"self":[{"href":"https:\/\/whitelip.com\/sk\/wp-json\/wp\/v2\/product\/10635","targetHints":{"allow":["GET"]}}],"collection":[{"href":"https:\/\/whitelip.com\/sk\/wp-json\/wp\/v2\/product"}],"about":[{"href":"https:\/\/whitelip.com\/sk\/wp-json\/wp\/v2\/types\/product"}],"replies":[{"embeddable":true,"href":"https:\/\/whitelip.com\/sk\/wp-json\/wp\/v2\/comments?post=10635"}],"wp:featuredmedia":[{"embeddable":true,"href":"https:\/\/whitelip.com\/sk\/wp-json\/wp\/v2\/media\/63921"}],"wp:attachment":[{"href":"https:\/\/whitelip.com\/sk\/wp-json\/wp\/v2\/media?parent=10635"}],"wp:term":[{"taxonomy":"product_brand","embeddable":true,"href":"https:\/\/whitelip.com\/sk\/wp-json\/wp\/v2\/product_brand?post=10635"},{"taxonomy":"product_cat","embeddable":true,"href":"https:\/\/whitelip.com\/sk\/wp-json\/wp\/v2\/product_cat?post=10635"},{"taxonomy":"product_tag","embeddable":true,"href":"https:\/\/whitelip.com\/sk\/wp-json\/wp\/v2\/product_tag?post=10635"},{"taxonomy":"flavours","embeddable":true,"href":"https:\/\/whitelip.com\/sk\/wp-json\/wp\/v2\/flavours?post=10635"},{"taxonomy":"format","embeddable":true,"href":"https:\/\/whitelip.com\/sk\/wp-json\/wp\/v2\/format?post=10635"},{"taxonomy":"nicotine","embeddable":true,"href":"https:\/\/whitelip.com\/sk\/wp-json\/wp\/v2\/nicotine?post=10635"}],"curies":[{"name":"wp","href":"https:\/\/api.w.org\/{rel}","templated":true}]}}