{"id":10625,"date":"2025-05-23T12:57:14","date_gmt":"2025-05-23T12:57:14","guid":{"rendered":"https:\/\/whitelip.com\/77-ghost-mango-mini\/"},"modified":"2026-04-22T10:11:41","modified_gmt":"2026-04-22T10:11:41","slug":"77-ghost-mango-mini","status":"publish","type":"product","link":"https:\/\/whitelip.com\/sk\/77\/77-ghost-mango-mini\/","title":{"rendered":"77 Ghost Mango Mini"},"content":{"rendered":"<h2><strong>77 Ghost Mango Mini<\/strong><\/h2>\n<p class=\"\" data-start=\"62\" data-end=\"607\">77 nikot\u00ednov\u00fdch vrec\u00fa\u0161ok Ghost Mango Mini prin\u00e1\u0161a v\u00fdrazn\u00fa a siln\u00fa chu\u0165 s jedine\u010dnou zmesou intenz\u00edvneho manga a jemnej sladkosti. Ka\u017ed\u00e9 mini vrec\u00fa\u0161ko, cel\u00e9 biele, obsahuje 20 mg nikot\u00ednu a poskytuje siln\u00fd a uspokojuj\u00faci z\u00e1\u017eitok prisp\u00f4soben\u00fd sk\u00fasen\u00fdm pou\u017e\u00edvate\u013eom. Diskr\u00e9tny dizajn zaru\u010duje pohodln\u00e9 umiestnenie pod perou, \u010do umo\u017e\u0148uje jednoduch\u00e9 pou\u017e\u00edvanie bez rizika zafarbenia zubov. Tieto vrec\u00fa\u0161ka bez tabaku, ktor\u00e9 vyr\u00e1ba spolo\u010dnos\u0165 77 Group, s\u00fa pr\u00edkladom vysokokvalitn\u00fdch \u0161tandardov a pon\u00fakaj\u00fa intenz\u00edvnu chu\u0165 aj \u010dist\u00fd a pohodln\u00fd z\u00e1\u017eitok.<\/p>\n<table>\n<tbody>\n<tr>\n<td><b>Atrib\u00fat<\/b><\/td>\n<td><b>Podrobnosti<\/b><\/td>\n<\/tr>\n<tr>\n<td><b>Obsah na plechovku<\/b><\/td>\n<td><span style=\"font-weight: 400;\">13g (24 vrec\u00fa\u0161ok)<\/span><\/td>\n<\/tr>\n<tr>\n<td><b>Obsah nikot\u00ednu<\/b><\/td>\n<td><span style=\"font-weight: 400;\">40 mg\/g (20 mg na vrecko)<\/span><\/td>\n<\/tr>\n<tr>\n<td><b>Form\u00e1t vrecka<\/b><\/td>\n<td><span style=\"font-weight: 400;\">Mini<\/span><\/td>\n<\/tr>\n<tr>\n<td><b>V\u00fdrobca<\/b><\/td>\n<td><span style=\"font-weight: 400;\">77 Skupina<\/span><\/td>\n<\/tr>\n<tr>\n<td><b>Pr\u00edchu\u0165<\/b><\/td>\n<td><span style=\"font-weight: 400;\">Mango<\/span><\/td>\n<\/tr>\n<tr>\n<td><b>Typ<\/b><\/td>\n<td><span style=\"font-weight: 400;\">Celobiele vrecko<\/span><\/td>\n<\/tr>\n<\/tbody>\n<\/table>","protected":false},"excerpt":{"rendered":"<p>Intenz\u00edvne <strong>mango<\/strong> s trochou sladkosti pre v\u00fdrazn\u00fa a siln\u00fa chu\u0165. Na <strong>mini<\/strong>, \u00faplne biele vrec\u00fa\u0161ka sa diskr\u00e9tne a pohodlne umiestnia pod pery, aby sa dali pou\u017e\u00edva\u0165 \u010disto a bez \u0161kv\u0155n. Ka\u017ed\u00e9 vrecko poskytuje <strong data-start=\"234\" data-end=\"252\">20 mg nikot\u00ednu<\/strong>, prisp\u00f4soben\u00e9 pre sk\u00fasen\u00fdch pou\u017e\u00edvate\u013eov, ktor\u00ed h\u013eadaj\u00fa siln\u00fd kopanec.<\/p>","protected":false},"featured_media":10626,"comment_status":"open","ping_status":"closed","template":"","format":[205],"meta":{"_acf_changed":false},"product_brand":[],"product_cat":[23],"product_tag":[16545],"flavours":[185,196],"nicotine":[225,233],"class_list":{"0":"post-10625","1":"product","2":"type-product","3":"status-publish","4":"has-post-thumbnail","6":"product_cat-23","7":"product_tag-20-mg-pouch","8":"pa_quantity-1-pack","9":"pa_quantity-10-pack","10":"pa_quantity-3-pack","11":"pa_quantity-30-pack","12":"pa_quantity-5-pack","13":"pa_quantity-60-pack","14":"flavours-candy","15":"flavours-fruits-berries","16":"format-mini","17":"nicotine-40-mg-g","18":"nicotine-extreme","20":"first","21":"instock","22":"taxable","23":"shipping-taxable","24":"purchasable","25":"product-type-variable","26":"has-default-attributes"},"acf":[],"_links":{"self":[{"href":"https:\/\/whitelip.com\/sk\/wp-json\/wp\/v2\/product\/10625","targetHints":{"allow":["GET"]}}],"collection":[{"href":"https:\/\/whitelip.com\/sk\/wp-json\/wp\/v2\/product"}],"about":[{"href":"https:\/\/whitelip.com\/sk\/wp-json\/wp\/v2\/types\/product"}],"replies":[{"embeddable":true,"href":"https:\/\/whitelip.com\/sk\/wp-json\/wp\/v2\/comments?post=10625"}],"wp:featuredmedia":[{"embeddable":true,"href":"https:\/\/whitelip.com\/sk\/wp-json\/wp\/v2\/media\/10626"}],"wp:attachment":[{"href":"https:\/\/whitelip.com\/sk\/wp-json\/wp\/v2\/media?parent=10625"}],"wp:term":[{"taxonomy":"product_brand","embeddable":true,"href":"https:\/\/whitelip.com\/sk\/wp-json\/wp\/v2\/product_brand?post=10625"},{"taxonomy":"product_cat","embeddable":true,"href":"https:\/\/whitelip.com\/sk\/wp-json\/wp\/v2\/product_cat?post=10625"},{"taxonomy":"product_tag","embeddable":true,"href":"https:\/\/whitelip.com\/sk\/wp-json\/wp\/v2\/product_tag?post=10625"},{"taxonomy":"flavours","embeddable":true,"href":"https:\/\/whitelip.com\/sk\/wp-json\/wp\/v2\/flavours?post=10625"},{"taxonomy":"format","embeddable":true,"href":"https:\/\/whitelip.com\/sk\/wp-json\/wp\/v2\/format?post=10625"},{"taxonomy":"nicotine","embeddable":true,"href":"https:\/\/whitelip.com\/sk\/wp-json\/wp\/v2\/nicotine?post=10625"}],"curies":[{"name":"wp","href":"https:\/\/api.w.org\/{rel}","templated":true}]}}