{"id":10590,"date":"2025-05-21T09:04:14","date_gmt":"2025-05-21T09:04:14","guid":{"rendered":"https:\/\/whitelip.com\/iceberg-cheesecake-pie\/"},"modified":"2026-04-29T10:11:18","modified_gmt":"2026-04-29T10:11:18","slug":"iceberg-cheesecake-pie","status":"publish","type":"product","link":"https:\/\/whitelip.com\/sk\/iceberg\/iceberg-cheesecake-pie\/","title":{"rendered":"Tvarohov\u00fd kol\u00e1\u010d ICEBERG"},"content":{"rendered":"<h2><strong>Tvarohov\u00fd kol\u00e1\u010d ICEBERG<\/strong><\/h2>\n<p class=\"\" data-start=\"89\" data-end=\"754\">Nikot\u00ednov\u00e9 vrec\u00fa\u0161ka ICEBERG Cheesecake Pie prin\u00e1\u0161aj\u00fa kr\u00e9mov\u00fa, dezertn\u00fa pr\u00edchu\u0165, ktor\u00e1 sp\u00e1ja bohat\u00fa tvarohov\u00fa n\u00e1pl\u0148 s n\u00e1dychom vanilky a maslovou k\u00f4rkou. Tento po\u017eitk\u00e1rsky chu\u0165ov\u00fd profil je vytvoren\u00fd tak, aby uspokojil pou\u017e\u00edvate\u013eov, ktor\u00ed h\u013eadaj\u00fa sladk\u00fd z\u00e1\u017eitok in\u0161pirovan\u00fd pek\u00e1r\u0148ou s poriadnou silou. Ka\u017ed\u00e9 vrec\u00fa\u0161ko obsahuje 50 mg nikot\u00ednu na gram - pribli\u017ene 35 mg na vrec\u00fa\u0161ko, \u010do je ide\u00e1lne pre sk\u00fasen\u00fdch u\u017e\u00edvate\u013eov, ktor\u00ed maj\u00fa radi v\u00fdrazn\u00fa chu\u0165 s intenz\u00edvnym \u00fa\u010dinkom. Jedine\u010dn\u00e1 plechovka v tvare kol\u00e1\u010dov\u00e9ho pl\u00e1tku obsahuje 40 vrec\u00fa\u0161ok tenk\u00e9ho form\u00e1tu, ktor\u00fd zaru\u010duje diskr\u00e9tne a pohodln\u00e9 ulo\u017eenie pod perou a z\u00e1rove\u0148 dod\u00e1va kreat\u00edvny vizu\u00e1lny prvok. Tieto vrec\u00fa\u0161ka bez tabaku, ktor\u00e9 vyr\u00e1ba spolo\u010dnos\u0165 Neoptolem v Po\u013esku, pon\u00fakaj\u00fa z\u00e1bavn\u00e9 a chu\u0165ovo v\u00fdrazn\u00e9 uspokojenie zo siln\u00e9ho nikot\u00ednu.<\/p>\n<p><b>\u0160pecifik\u00e1cie<\/b><\/p>\n<table>\n<tbody>\n<tr>\n<td><b>Atrib\u00fat<\/b><\/td>\n<td><b>Podrobnosti<\/b><\/td>\n<\/tr>\n<tr>\n<td><b>Obsah na plechovku<\/b><\/td>\n<td><span style=\"font-weight: 400;\">13 g (20 vrec\u00fa\u0161ok)<\/span><\/td>\n<\/tr>\n<tr>\n<td><b>Obsah nikot\u00ednu<\/b><\/td>\n<td><span style=\"font-weight: 400;\">50 mg\/g (35 mg na vrecko)<\/span><\/td>\n<\/tr>\n<tr>\n<td><b>Form\u00e1t vrecka<\/b><\/td>\n<td><span style=\"font-weight: 400;\">\u0160t\u00edhly (v tvare rez\u0148a kol\u00e1\u010da)<\/span><\/td>\n<\/tr>\n<tr>\n<td><b>V\u00fdrobca<\/b><\/td>\n<td><span style=\"font-weight: 400;\">Neoptolem<\/span><\/td>\n<\/tr>\n<tr>\n<td><b>Pr\u00edchu\u0165<\/b><\/td>\n<td><span style=\"font-weight: 400;\">Cheesecake kol\u00e1\u010d (Tvaroh, Vanilka, Cesto)<\/span><\/td>\n<\/tr>\n<tr>\n<td><b>Typ<\/b><\/td>\n<td><span style=\"font-weight: 400;\">Celobiele vrecko<\/span><\/td>\n<\/tr>\n<\/tbody>\n<\/table>","protected":false},"excerpt":{"rendered":"<p>Nikot\u00ednov\u00e9 vrec\u00fa\u0161ka ICEBERG Cheesecake Pie prin\u00e1\u0161aj\u00fa kr\u00e9mov\u00fa, dezertn\u00fa pr\u00edchu\u0165, ktor\u00e1 sp\u00e1ja bohat\u00fa tvarohov\u00fa n\u00e1pl\u0148 s n\u00e1dychom vanilky a maslovou k\u00f4rkou. Tento po\u017eitk\u00e1rsky chu\u0165ov\u00fd profil je vytvoren\u00fd tak, aby uspokojil pou\u017e\u00edvate\u013eov, ktor\u00ed h\u013eadaj\u00fa sladk\u00fd z\u00e1\u017eitok in\u0161pirovan\u00fd pek\u00e1r\u0148ou s poriadnou silou. Ka\u017ed\u00e9 vrec\u00fa\u0161ko obsahuje 50 mg nikot\u00ednu na gram - pribli\u017ene 35 mg na vrec\u00fa\u0161ko, \u010do je ide\u00e1lne pre sk\u00fasen\u00fdch u\u017e\u00edvate\u013eov, ktor\u00ed maj\u00fa radi v\u00fdrazn\u00fa chu\u0165 s intenz\u00edvnym \u00fa\u010dinkom. Jedine\u010dn\u00e1 plechovka v tvare kol\u00e1\u010dov\u00e9ho pl\u00e1tku obsahuje 40 vrec\u00fa\u0161ok tenk\u00e9ho form\u00e1tu, ktor\u00fd zaru\u010duje diskr\u00e9tne a pohodln\u00e9 ulo\u017eenie pod perou a z\u00e1rove\u0148 dod\u00e1va kreat\u00edvny vizu\u00e1lny prvok. Tieto vrec\u00fa\u0161ka bez tabaku, ktor\u00e9 vyr\u00e1ba spolo\u010dnos\u0165 Neoptolem v Po\u013esku, pon\u00fakaj\u00fa z\u00e1bavn\u00e9 a chu\u0165ovo v\u00fdrazn\u00e9 uspokojenie zo siln\u00e9ho nikot\u00ednu.<\/p>","protected":false},"featured_media":10591,"comment_status":"open","ping_status":"closed","template":"","format":[206],"meta":{"_acf_changed":false},"product_brand":[],"product_cat":[50],"product_tag":[16603],"flavours":[196],"nicotine":[226,233],"class_list":{"0":"post-10590","1":"product","2":"type-product","3":"status-publish","4":"has-post-thumbnail","6":"product_cat-iceberg","7":"product_tag-35-mg-pouch","8":"pa_quantity-1-pack","9":"pa_quantity-10-pack","10":"pa_quantity-2-pack","11":"pa_quantity-3-pack","12":"pa_quantity-30-pack","13":"pa_quantity-5-pack","14":"pa_quantity-60-pack","15":"flavours-fruits-berries","16":"format-slim","17":"nicotine-50-mg-g","18":"nicotine-extreme","20":"first","21":"outofstock","22":"taxable","23":"shipping-taxable","24":"purchasable","25":"product-type-variable","26":"has-default-attributes"},"acf":[],"_links":{"self":[{"href":"https:\/\/whitelip.com\/sk\/wp-json\/wp\/v2\/product\/10590","targetHints":{"allow":["GET"]}}],"collection":[{"href":"https:\/\/whitelip.com\/sk\/wp-json\/wp\/v2\/product"}],"about":[{"href":"https:\/\/whitelip.com\/sk\/wp-json\/wp\/v2\/types\/product"}],"replies":[{"embeddable":true,"href":"https:\/\/whitelip.com\/sk\/wp-json\/wp\/v2\/comments?post=10590"}],"wp:featuredmedia":[{"embeddable":true,"href":"https:\/\/whitelip.com\/sk\/wp-json\/wp\/v2\/media\/10591"}],"wp:attachment":[{"href":"https:\/\/whitelip.com\/sk\/wp-json\/wp\/v2\/media?parent=10590"}],"wp:term":[{"taxonomy":"product_brand","embeddable":true,"href":"https:\/\/whitelip.com\/sk\/wp-json\/wp\/v2\/product_brand?post=10590"},{"taxonomy":"product_cat","embeddable":true,"href":"https:\/\/whitelip.com\/sk\/wp-json\/wp\/v2\/product_cat?post=10590"},{"taxonomy":"product_tag","embeddable":true,"href":"https:\/\/whitelip.com\/sk\/wp-json\/wp\/v2\/product_tag?post=10590"},{"taxonomy":"flavours","embeddable":true,"href":"https:\/\/whitelip.com\/sk\/wp-json\/wp\/v2\/flavours?post=10590"},{"taxonomy":"format","embeddable":true,"href":"https:\/\/whitelip.com\/sk\/wp-json\/wp\/v2\/format?post=10590"},{"taxonomy":"nicotine","embeddable":true,"href":"https:\/\/whitelip.com\/sk\/wp-json\/wp\/v2\/nicotine?post=10590"}],"curies":[{"name":"wp","href":"https:\/\/api.w.org\/{rel}","templated":true}]}}