{"id":10580,"date":"2025-05-21T07:54:44","date_gmt":"2025-05-21T07:54:44","guid":{"rendered":"https:\/\/whitelip.com\/iceberg-cherry-pie\/"},"modified":"2026-04-29T10:11:18","modified_gmt":"2026-04-29T10:11:18","slug":"iceberg-cherry-pie","status":"publish","type":"product","link":"https:\/\/whitelip.com\/sk\/iceberg\/iceberg-cherry-pie\/","title":{"rendered":"Vi\u0161\u0148ov\u00fd kol\u00e1\u010d ICEBERG"},"content":{"rendered":"<h2><strong>Vi\u0161\u0148ov\u00fd kol\u00e1\u010d ICEBERG<\/strong><\/h2>\n<p class=\"\" data-start=\"89\" data-end=\"754\">Nikot\u00ednov\u00e9 vrec\u00fa\u0161ka ICEBERG Cherry Pie prin\u00e1\u0161aj\u00fa klasick\u00fa chu\u0165 sladk\u00fdch \u010dere\u0161n\u00ed a maslov\u00e9ho pe\u010diva v odv\u00e1\u017enom vrec\u00fa\u0161ku in\u0161pirovanom dezertom. T\u00e1to pr\u00edchu\u0165 s t\u00f3nmi zrelej \u010dere\u0161\u0148ovej n\u00e1plne a n\u00e1dychom teplej kol\u00e1\u010dovej k\u00f4rky pon\u00faka bohat\u00fd a upokojuj\u00faci z\u00e1\u017eitok. Tieto vrec\u00fa\u0161ka s vysok\u00fdm obsahom nikot\u00ednu 50 mg na gram - pribli\u017ene 35 mg na vrec\u00fa\u0161ko - s\u00fa ur\u010den\u00e9 pre sk\u00fasen\u00fdch u\u017e\u00edvate\u013eov, ktor\u00ed h\u013eadaj\u00fa intenzitu aj jedine\u010dn\u00fa chu\u0165. Plechovka v tvare kol\u00e1\u010da obsahuje 40 vrec\u00fa\u0161ok s tenk\u00fdm form\u00e1tom, ktor\u00fd zaru\u010duje pohodln\u00e9 a diskr\u00e9tne ulo\u017eenie pod perou a z\u00e1rove\u0148 pon\u00faka nie\u010do vizu\u00e1lne a textur\u00e1lne odli\u0161n\u00e9. ICEBERG Cherry Pie, vyr\u00e1ban\u00fd spolo\u010dnos\u0165ou Neoptolem v Po\u013esku, kombinuje kreativitu, silu a sladkos\u0165 v ka\u017edom vrec\u00fa\u0161ku - bez tabaku.<\/p>\n<p><b>\u0160pecifik\u00e1cie<\/b><\/p>\n<table>\n<tbody>\n<tr>\n<td><b>Atrib\u00fat<\/b><\/td>\n<td><b>Podrobnosti<\/b><\/td>\n<\/tr>\n<tr>\n<td><b>Obsah na plechovku<\/b><\/td>\n<td><span style=\"font-weight: 400;\">13 g (20 vrec\u00fa\u0161ok)<\/span><\/td>\n<\/tr>\n<tr>\n<td><b>Obsah nikot\u00ednu<\/b><\/td>\n<td><span style=\"font-weight: 400;\">50 mg\/g (35 mg na vrecko)<\/span><\/td>\n<\/tr>\n<tr>\n<td><b>Form\u00e1t vrecka<\/b><\/td>\n<td><span style=\"font-weight: 400;\">Slim<\/span><\/td>\n<\/tr>\n<tr>\n<td><b>V\u00fdrobca<\/b><\/td>\n<td><span style=\"font-weight: 400;\">Neoptolem<\/span><\/td>\n<\/tr>\n<tr>\n<td><b>Pr\u00edchu\u0165<\/b><\/td>\n<td><span style=\"font-weight: 400;\">\u010cere\u0161\u0148ov\u00fd kol\u00e1\u010d (Sladk\u00e1 \u010dere\u0161\u0148a, Cesto)<\/span><\/td>\n<\/tr>\n<tr>\n<td><b>Typ<\/b><\/td>\n<td><span style=\"font-weight: 400;\">Celobiele vrecko<\/span><\/td>\n<\/tr>\n<\/tbody>\n<\/table>","protected":false},"excerpt":{"rendered":"<p>Nikot\u00ednov\u00e9 vrec\u00fa\u0161ka ICEBERG Cherry Pie prin\u00e1\u0161aj\u00fa klasick\u00fa chu\u0165 sladk\u00fdch \u010dere\u0161n\u00ed a maslov\u00e9ho pe\u010diva v odv\u00e1\u017enom vrec\u00fa\u0161ku in\u0161pirovanom dezertom. T\u00e1to pr\u00edchu\u0165 s t\u00f3nmi zrelej \u010dere\u0161\u0148ovej n\u00e1plne a n\u00e1dychom teplej kol\u00e1\u010dovej k\u00f4rky pon\u00faka bohat\u00fd a upokojuj\u00faci z\u00e1\u017eitok. Tieto vrec\u00fa\u0161ka s vysok\u00fdm obsahom nikot\u00ednu 50 mg na gram - pribli\u017ene 35 mg na vrec\u00fa\u0161ko - s\u00fa ur\u010den\u00e9 pre sk\u00fasen\u00fdch u\u017e\u00edvate\u013eov, ktor\u00ed h\u013eadaj\u00fa intenzitu aj jedine\u010dn\u00fa chu\u0165. Plechovka v tvare kol\u00e1\u010da obsahuje 40 vrec\u00fa\u0161ok s tenk\u00fdm form\u00e1tom, ktor\u00fd zaru\u010duje pohodln\u00e9 a diskr\u00e9tne ulo\u017eenie pod perou a z\u00e1rove\u0148 pon\u00faka nie\u010do vizu\u00e1lne a textur\u00e1lne odli\u0161n\u00e9. ICEBERG Cherry Pie, vyr\u00e1ban\u00fd spolo\u010dnos\u0165ou Neoptolem v Po\u013esku, kombinuje kreativitu, silu a sladkos\u0165 v ka\u017edom vrec\u00fa\u0161ku - bez tabaku.<\/p>","protected":false},"featured_media":10581,"comment_status":"open","ping_status":"closed","template":"","format":[206],"meta":{"_acf_changed":false},"product_brand":[],"product_cat":[50],"product_tag":[16603],"flavours":[196],"nicotine":[226,233],"class_list":{"0":"post-10580","1":"product","2":"type-product","3":"status-publish","4":"has-post-thumbnail","6":"product_cat-iceberg","7":"product_tag-35-mg-pouch","8":"pa_quantity-1-pack","9":"pa_quantity-10-pack","10":"pa_quantity-2-pack","11":"pa_quantity-3-pack","12":"pa_quantity-30-pack","13":"pa_quantity-5-pack","14":"pa_quantity-60-pack","15":"flavours-fruits-berries","16":"format-slim","17":"nicotine-50-mg-g","18":"nicotine-extreme","20":"first","21":"outofstock","22":"taxable","23":"shipping-taxable","24":"purchasable","25":"product-type-variable","26":"has-default-attributes"},"acf":[],"_links":{"self":[{"href":"https:\/\/whitelip.com\/sk\/wp-json\/wp\/v2\/product\/10580","targetHints":{"allow":["GET"]}}],"collection":[{"href":"https:\/\/whitelip.com\/sk\/wp-json\/wp\/v2\/product"}],"about":[{"href":"https:\/\/whitelip.com\/sk\/wp-json\/wp\/v2\/types\/product"}],"replies":[{"embeddable":true,"href":"https:\/\/whitelip.com\/sk\/wp-json\/wp\/v2\/comments?post=10580"}],"wp:featuredmedia":[{"embeddable":true,"href":"https:\/\/whitelip.com\/sk\/wp-json\/wp\/v2\/media\/10581"}],"wp:attachment":[{"href":"https:\/\/whitelip.com\/sk\/wp-json\/wp\/v2\/media?parent=10580"}],"wp:term":[{"taxonomy":"product_brand","embeddable":true,"href":"https:\/\/whitelip.com\/sk\/wp-json\/wp\/v2\/product_brand?post=10580"},{"taxonomy":"product_cat","embeddable":true,"href":"https:\/\/whitelip.com\/sk\/wp-json\/wp\/v2\/product_cat?post=10580"},{"taxonomy":"product_tag","embeddable":true,"href":"https:\/\/whitelip.com\/sk\/wp-json\/wp\/v2\/product_tag?post=10580"},{"taxonomy":"flavours","embeddable":true,"href":"https:\/\/whitelip.com\/sk\/wp-json\/wp\/v2\/flavours?post=10580"},{"taxonomy":"format","embeddable":true,"href":"https:\/\/whitelip.com\/sk\/wp-json\/wp\/v2\/format?post=10580"},{"taxonomy":"nicotine","embeddable":true,"href":"https:\/\/whitelip.com\/sk\/wp-json\/wp\/v2\/nicotine?post=10580"}],"curies":[{"name":"wp","href":"https:\/\/api.w.org\/{rel}","templated":true}]}}