{"id":10534,"date":"2025-05-13T11:44:37","date_gmt":"2025-05-13T11:44:37","guid":{"rendered":"https:\/\/whitelip.com\/xqs-fruzzle-strong\/"},"modified":"2026-04-14T14:07:22","modified_gmt":"2026-04-14T14:07:22","slug":"xqs-fruzzle-strong","status":"publish","type":"product","link":"https:\/\/whitelip.com\/sk\/xqs\/xqs-fruzzle-strong\/","title":{"rendered":"XQS Fruzzle Strong"},"content":{"rendered":"<h2><b>XQS Fruzzle Strong<\/b><\/h2>\n<p><span style=\"font-weight: 400;\">XQS Fruzzle Strong obsahuje odv\u00e1\u017enu a osvie\u017euj\u00facu zmes <\/span><b>mrazen\u00e9 ovocn\u00e9 pr\u00edchute<\/b><span style=\"font-weight: 400;\">, ktor\u00e1 prin\u00e1\u0161a jedine\u010dn\u00fa zmes \u013eadovej sladkosti a \u017eiv\u00fdch ovocn\u00fdch t\u00f3nov. Ide\u00e1lne pre pou\u017e\u00edvate\u013eov, ktor\u00ed maj\u00fa radi chladiv\u00e9, chu\u0165ov\u00e9 pocity, ka\u017ed\u00e9 tenk\u00e9, \u00faplne biele vrec\u00fa\u0161ko obsahuje <\/span><b>10 mg nikot\u00ednu<\/b><span style=\"font-weight: 400;\">, \u010d\u00edm sa zabezpe\u010d\u00ed siln\u00e9 a stabiln\u00e9 uvo\u013e\u0148ovanie, ktor\u00e9 uspokoj\u00ed po\u010das cel\u00e9ho d\u0148a.<\/span><\/p>\n<p><span style=\"font-weight: 400;\">V\u010faka svojmu diskr\u00e9tnemu tenk\u00e9mu form\u00e1tu sa Fruzzle Strong pohodlne zmest\u00ed pod pery a je navrhnut\u00fd tak, aby zabr\u00e1nil vzniku \u0161kv\u0155n. Toto vrec\u00fa\u0161ko vyroben\u00e9 z vysokokvalitn\u00fdch rastlinn\u00fdch vl\u00e1kien bez obsahu tabaku pon\u00faka \u010dist\u00fd a pr\u00edjemn\u00fd z\u00e1\u017eitok pre t\u00fdch, ktor\u00ed h\u013eadaj\u00fa intenz\u00edvnu ovocn\u00fa chu\u0165 s mraziv\u00fdm n\u00e1dychom.<\/span><\/p>\n<table>\n<tbody>\n<tr>\n<td><b>Atrib\u00fat<\/b><\/td>\n<td><b>Podrobnosti<\/b><\/td>\n<\/tr>\n<tr>\n<td><b>Zna\u010dka<\/b><\/td>\n<td><span style=\"font-weight: 400;\">XQS<\/span><\/td>\n<\/tr>\n<tr>\n<td><b>Typ v\u00fdrobku<\/b><\/td>\n<td><span style=\"font-weight: 400;\">V\u0161etky biele nikot\u00ednov\u00e9 vreck\u00e1<\/span><\/td>\n<\/tr>\n<tr>\n<td><b>Form\u00e1t<\/b><\/td>\n<td><span style=\"font-weight: 400;\">Slim<\/span><\/td>\n<\/tr>\n<tr>\n<td><b>Pr\u00edchu\u0165<\/b><\/td>\n<td><span style=\"font-weight: 400;\">Zamrznut\u00e9 Ovocie<\/span><\/td>\n<\/tr>\n<tr>\n<td><b>Sila nikot\u00ednu<\/b><\/td>\n<td><span style=\"font-weight: 400;\">10 mg na vrecko (13 mg\/g)<\/span><\/td>\n<\/tr>\n<tr>\n<td><b>Hmotnos\u0165 porcie<\/b><\/td>\n<td><span style=\"font-weight: 400;\">0,75 gramu<\/span><\/td>\n<\/tr>\n<tr>\n<td><b>Po\u010det porci\u00ed<\/b><\/td>\n<td><span style=\"font-weight: 400;\">20 za plechovku<\/span><\/td>\n<\/tr>\n<tr>\n<td><b>Celkov\u00e1 hmotnos\u0165 plechovky<\/b><\/td>\n<td><span style=\"font-weight: 400;\">15 gramov<\/span><\/td>\n<\/tr>\n<tr>\n<td><b>V\u00fdrobca<\/b><\/td>\n<td><span style=\"font-weight: 400;\">XQS International<\/span><\/td>\n<\/tr>\n<tr>\n<td><b>Pozoruhodn\u00e9 funkcie<\/b><\/td>\n<td><span style=\"font-weight: 400;\">Bez tab\u00e1ku, \u0161t\u00edhly form\u00e1t, intenz\u00edvny zamrznut\u00fd ovocie so silnou nikot\u00ednovou silou<\/span><\/td>\n<\/tr>\n<\/tbody>\n<\/table>","protected":false},"excerpt":{"rendered":"<p><span style=\"font-weight: 400;\">XQS Fruzzle Strong obsahuje odv\u00e1\u017enu a osvie\u017euj\u00facu zmes <\/span><b>mrazen\u00e9 ovocn\u00e9 pr\u00edchute<\/b><span style=\"font-weight: 400;\">, ktor\u00e1 prin\u00e1\u0161a jedine\u010dn\u00fa zmes \u013eadovej sladkosti a \u017eiv\u00fdch ovocn\u00fdch t\u00f3nov. Ide\u00e1lne pre pou\u017e\u00edvate\u013eov, ktor\u00ed maj\u00fa radi chladiv\u00e9, aromatick\u00e9 pocity. <strong>\u0161t\u00edhly<\/strong>, celobiele vrecko obsahuje <\/span><b>10 mg nikot\u00ednu<\/b><span style=\"font-weight: 400;\">, \u010d\u00edm sa zabezpe\u010d\u00ed siln\u00e9 a stabiln\u00e9 uvo\u013e\u0148ovanie, ktor\u00e9 uspokoj\u00ed po\u010das cel\u00e9ho d\u0148a.<\/span><\/p>","protected":false},"featured_media":10535,"comment_status":"open","ping_status":"closed","template":"","format":[206],"meta":{"_acf_changed":false},"product_brand":[],"product_cat":[27],"product_tag":[16587],"flavours":[196],"nicotine":[213,232],"class_list":{"0":"post-10534","1":"product","2":"type-product","3":"status-publish","4":"has-post-thumbnail","6":"product_cat-xqs","7":"product_tag-10-mg-pouch","8":"pa_quantity-1-pack","9":"pa_quantity-10-pack","10":"pa_quantity-3-pack","11":"pa_quantity-30-pack","12":"pa_quantity-5-pack","13":"pa_quantity-60-pack","14":"flavours-fruits-berries","15":"format-slim","16":"nicotine-16-mg-g","17":"nicotine-extra-strong","19":"first","20":"instock","21":"taxable","22":"shipping-taxable","23":"purchasable","24":"product-type-variable","25":"has-default-attributes"},"acf":[],"_links":{"self":[{"href":"https:\/\/whitelip.com\/sk\/wp-json\/wp\/v2\/product\/10534","targetHints":{"allow":["GET"]}}],"collection":[{"href":"https:\/\/whitelip.com\/sk\/wp-json\/wp\/v2\/product"}],"about":[{"href":"https:\/\/whitelip.com\/sk\/wp-json\/wp\/v2\/types\/product"}],"replies":[{"embeddable":true,"href":"https:\/\/whitelip.com\/sk\/wp-json\/wp\/v2\/comments?post=10534"}],"wp:featuredmedia":[{"embeddable":true,"href":"https:\/\/whitelip.com\/sk\/wp-json\/wp\/v2\/media\/10535"}],"wp:attachment":[{"href":"https:\/\/whitelip.com\/sk\/wp-json\/wp\/v2\/media?parent=10534"}],"wp:term":[{"taxonomy":"product_brand","embeddable":true,"href":"https:\/\/whitelip.com\/sk\/wp-json\/wp\/v2\/product_brand?post=10534"},{"taxonomy":"product_cat","embeddable":true,"href":"https:\/\/whitelip.com\/sk\/wp-json\/wp\/v2\/product_cat?post=10534"},{"taxonomy":"product_tag","embeddable":true,"href":"https:\/\/whitelip.com\/sk\/wp-json\/wp\/v2\/product_tag?post=10534"},{"taxonomy":"flavours","embeddable":true,"href":"https:\/\/whitelip.com\/sk\/wp-json\/wp\/v2\/flavours?post=10534"},{"taxonomy":"format","embeddable":true,"href":"https:\/\/whitelip.com\/sk\/wp-json\/wp\/v2\/format?post=10534"},{"taxonomy":"nicotine","embeddable":true,"href":"https:\/\/whitelip.com\/sk\/wp-json\/wp\/v2\/nicotine?post=10534"}],"curies":[{"name":"wp","href":"https:\/\/api.w.org\/{rel}","templated":true}]}}