{"id":10529,"date":"2025-05-07T11:33:38","date_gmt":"2025-05-07T11:33:38","guid":{"rendered":"https:\/\/whitelip.com\/pablo-exclusive-blue-raspberry-50mg\/"},"modified":"2026-04-27T12:15:24","modified_gmt":"2026-04-27T12:15:24","slug":"pablo-exclusive-blue-raspberry-50mg","status":"publish","type":"product","link":"https:\/\/whitelip.com\/sk\/pablo\/pablo-exclusive-blue-raspberry-50mg\/","title":{"rendered":"PABLO Exclusive Blue Raspberry 50 mg"},"content":{"rendered":"<h2><strong>PABLO Exclusive Blue Raspberry 50 mg<\/strong><\/h2>\n<p class=\"\" data-start=\"100\" data-end=\"587\">Vrec\u00fa\u0161ka PABLO Exclusive Blue Raspberry 50 mg nikot\u00ednu prin\u00e1\u0161aj\u00fa \u017eiv\u00fa zmes sladkej a trpkej bobu\u013eovej chuti s \u013eadov\u00fdm z\u00e1verom, ktor\u00e1 je navrhnut\u00e1 tak, aby vzru\u0161ovala zmysly. V\u010faka v\u00fdraznej chuti pripom\u00ednaj\u00facej cukr\u00edky a mimoriadne siln\u00e9mu obsahu nikot\u00ednu je toto vrec\u00fa\u0161ko vytvoren\u00e9 pre sk\u00fasen\u00fdch u\u017e\u00edvate\u013eov, ktor\u00ed vy\u017eaduj\u00fa chu\u0165 aj intenzitu. Tenk\u00e9 vrec\u00fa\u0161ko PABLO Blue Raspberry bez tabaku pon\u00faka diskr\u00e9tny a siln\u00fd nikot\u00ednov\u00fd z\u00e1\u017eitok v ka\u017edom vrec\u00fa\u0161ku.<\/p>\n<table>\n<tbody>\n<tr>\n<td><b>Atrib\u00fat<\/b><\/td>\n<td><b>Podrobnosti<\/b><\/td>\n<\/tr>\n<tr>\n<td><b>Obsah na plechovku<\/b><\/td>\n<td><span style=\"font-weight: 400;\">15 g (20 vrec\u00fa\u0161ok)<\/span><\/td>\n<\/tr>\n<tr>\n<td><b>Obsah nikot\u00ednu<\/b><\/td>\n<td><span style=\"font-weight: 400;\">50 mg\/g (30 mg na vrecko)<\/span><\/td>\n<\/tr>\n<tr>\n<td><b>Form\u00e1t vrecka<\/b><\/td>\n<td><span style=\"font-weight: 400;\">Slim<\/span><\/td>\n<\/tr>\n<tr>\n<td><b>V\u00fdrobca<\/b><\/td>\n<td><span style=\"font-weight: 400;\">Imp\u00e9rium N.G.P<\/span><\/td>\n<\/tr>\n<tr>\n<td><b>Pr\u00edchu\u0165<\/b><\/td>\n<td><span style=\"font-weight: 400;\">Blue Raspberry (Sladk\u00e1 a kysl\u00e1 bobu\u013ea)<\/span><\/td>\n<\/tr>\n<tr>\n<td><b>Typ<\/b><\/td>\n<td><span style=\"font-weight: 400;\">Celobiele vrecko, bez tabaku<\/span><\/td>\n<\/tr>\n<\/tbody>\n<\/table>","protected":false},"excerpt":{"rendered":"<p>Vrec\u00fa\u0161ka s nikot\u00ednom PABLO Exclusive Blue Raspberry 50 mg prin\u00e1\u0161aj\u00fa \u017eiv\u00fa, sladko-trpk\u00fa <strong data-start=\"83\" data-end=\"101\">Modr\u00e1 malina<\/strong> chu\u0165 s \u013eadov\u00fdm z\u00e1verom. <strong data-start=\"129\" data-end=\"137\">Slim<\/strong>, beztabakov\u00fd form\u00e1t na diskr\u00e9tne a v\u00fdkonn\u00e9 pou\u017e\u00edvanie. Ka\u017ed\u00e9 vrecko obsahuje <strong>30 mg nikot\u00ednu<\/strong>.<\/p>","protected":false},"featured_media":10530,"comment_status":"open","ping_status":"closed","template":"","format":[206],"meta":{"_acf_changed":false},"product_brand":[],"product_cat":[44],"product_tag":[16605],"flavours":[196],"nicotine":[226,233],"class_list":{"0":"post-10529","1":"product","2":"type-product","3":"status-publish","4":"has-post-thumbnail","6":"product_cat-pablo","7":"product_tag-30-mg-pouch","8":"pa_quantity-1-pack","9":"pa_quantity-10-pack","10":"pa_quantity-3-pack","11":"pa_quantity-30-pack","12":"pa_quantity-5-pack","13":"pa_quantity-60-pack","14":"flavours-fruits-berries","15":"format-slim","16":"nicotine-50-mg-g","17":"nicotine-extreme","19":"first","20":"instock","21":"taxable","22":"shipping-taxable","23":"purchasable","24":"product-type-variable","25":"has-default-attributes"},"acf":[],"_links":{"self":[{"href":"https:\/\/whitelip.com\/sk\/wp-json\/wp\/v2\/product\/10529","targetHints":{"allow":["GET"]}}],"collection":[{"href":"https:\/\/whitelip.com\/sk\/wp-json\/wp\/v2\/product"}],"about":[{"href":"https:\/\/whitelip.com\/sk\/wp-json\/wp\/v2\/types\/product"}],"replies":[{"embeddable":true,"href":"https:\/\/whitelip.com\/sk\/wp-json\/wp\/v2\/comments?post=10529"}],"wp:featuredmedia":[{"embeddable":true,"href":"https:\/\/whitelip.com\/sk\/wp-json\/wp\/v2\/media\/10530"}],"wp:attachment":[{"href":"https:\/\/whitelip.com\/sk\/wp-json\/wp\/v2\/media?parent=10529"}],"wp:term":[{"taxonomy":"product_brand","embeddable":true,"href":"https:\/\/whitelip.com\/sk\/wp-json\/wp\/v2\/product_brand?post=10529"},{"taxonomy":"product_cat","embeddable":true,"href":"https:\/\/whitelip.com\/sk\/wp-json\/wp\/v2\/product_cat?post=10529"},{"taxonomy":"product_tag","embeddable":true,"href":"https:\/\/whitelip.com\/sk\/wp-json\/wp\/v2\/product_tag?post=10529"},{"taxonomy":"flavours","embeddable":true,"href":"https:\/\/whitelip.com\/sk\/wp-json\/wp\/v2\/flavours?post=10529"},{"taxonomy":"format","embeddable":true,"href":"https:\/\/whitelip.com\/sk\/wp-json\/wp\/v2\/format?post=10529"},{"taxonomy":"nicotine","embeddable":true,"href":"https:\/\/whitelip.com\/sk\/wp-json\/wp\/v2\/nicotine?post=10529"}],"curies":[{"name":"wp","href":"https:\/\/api.w.org\/{rel}","templated":true}]}}