{"id":10514,"date":"2025-05-06T09:10:43","date_gmt":"2025-05-06T09:10:43","guid":{"rendered":"https:\/\/whitelip.com\/xqs-hallon-lakrits-strong\/"},"modified":"2026-04-16T12:16:58","modified_gmt":"2026-04-16T12:16:58","slug":"xqs-hallon-lakrits-strong","status":"publish","type":"product","link":"https:\/\/whitelip.com\/sk\/xqs\/xqs-hallon-lakrits-strong\/","title":{"rendered":"XQS Hallon Lakrits Strong"},"content":{"rendered":"<h2><b>XQS Hallon Lakrits Strong<\/b><\/h2>\n<p><span style=\"font-weight: 400;\">XQS Hallon Lakrits Strong kombinuje <\/span><b>v\u00fdrazn\u00e1 sladkos\u0165 mal\u00edn so slanou h\u013abkou klasick\u00e9ho sladk\u00e9ho drievka<\/b><span style=\"font-weight: 400;\">, a prin\u00e1\u0161a jedine\u010dn\u00fd z\u00e1\u017eitok zo severskej chuti. Toto vrec\u00fa\u0161ko je ide\u00e1lne pre pou\u017e\u00edvate\u013eov, ktor\u00ed oce\u0148uj\u00fa komplexn\u00e9 a kontrastn\u00e9 chu\u0165ov\u00e9 profily, a sp\u00e1ja ovocn\u00e9 a slan\u00e9 t\u00f3ny do uspokojiv\u00e9ho a vyv\u00e1\u017een\u00e9ho pocitu. Ka\u017ed\u00e9 tenk\u00e9, \u00faplne biele vrec\u00fa\u0161ko obsahuje <\/span><b>10 mg nikot\u00ednu<\/b><span style=\"font-weight: 400;\">, ktor\u00e1 pon\u00faka siln\u00e9 a konzistentn\u00e9 uvo\u013e\u0148ovanie nikot\u00ednu pre spo\u013eahliv\u00e9 uspokojenie.<\/span><\/p>\n<p><span style=\"font-weight: 400;\">\u0160t\u00edhle vrecko je navrhnut\u00e9 pre pohodlie a diskr\u00e9tnos\u0165, \u013eahko sa zmest\u00ed pod pery a nezanech\u00e1va \u0161kvrny. \u00daplne bez tabaku a vyroben\u00fd z vysokokvalitn\u00fdch rastlinn\u00fdch vl\u00e1kien XQS Hallon Lakrits Strong pon\u00faka chu\u0165ovo \u010dist\u00fa alternat\u00edvu pre t\u00fdch, ktor\u00ed maj\u00fa radi odv\u00e1\u017ene, sladko-slan\u00e9 kombin\u00e1cie so spo\u013eahlivou silou.<\/span><\/p>\n<table>\n<tbody>\n<tr>\n<td><b>Atrib\u00fat<\/b><\/td>\n<td><b>Podrobnosti<\/b><\/td>\n<\/tr>\n<tr>\n<td><b>Zna\u010dka<\/b><\/td>\n<td><span style=\"font-weight: 400;\">XQS<\/span><\/td>\n<\/tr>\n<tr>\n<td><b>Typ v\u00fdrobku<\/b><\/td>\n<td><span style=\"font-weight: 400;\">V\u0161etky biele nikot\u00ednov\u00e9 vreck\u00e1<\/span><\/td>\n<\/tr>\n<tr>\n<td><b>Form\u00e1t<\/b><\/td>\n<td><span style=\"font-weight: 400;\">Slim<\/span><\/td>\n<\/tr>\n<tr>\n<td><b>Pr\u00edchu\u0165<\/b><\/td>\n<td><span style=\"font-weight: 400;\">Maliny a sladk\u00e9 drievko<\/span><\/td>\n<\/tr>\n<tr>\n<td><b>Sila nikot\u00ednu<\/b><\/td>\n<td><span style=\"font-weight: 400;\">10 mg na vrecko (13 mg\/g)<\/span><\/td>\n<\/tr>\n<tr>\n<td><b>Hmotnos\u0165 porcie<\/b><\/td>\n<td><span style=\"font-weight: 400;\">0,75 gramu<\/span><\/td>\n<\/tr>\n<tr>\n<td><b>Po\u010det porci\u00ed<\/b><\/td>\n<td><span style=\"font-weight: 400;\">20 za plechovku<\/span><\/td>\n<\/tr>\n<tr>\n<td><b>Celkov\u00e1 hmotnos\u0165 plechovky<\/b><\/td>\n<td><span style=\"font-weight: 400;\">15 gramov<\/span><\/td>\n<\/tr>\n<tr>\n<td><b>V\u00fdrobca<\/b><\/td>\n<td><span style=\"font-weight: 400;\">XQS International<\/span><\/td>\n<\/tr>\n<tr>\n<td><b>Pozoruhodn\u00e9 funkcie<\/b><\/td>\n<td><span style=\"font-weight: 400;\">Bez tab\u00e1ku, \u0161t\u00edhly form\u00e1t, malinov\u00fd a an\u00edz pr\u00edchu\u0165 so silnou nikot\u00ednovou silou<\/span><\/td>\n<\/tr>\n<\/tbody>\n<\/table>","protected":false},"excerpt":{"rendered":"<p>XQS <strong>Maliny a sladk\u00e9 drievko<\/strong>\u00a0sp\u00e1ja v\u00fdrazn\u00e9 maliny so slan\u00fdm sladk\u00fdm drievkom a vytv\u00e1ra komplexn\u00fd seversk\u00fd profil. . <strong data-start=\"110\" data-end=\"118\">\u0161t\u00edhly<\/strong>, celobiele vreck\u00e1 s\u00fa diskr\u00e9tne a pohodln\u00e9. Ka\u017ed\u00e9 vrecko obsahuje <strong data-start=\"188\" data-end=\"206\">10 mg nikot\u00ednu<\/strong> pre siln\u00e9 a konzistentn\u00e9 uvo\u013enenie.<\/p>","protected":false},"featured_media":84310,"comment_status":"open","ping_status":"closed","template":"","format":[206],"meta":{"_acf_changed":false},"product_brand":[],"product_cat":[27],"product_tag":[16587],"flavours":[196,198],"nicotine":[213,232],"class_list":{"0":"post-10514","1":"product","2":"type-product","3":"status-publish","4":"has-post-thumbnail","6":"product_cat-xqs","7":"product_tag-10-mg-pouch","8":"pa_quantity-1-pack","9":"pa_quantity-10-pack","10":"pa_quantity-3-pack","11":"pa_quantity-30-pack","12":"pa_quantity-5-pack","13":"pa_quantity-60-pack","14":"flavours-fruits-berries","15":"flavours-licorice","16":"format-slim","17":"nicotine-16-mg-g","18":"nicotine-extra-strong","20":"first","21":"instock","22":"taxable","23":"shipping-taxable","24":"purchasable","25":"product-type-variable","26":"has-default-attributes"},"acf":[],"_links":{"self":[{"href":"https:\/\/whitelip.com\/sk\/wp-json\/wp\/v2\/product\/10514","targetHints":{"allow":["GET"]}}],"collection":[{"href":"https:\/\/whitelip.com\/sk\/wp-json\/wp\/v2\/product"}],"about":[{"href":"https:\/\/whitelip.com\/sk\/wp-json\/wp\/v2\/types\/product"}],"replies":[{"embeddable":true,"href":"https:\/\/whitelip.com\/sk\/wp-json\/wp\/v2\/comments?post=10514"}],"wp:featuredmedia":[{"embeddable":true,"href":"https:\/\/whitelip.com\/sk\/wp-json\/wp\/v2\/media\/84310"}],"wp:attachment":[{"href":"https:\/\/whitelip.com\/sk\/wp-json\/wp\/v2\/media?parent=10514"}],"wp:term":[{"taxonomy":"product_brand","embeddable":true,"href":"https:\/\/whitelip.com\/sk\/wp-json\/wp\/v2\/product_brand?post=10514"},{"taxonomy":"product_cat","embeddable":true,"href":"https:\/\/whitelip.com\/sk\/wp-json\/wp\/v2\/product_cat?post=10514"},{"taxonomy":"product_tag","embeddable":true,"href":"https:\/\/whitelip.com\/sk\/wp-json\/wp\/v2\/product_tag?post=10514"},{"taxonomy":"flavours","embeddable":true,"href":"https:\/\/whitelip.com\/sk\/wp-json\/wp\/v2\/flavours?post=10514"},{"taxonomy":"format","embeddable":true,"href":"https:\/\/whitelip.com\/sk\/wp-json\/wp\/v2\/format?post=10514"},{"taxonomy":"nicotine","embeddable":true,"href":"https:\/\/whitelip.com\/sk\/wp-json\/wp\/v2\/nicotine?post=10514"}],"curies":[{"name":"wp","href":"https:\/\/api.w.org\/{rel}","templated":true}]}}