{"id":10506,"date":"2025-04-17T11:47:18","date_gmt":"2025-04-17T11:47:18","guid":{"rendered":"https:\/\/whitelip.com\/stng-double-mint-max\/"},"modified":"2026-04-26T10:10:57","modified_gmt":"2026-04-26T10:10:57","slug":"stng-double-mint-max","status":"publish","type":"product","link":"https:\/\/whitelip.com\/sk\/stng\/stng-double-mint-max\/","title":{"rendered":"STNG Double Mint Max"},"content":{"rendered":"<h2><strong>STNG Double Mint Max<\/strong><\/h2>\n<p class=\"\" data-start=\"100\" data-end=\"587\">Nikot\u00ednov\u00e9 vrec\u00fa\u0161ka STNG Double Mint Max prin\u00e1\u0161aj\u00fa mimoriadne chladiv\u00fd z\u00e1van v\u00fdraznej m\u00e4ty piepornej a jemnej m\u00e4ty piepornej, ktor\u00e9 s\u00fa navrhnut\u00e9 tak, aby osvie\u017eili a prebudili pri ka\u017edom \u0161luku. Ka\u017ed\u00e9 tenk\u00e9, celobiele vrec\u00fa\u0161ko obsahuje 27,5 mg nikot\u00ednu, vytvoren\u00e9 pre pou\u017e\u00edvate\u013eov, ktor\u00ed h\u013eadaj\u00fa maxim\u00e1lnu silu a m\u00e4tov\u00fa intenzitu. Vrec\u00fa\u0161ka s\u00fa navrhnut\u00e9 na diskr\u00e9tne pou\u017e\u00edvanie, pohodlne sa zmestia pod pery a nefarbia zuby. T\u00e1to pr\u00edchu\u0165, ktor\u00fa vyr\u00e1ba spolo\u010dnos\u0165 STNG, pon\u00faka \u013eadov\u00fa svie\u017eos\u0165 a vysok\u00fd v\u00fdkon v ka\u017edom vrec\u00fa\u0161ku.<\/p>\n<table>\n<tbody>\n<tr>\n<td><b>Atrib\u00fat<\/b><\/td>\n<td><b>Podrobnosti<\/b><\/td>\n<\/tr>\n<tr>\n<td><b>Obsah na plechovku<\/b><\/td>\n<td><span style=\"font-weight: 400;\">11 g (20 vrec\u00fa\u0161ok)<\/span><\/td>\n<\/tr>\n<tr>\n<td><b>Obsah nikot\u00ednu<\/b><\/td>\n<td><span style=\"font-weight: 400;\">50 mg\/g (27,5 mg na s\u00e1\u010dok)<\/span><\/td>\n<\/tr>\n<tr>\n<td><b>Form\u00e1t vrecka<\/b><\/td>\n<td><span style=\"font-weight: 400;\">Slim<\/span><\/td>\n<\/tr>\n<tr>\n<td><b>V\u00fdrobca<\/b><\/td>\n<td><span style=\"font-weight: 400;\">STNG<\/span><\/td>\n<\/tr>\n<tr>\n<td><b>Pr\u00edchu\u0165<\/b><\/td>\n<td><span style=\"font-weight: 400;\">Double Mint (Pepermint &amp; Spearmint)<\/span><\/td>\n<\/tr>\n<tr>\n<td><b>Typ<\/b><\/td>\n<td><span style=\"font-weight: 400;\">Celobiele vrecko<\/span><\/td>\n<\/tr>\n<\/tbody>\n<\/table>","protected":false},"excerpt":{"rendered":"<p>Vrec\u00fa\u0161ka s nikot\u00ednom STNG Double Mint Max poskytuj\u00fa mimoriadne chladiv\u00fd <strong data-start=\"60\" data-end=\"75\">Dvojit\u00e1 m\u00e4ta<\/strong> (m\u00e4ta pieporn\u00e1 a m\u00e4ta prieporn\u00e1) s \u013eadovou svie\u017eos\u0165ou. <strong data-start=\"128\" data-end=\"136\">Slim<\/strong>, \u00faplne biely form\u00e1t pre diskr\u00e9tne pohodlie a \u010dist\u00e9, siln\u00e9 uvo\u013enenie. Ka\u017ed\u00e9 vrecko obsahuje <strong data-start=\"225\" data-end=\"245\">27,5 mg nikot\u00ednu<\/strong>.<\/p>","protected":false},"featured_media":27187,"comment_status":"open","ping_status":"closed","template":"","format":[206],"meta":{"_acf_changed":false},"product_brand":[],"product_cat":[111],"product_tag":[17003],"flavours":[199],"nicotine":[226,233],"class_list":{"0":"post-10506","1":"product","2":"type-product","3":"status-publish","4":"has-post-thumbnail","6":"product_cat-stng","7":"product_tag-27-5-mg-pouch","8":"pa_quantity-1-pack","9":"pa_quantity-10-pack","10":"pa_quantity-3-pack","11":"pa_quantity-30-pack","12":"pa_quantity-5-pack","13":"pa_quantity-60-pack","14":"flavours-mint","15":"format-slim","16":"nicotine-50-mg-g","17":"nicotine-extreme","19":"first","20":"outofstock","21":"taxable","22":"shipping-taxable","23":"purchasable","24":"product-type-variable"},"acf":[],"_links":{"self":[{"href":"https:\/\/whitelip.com\/sk\/wp-json\/wp\/v2\/product\/10506","targetHints":{"allow":["GET"]}}],"collection":[{"href":"https:\/\/whitelip.com\/sk\/wp-json\/wp\/v2\/product"}],"about":[{"href":"https:\/\/whitelip.com\/sk\/wp-json\/wp\/v2\/types\/product"}],"replies":[{"embeddable":true,"href":"https:\/\/whitelip.com\/sk\/wp-json\/wp\/v2\/comments?post=10506"}],"wp:featuredmedia":[{"embeddable":true,"href":"https:\/\/whitelip.com\/sk\/wp-json\/wp\/v2\/media\/27187"}],"wp:attachment":[{"href":"https:\/\/whitelip.com\/sk\/wp-json\/wp\/v2\/media?parent=10506"}],"wp:term":[{"taxonomy":"product_brand","embeddable":true,"href":"https:\/\/whitelip.com\/sk\/wp-json\/wp\/v2\/product_brand?post=10506"},{"taxonomy":"product_cat","embeddable":true,"href":"https:\/\/whitelip.com\/sk\/wp-json\/wp\/v2\/product_cat?post=10506"},{"taxonomy":"product_tag","embeddable":true,"href":"https:\/\/whitelip.com\/sk\/wp-json\/wp\/v2\/product_tag?post=10506"},{"taxonomy":"flavours","embeddable":true,"href":"https:\/\/whitelip.com\/sk\/wp-json\/wp\/v2\/flavours?post=10506"},{"taxonomy":"format","embeddable":true,"href":"https:\/\/whitelip.com\/sk\/wp-json\/wp\/v2\/format?post=10506"},{"taxonomy":"nicotine","embeddable":true,"href":"https:\/\/whitelip.com\/sk\/wp-json\/wp\/v2\/nicotine?post=10506"}],"curies":[{"name":"wp","href":"https:\/\/api.w.org\/{rel}","templated":true}]}}