{"id":10501,"date":"2025-04-17T11:47:20","date_gmt":"2025-04-17T11:47:20","guid":{"rendered":"https:\/\/whitelip.com\/stng-bubble-max\/"},"modified":"2026-04-26T10:10:57","modified_gmt":"2026-04-26T10:10:57","slug":"stng-bubble-max","status":"publish","type":"product","link":"https:\/\/whitelip.com\/sk\/stng\/stng-bubble-max\/","title":{"rendered":"STNG Bubble Max"},"content":{"rendered":"<h2><strong>STNG Bubble Max<\/strong><\/h2>\n<p class=\"\" data-start=\"100\" data-end=\"587\">Nikot\u00ednov\u00e9 vrec\u00fa\u0161ka STNG Bubble Max prin\u00e1\u0161aj\u00fa nostalgick\u00fa sladkos\u0165 klasickej pr\u00edchute \u017euva\u010dky, ktor\u00e1 je nabit\u00e1 siln\u00fdm nikot\u00ednov\u00fdm n\u00e1bojom. Ka\u017ed\u00e9 tenk\u00e9, \u00faplne biele vrec\u00fa\u0161ko dod\u00e1va 27,5 mg nikot\u00ednu, vytvoren\u00e9 pre sk\u00fasen\u00fdch u\u017e\u00edvate\u013eov, ktor\u00ed chc\u00fa maxim\u00e1lnu silu so z\u00e1bavn\u00fdm a chu\u0165ov\u00fdm n\u00e1dychom. Vrec\u00fa\u0161ka s\u00fa navrhnut\u00e9 na diskr\u00e9tne pou\u017e\u00edvanie, pohodlne sa zmestia pod pery a nefarbia zuby. Bubble Max, ktor\u00fd vyr\u00e1ba spolo\u010dnos\u0165 STNG, prin\u00e1\u0161a hrav\u00fa chu\u0165 s plnou silou.<\/p>\n<table>\n<tbody>\n<tr>\n<td><b>Atrib\u00fat<\/b><\/td>\n<td><b>Podrobnosti<\/b><\/td>\n<\/tr>\n<tr>\n<td><b>Obsah na plechovku<\/b><\/td>\n<td><span style=\"font-weight: 400;\">11 g (20 vrec\u00fa\u0161ok)<\/span><\/td>\n<\/tr>\n<tr>\n<td><b>Obsah nikot\u00ednu<\/b><\/td>\n<td><span style=\"font-weight: 400;\">50 mg\/g (27,5 mg na s\u00e1\u010dok)<\/span><\/td>\n<\/tr>\n<tr>\n<td><b>Form\u00e1t vrecka<\/b><\/td>\n<td><span style=\"font-weight: 400;\">Slim<\/span><\/td>\n<\/tr>\n<tr>\n<td><b>V\u00fdrobca<\/b><\/td>\n<td><span style=\"font-weight: 400;\">STNG<\/span><\/td>\n<\/tr>\n<tr>\n<td><b>Pr\u00edchu\u0165<\/b><\/td>\n<td><span style=\"font-weight: 400;\">\u017duva\u010dka<\/span><\/td>\n<\/tr>\n<tr>\n<td><b>Typ<\/b><\/td>\n<td><span style=\"font-weight: 400;\">Celobiele vrecko<\/span><\/td>\n<\/tr>\n<\/tbody>\n<\/table>","protected":false},"excerpt":{"rendered":"<p>Nikot\u00ednov\u00e9 vrec\u00fa\u0161ka STNG Bubble Max prin\u00e1\u0161aj\u00fa nostalgick\u00fa <strong data-start=\"53\" data-end=\"66\">\u017duva\u010dka<\/strong> chu\u0165 so sladk\u00fdmi, hrav\u00fdmi t\u00f3nmi. <strong data-start=\"101\" data-end=\"109\">Slim<\/strong>, \u00faplne biely form\u00e1t pre diskr\u00e9tne pohodlie pod perami. Ka\u017ed\u00e9 vrecko obsahuje <strong data-start=\"184\" data-end=\"204\">27,5 mg nikot\u00ednu<\/strong>.<\/p>","protected":false},"featured_media":27186,"comment_status":"open","ping_status":"closed","template":"","format":[206],"meta":{"_acf_changed":false},"product_brand":[],"product_cat":[111],"product_tag":[17003],"flavours":[185],"nicotine":[226,233],"class_list":{"0":"post-10501","1":"product","2":"type-product","3":"status-publish","4":"has-post-thumbnail","6":"product_cat-stng","7":"product_tag-27-5-mg-pouch","8":"pa_quantity-1-pack","9":"pa_quantity-10-pack","10":"pa_quantity-3-pack","11":"pa_quantity-30-pack","12":"pa_quantity-5-pack","13":"pa_quantity-60-pack","14":"flavours-candy","15":"format-slim","16":"nicotine-50-mg-g","17":"nicotine-extreme","19":"first","20":"instock","21":"taxable","22":"shipping-taxable","23":"purchasable","24":"product-type-variable"},"acf":[],"_links":{"self":[{"href":"https:\/\/whitelip.com\/sk\/wp-json\/wp\/v2\/product\/10501","targetHints":{"allow":["GET"]}}],"collection":[{"href":"https:\/\/whitelip.com\/sk\/wp-json\/wp\/v2\/product"}],"about":[{"href":"https:\/\/whitelip.com\/sk\/wp-json\/wp\/v2\/types\/product"}],"replies":[{"embeddable":true,"href":"https:\/\/whitelip.com\/sk\/wp-json\/wp\/v2\/comments?post=10501"}],"wp:featuredmedia":[{"embeddable":true,"href":"https:\/\/whitelip.com\/sk\/wp-json\/wp\/v2\/media\/27186"}],"wp:attachment":[{"href":"https:\/\/whitelip.com\/sk\/wp-json\/wp\/v2\/media?parent=10501"}],"wp:term":[{"taxonomy":"product_brand","embeddable":true,"href":"https:\/\/whitelip.com\/sk\/wp-json\/wp\/v2\/product_brand?post=10501"},{"taxonomy":"product_cat","embeddable":true,"href":"https:\/\/whitelip.com\/sk\/wp-json\/wp\/v2\/product_cat?post=10501"},{"taxonomy":"product_tag","embeddable":true,"href":"https:\/\/whitelip.com\/sk\/wp-json\/wp\/v2\/product_tag?post=10501"},{"taxonomy":"flavours","embeddable":true,"href":"https:\/\/whitelip.com\/sk\/wp-json\/wp\/v2\/flavours?post=10501"},{"taxonomy":"format","embeddable":true,"href":"https:\/\/whitelip.com\/sk\/wp-json\/wp\/v2\/format?post=10501"},{"taxonomy":"nicotine","embeddable":true,"href":"https:\/\/whitelip.com\/sk\/wp-json\/wp\/v2\/nicotine?post=10501"}],"curies":[{"name":"wp","href":"https:\/\/api.w.org\/{rel}","templated":true}]}}