{"id":10496,"date":"2025-04-17T11:47:23","date_gmt":"2025-04-17T11:47:23","guid":{"rendered":"https:\/\/whitelip.com\/stng-berry-seltzer-max\/"},"modified":"2026-05-09T10:11:10","modified_gmt":"2026-05-09T10:11:10","slug":"stng-berry-seltzer-max","status":"publish","type":"product","link":"https:\/\/whitelip.com\/sk\/stng\/stng-berry-seltzer-max\/","title":{"rendered":"STNG Berry Seltzer Max"},"content":{"rendered":"<h2><strong>ST<\/strong><strong>NG Berry Seltzer Max<\/strong><\/h2>\n<p><span style=\"font-size: 16px;\">Nikot\u00ednov\u00e9 vrec\u00fa\u0161ka STNG Berry Seltzer Max kombinuj\u00fa svie\u017eu \u0161umiv\u00fa chu\u0165 seltzeru so \u017eivou zmesou lesn\u00fdch plodov, \u010do prin\u00e1\u0161a osvie\u017euj\u00facu a pikantn\u00fa chu\u0165 s maxim\u00e1lnou intenzitou nikot\u00ednu. Ka\u017ed\u00e9 tenk\u00e9, celobiele vrec\u00fa\u0161ko obsahuje 27,5 mg nikot\u00ednu a je vytvoren\u00e9 pre sk\u00fasen\u00fdch u\u017e\u00edvate\u013eov, ktor\u00ed chc\u00fa v\u00fdrazn\u00fa chu\u0165 a poriadnu silu. Vrec\u00fa\u0161ka s\u00fa navrhnut\u00e9 na diskr\u00e9tne pou\u017e\u00edvanie, pohodlne sa zmestia pod pery a nezafarbia zuby. Berry Seltzer Max, ktor\u00fd vyr\u00e1ba spolo\u010dnos\u0165 STNG, pon\u00faka \u0161umiv\u00fa ovocn\u00fa pr\u00edchu\u0165 s pln\u00fdm v\u00fdkonom.<\/span><\/p>\n<table>\n<tbody>\n<tr>\n<td><b>Atrib\u00fat<\/b><\/td>\n<td><b>Podrobnosti<\/b><\/td>\n<\/tr>\n<tr>\n<td><b>Obsah na plechovku<\/b><\/td>\n<td><span style=\"font-weight: 400;\">11 g (20 vrec\u00fa\u0161ok)<\/span><\/td>\n<\/tr>\n<tr>\n<td><b>Obsah nikot\u00ednu<\/b><\/td>\n<td><span style=\"font-weight: 400;\">50 mg\/g (27,5 mg na s\u00e1\u010dok)<\/span><\/td>\n<\/tr>\n<tr>\n<td><b>Form\u00e1t vrecka<\/b><\/td>\n<td><span style=\"font-weight: 400;\">Slim<\/span><\/td>\n<\/tr>\n<tr>\n<td><b>V\u00fdrobca<\/b><\/td>\n<td><span style=\"font-weight: 400;\">STNG<\/span><\/td>\n<\/tr>\n<tr>\n<td><b>Pr\u00edchu\u0165<\/b><\/td>\n<td><span style=\"font-weight: 400;\">Berry Seltzer<\/span><\/td>\n<\/tr>\n<tr>\n<td><b>Typ<\/b><\/td>\n<td><span style=\"font-weight: 400;\">Celobiele vrecko<\/span><\/td>\n<\/tr>\n<\/tbody>\n<\/table>","protected":false},"excerpt":{"rendered":"<p>Nikot\u00ednov\u00e9 vrec\u00fa\u0161ka STNG Berry Seltzer Max prin\u00e1\u0161aj\u00fa svie\u017eu, pikantn\u00fa chu\u0165 <strong data-start=\"63\" data-end=\"80\">Berry Seltzer<\/strong> chu\u0165 so \u017eivou zmesou lesn\u00fdch plodov a \u0161umiv\u00fdm pocitom. <strong data-start=\"138\" data-end=\"146\">Slim<\/strong>, \u00faplne biely form\u00e1t pre diskr\u00e9tne pohodlie pod perami a \u010dist\u00e9 uvo\u013enenie. Ka\u017ed\u00e9 vrecko obsahuje <strong data-start=\"241\" data-end=\"261\">27,5 mg nikot\u00ednu<\/strong>.<\/p>","protected":false},"featured_media":27185,"comment_status":"open","ping_status":"closed","template":"","format":[206],"meta":{"_acf_changed":false},"product_brand":[],"product_cat":[111],"product_tag":[16445,17003],"flavours":[191,196],"nicotine":[226,233],"class_list":{"0":"post-10496","1":"product","2":"type-product","3":"status-publish","4":"has-post-thumbnail","6":"product_cat-stng","7":"product_tag-20-off","8":"product_tag-27-5-mg-pouch","9":"pa_quantity-1-pack","10":"pa_quantity-10-pack","11":"pa_quantity-3-pack","12":"pa_quantity-30-pack","13":"pa_quantity-5-pack","14":"pa_quantity-60-pack","15":"flavours-cocktails","16":"flavours-fruits-berries","17":"format-slim","18":"nicotine-50-mg-g","19":"nicotine-extreme","21":"first","22":"instock","23":"sale","24":"taxable","25":"shipping-taxable","26":"purchasable","27":"product-type-variable"},"acf":[],"_links":{"self":[{"href":"https:\/\/whitelip.com\/sk\/wp-json\/wp\/v2\/product\/10496","targetHints":{"allow":["GET"]}}],"collection":[{"href":"https:\/\/whitelip.com\/sk\/wp-json\/wp\/v2\/product"}],"about":[{"href":"https:\/\/whitelip.com\/sk\/wp-json\/wp\/v2\/types\/product"}],"replies":[{"embeddable":true,"href":"https:\/\/whitelip.com\/sk\/wp-json\/wp\/v2\/comments?post=10496"}],"wp:featuredmedia":[{"embeddable":true,"href":"https:\/\/whitelip.com\/sk\/wp-json\/wp\/v2\/media\/27185"}],"wp:attachment":[{"href":"https:\/\/whitelip.com\/sk\/wp-json\/wp\/v2\/media?parent=10496"}],"wp:term":[{"taxonomy":"product_brand","embeddable":true,"href":"https:\/\/whitelip.com\/sk\/wp-json\/wp\/v2\/product_brand?post=10496"},{"taxonomy":"product_cat","embeddable":true,"href":"https:\/\/whitelip.com\/sk\/wp-json\/wp\/v2\/product_cat?post=10496"},{"taxonomy":"product_tag","embeddable":true,"href":"https:\/\/whitelip.com\/sk\/wp-json\/wp\/v2\/product_tag?post=10496"},{"taxonomy":"flavours","embeddable":true,"href":"https:\/\/whitelip.com\/sk\/wp-json\/wp\/v2\/flavours?post=10496"},{"taxonomy":"format","embeddable":true,"href":"https:\/\/whitelip.com\/sk\/wp-json\/wp\/v2\/format?post=10496"},{"taxonomy":"nicotine","embeddable":true,"href":"https:\/\/whitelip.com\/sk\/wp-json\/wp\/v2\/nicotine?post=10496"}],"curies":[{"name":"wp","href":"https:\/\/api.w.org\/{rel}","templated":true}]}}