{"id":10461,"date":"2025-04-17T11:47:31","date_gmt":"2025-04-17T11:47:31","guid":{"rendered":"https:\/\/whitelip.com\/stng-raspberry-medium\/"},"modified":"2026-03-30T21:33:37","modified_gmt":"2026-03-30T21:33:37","slug":"stng-raspberry-medium","status":"publish","type":"product","link":"https:\/\/whitelip.com\/sk\/stng\/stng-raspberry-medium\/","title":{"rendered":"STNG Malinov\u00e1 stredn\u00e1"},"content":{"rendered":"<h2><strong>STNG Malinov\u00e1 stredn\u00e1<\/strong><\/h2>\n<p>Nikot\u00ednov\u00e9 vrec\u00fa\u0161ka STNG Raspberry Medium pon\u00fakaj\u00fa \u017eiv\u00fa a \u0161\u0165avnat\u00fa malinov\u00fa pr\u00edchu\u0165, ktor\u00e1 dosahuje dokonal\u00fa rovnov\u00e1hu medzi prirodzenou sladkos\u0165ou a trpk\u00fdmi t\u00f3nmi bobu\u013eovit\u00e9ho ovocia. V\u010faka sile nikot\u00ednu prisp\u00f4sobenej pre stredne intenz\u00edvnych u\u017e\u00edvate\u013eov dod\u00e1va ka\u017ed\u00e9 tenk\u00e9, celobiele vrec\u00fa\u0161ko uspokojiv\u00fdch 9,2 mg nikot\u00ednu. Tieto vrec\u00fa\u0161ka bez tabaku, diskr\u00e9tne a pohodln\u00e9 pod perou, poskytuj\u00fa \u010dist\u00fd, aromatick\u00fd z\u00e1\u017eitok bez zafarbenia zubov. Toto vrec\u00fa\u0161ko vyroben\u00e9 spolo\u010dnos\u0165ou STNG sp\u00e1ja v\u00fdrazn\u00fa chu\u0165 so spo\u013eahlivou kvalitou pre ka\u017edodenn\u00fa spokojnos\u0165.<\/p>\n<table>\n<tbody>\n<tr>\n<td><b>Atrib\u00fat<\/b><\/td>\n<td><b>Podrobnosti<\/b><\/td>\n<\/tr>\n<tr>\n<td><b>Obsah na plechovku<\/b><\/td>\n<td><span style=\"font-weight: 400;\">11 g (20 vrec\u00fa\u0161ok)<\/span><\/td>\n<\/tr>\n<tr>\n<td><b>Obsah nikot\u00ednu<\/b><\/td>\n<td><span style=\"font-weight: 400;\">16,7 mg\/g (9,2 mg na s\u00e1\u010dok)<\/span><\/td>\n<\/tr>\n<tr>\n<td><b>Form\u00e1t vrecka<\/b><\/td>\n<td><span style=\"font-weight: 400;\">Slim<\/span><\/td>\n<\/tr>\n<tr>\n<td><b>V\u00fdrobca<\/b><\/td>\n<td><span style=\"font-weight: 400;\">STNG<\/span><\/td>\n<\/tr>\n<tr>\n<td><b>Pr\u00edchu\u0165<\/b><\/td>\n<td><span style=\"font-weight: 400;\">Maliny<\/span><\/td>\n<\/tr>\n<tr>\n<td><b>Typ<\/b><\/td>\n<td><span style=\"font-weight: 400;\">Celobiele vrecko<\/span><\/td>\n<\/tr>\n<\/tbody>\n<\/table>","protected":false},"excerpt":{"rendered":"<p>STNG Raspberry Medium nikot\u00ednov\u00e9 vrec\u00fa\u0161ka prin\u00e1\u0161aj\u00fa \u017eiv\u00fa, \u0161\u0165avnat\u00fa <strong data-start=\"64\" data-end=\"77\">Maliny<\/strong> s vyv\u00e1\u017eenou sladko-trpkou chu\u0165ou. <strong data-start=\"121\" data-end=\"129\">Slim<\/strong>, \u00faplne biely form\u00e1t pre diskr\u00e9tne pohodlie pod perami. Ka\u017ed\u00e9 vrecko obsahuje <strong data-start=\"204\" data-end=\"223\">9,2 mg nikot\u00ednu<\/strong>. \u010cist\u00fd z\u00e1\u017eitok bez tabaku pre ka\u017edodenn\u00fa spokojnos\u0165.<\/p>","protected":false},"featured_media":27178,"comment_status":"open","ping_status":"closed","template":"","format":[206],"meta":{"_acf_changed":false},"product_brand":[],"product_cat":[111],"product_tag":[17002],"flavours":[196],"nicotine":[214,232],"class_list":{"0":"post-10461","1":"product","2":"type-product","3":"status-publish","4":"has-post-thumbnail","6":"product_cat-stng","7":"product_tag-9-2-mg-pouch","8":"pa_quantity-1-pack","9":"pa_quantity-10-pack","10":"pa_quantity-3-pack","11":"pa_quantity-30-pack","12":"pa_quantity-5-pack","13":"pa_quantity-60-pack","14":"flavours-fruits-berries","15":"format-slim","16":"nicotine-17-mg-g","17":"nicotine-extra-strong","19":"first","20":"outofstock","21":"taxable","22":"shipping-taxable","23":"purchasable","24":"product-type-variable"},"acf":[],"_links":{"self":[{"href":"https:\/\/whitelip.com\/sk\/wp-json\/wp\/v2\/product\/10461","targetHints":{"allow":["GET"]}}],"collection":[{"href":"https:\/\/whitelip.com\/sk\/wp-json\/wp\/v2\/product"}],"about":[{"href":"https:\/\/whitelip.com\/sk\/wp-json\/wp\/v2\/types\/product"}],"replies":[{"embeddable":true,"href":"https:\/\/whitelip.com\/sk\/wp-json\/wp\/v2\/comments?post=10461"}],"wp:featuredmedia":[{"embeddable":true,"href":"https:\/\/whitelip.com\/sk\/wp-json\/wp\/v2\/media\/27178"}],"wp:attachment":[{"href":"https:\/\/whitelip.com\/sk\/wp-json\/wp\/v2\/media?parent=10461"}],"wp:term":[{"taxonomy":"product_brand","embeddable":true,"href":"https:\/\/whitelip.com\/sk\/wp-json\/wp\/v2\/product_brand?post=10461"},{"taxonomy":"product_cat","embeddable":true,"href":"https:\/\/whitelip.com\/sk\/wp-json\/wp\/v2\/product_cat?post=10461"},{"taxonomy":"product_tag","embeddable":true,"href":"https:\/\/whitelip.com\/sk\/wp-json\/wp\/v2\/product_tag?post=10461"},{"taxonomy":"flavours","embeddable":true,"href":"https:\/\/whitelip.com\/sk\/wp-json\/wp\/v2\/flavours?post=10461"},{"taxonomy":"format","embeddable":true,"href":"https:\/\/whitelip.com\/sk\/wp-json\/wp\/v2\/format?post=10461"},{"taxonomy":"nicotine","embeddable":true,"href":"https:\/\/whitelip.com\/sk\/wp-json\/wp\/v2\/nicotine?post=10461"}],"curies":[{"name":"wp","href":"https:\/\/api.w.org\/{rel}","templated":true}]}}