{"id":10451,"date":"2025-04-16T13:12:05","date_gmt":"2025-04-16T13:12:05","guid":{"rendered":"https:\/\/whitelip.com\/pablo-exclusive-frosted-ice-50mg\/"},"modified":"2026-04-29T12:09:02","modified_gmt":"2026-04-29T12:09:02","slug":"pablo-exclusive-frosted-ice-50mg","status":"publish","type":"product","link":"https:\/\/whitelip.com\/sk\/pablo\/pablo-exclusive-frosted-ice-50mg\/","title":{"rendered":"PABLO Exclusive Frosted Ice 50mg"},"content":{"rendered":"<h2><strong>PABLO Exclusive Frosted Ice 50mg<\/strong><\/h2>\n<p class=\"\" data-start=\"100\" data-end=\"587\">Exkluz\u00edvne vrec\u00fa\u0161ka PABLO Frosted Ice 50 mg nikot\u00ednu prin\u00e1\u0161aj\u00fa mimoriadne osvie\u017euj\u00faci arktick\u00fd z\u00e1van m\u00e4ty, ktor\u00fd silno zasiahne a r\u00fdchlo ochlad\u00ed. Tieto tenk\u00e9 vrec\u00fa\u0161ka bez tabaku, ur\u010den\u00e9 pre sk\u00fasen\u00fdch u\u017e\u00edvate\u013eov, kombinuj\u00fa svie\u017eu, mraziv\u00fa chu\u0165 s extr\u00e9mne siln\u00fdm nikot\u00ednom pre odv\u00e1\u017eny a energizuj\u00faci z\u00e1\u017eitok.<\/p>\n<table>\n<tbody>\n<tr>\n<td><b>Atrib\u00fat<\/b><\/td>\n<td><b>Podrobnosti<\/b><\/td>\n<\/tr>\n<tr>\n<td><b>Obsah na plechovku<\/b><\/td>\n<td><span style=\"font-weight: 400;\">15 g (20 vrec\u00fa\u0161ok)<\/span><\/td>\n<\/tr>\n<tr>\n<td><b>Obsah nikot\u00ednu<\/b><\/td>\n<td><span style=\"font-weight: 400;\">50 mg\/g (30 mg na vrecko)<\/span><\/td>\n<\/tr>\n<tr>\n<td><b>Form\u00e1t vrecka<\/b><\/td>\n<td><span style=\"font-weight: 400;\">Slim<\/span><\/td>\n<\/tr>\n<tr>\n<td><b>V\u00fdrobca<\/b><\/td>\n<td><span style=\"font-weight: 400;\">Imp\u00e9rium N.G.P<\/span><\/td>\n<\/tr>\n<tr>\n<td><b>Pr\u00edchu\u0165<\/b><\/td>\n<td><span style=\"font-weight: 400;\">Frosted Ice (Siln\u00e1, \u013eadov\u00e1 m\u00e4ta)<\/span><\/td>\n<\/tr>\n<tr>\n<td><b>Typ<\/b><\/td>\n<td><span style=\"font-weight: 400;\">Celobiele vrecko, bez tabaku<\/span><\/td>\n<\/tr>\n<\/tbody>\n<\/table>","protected":false},"excerpt":{"rendered":"<p>Exkluz\u00edvne vrec\u00fa\u0161ka PABLO Frosted Ice 50 mg nikot\u00ednu poskytuj\u00fa mimoriadne osvie\u017euj\u00faci <strong data-start=\"78\" data-end=\"93\">Mrazen\u00fd \u013ead<\/strong> m\u00e4ta s chrumkav\u00fdm, r\u00fdchlo chladiacim z\u00e1sahom. <strong data-start=\"131\" data-end=\"139\">Slim<\/strong>, form\u00e1t bez tabaku na diskr\u00e9tne a \u010dist\u00e9 pou\u017e\u00edvanie. Ka\u017ed\u00e9 vrecko obsahuje <strong>30 mg nikot\u00ednu<\/strong>. Vytvoren\u00e9 pre sk\u00fasen\u00fdch pou\u017e\u00edvate\u013eov, ktor\u00ed h\u013eadaj\u00fa \u010dist\u00fa, \u013eadov\u00fa intenzitu.<\/p>","protected":false},"featured_media":10452,"comment_status":"open","ping_status":"closed","template":"","format":[206],"meta":{"_acf_changed":false},"product_brand":[],"product_cat":[44],"product_tag":[16605],"flavours":[199],"nicotine":[226,233],"class_list":{"0":"post-10451","1":"product","2":"type-product","3":"status-publish","4":"has-post-thumbnail","6":"product_cat-pablo","7":"product_tag-30-mg-pouch","8":"pa_quantity-1-pack","9":"pa_quantity-10-pack","10":"pa_quantity-3-pack","11":"pa_quantity-30-pack","12":"pa_quantity-5-pack","13":"pa_quantity-60-pack","14":"flavours-mint","15":"format-slim","16":"nicotine-50-mg-g","17":"nicotine-extreme","19":"first","20":"instock","21":"taxable","22":"shipping-taxable","23":"purchasable","24":"product-type-variable","25":"has-default-attributes"},"acf":[],"_links":{"self":[{"href":"https:\/\/whitelip.com\/sk\/wp-json\/wp\/v2\/product\/10451","targetHints":{"allow":["GET"]}}],"collection":[{"href":"https:\/\/whitelip.com\/sk\/wp-json\/wp\/v2\/product"}],"about":[{"href":"https:\/\/whitelip.com\/sk\/wp-json\/wp\/v2\/types\/product"}],"replies":[{"embeddable":true,"href":"https:\/\/whitelip.com\/sk\/wp-json\/wp\/v2\/comments?post=10451"}],"wp:featuredmedia":[{"embeddable":true,"href":"https:\/\/whitelip.com\/sk\/wp-json\/wp\/v2\/media\/10452"}],"wp:attachment":[{"href":"https:\/\/whitelip.com\/sk\/wp-json\/wp\/v2\/media?parent=10451"}],"wp:term":[{"taxonomy":"product_brand","embeddable":true,"href":"https:\/\/whitelip.com\/sk\/wp-json\/wp\/v2\/product_brand?post=10451"},{"taxonomy":"product_cat","embeddable":true,"href":"https:\/\/whitelip.com\/sk\/wp-json\/wp\/v2\/product_cat?post=10451"},{"taxonomy":"product_tag","embeddable":true,"href":"https:\/\/whitelip.com\/sk\/wp-json\/wp\/v2\/product_tag?post=10451"},{"taxonomy":"flavours","embeddable":true,"href":"https:\/\/whitelip.com\/sk\/wp-json\/wp\/v2\/flavours?post=10451"},{"taxonomy":"format","embeddable":true,"href":"https:\/\/whitelip.com\/sk\/wp-json\/wp\/v2\/format?post=10451"},{"taxonomy":"nicotine","embeddable":true,"href":"https:\/\/whitelip.com\/sk\/wp-json\/wp\/v2\/nicotine?post=10451"}],"curies":[{"name":"wp","href":"https:\/\/api.w.org\/{rel}","templated":true}]}}